{"id":7483,"date":"2026-05-13T17:20:34","date_gmt":"2026-05-13T15:20:34","guid":{"rendered":"https:\/\/centre-medical-araucaria.be\/het-team\/dr-mtanes-jad-rashed\/"},"modified":"2026-05-13T17:25:02","modified_gmt":"2026-05-13T15:25:02","slug":"dr-mtanes-jad-rashed","status":"publish","type":"page","link":"https:\/\/centre-medical-araucaria.be\/nl\/het-team\/dr-mtanes-jad-rashed\/","title":{"rendered":"Dr. Mtanes Jad Rashed"},"content":{"rendered":"<div class=\"wpb-content-wrapper\"><p>[vc_row][vc_column][vc_row_inner content_placement=&#8221;middle&#8221;][vc_column_inner width=&#8221;1\/2&#8243;][vc_single_image image=&#8221;7482&#8243; img_size=&#8221;large&#8221; alignment=&#8221;center&#8221; style=&#8221;vc_box_circle_2&#8243; onclick=&#8221;custom_link&#8221; img_link_target=&#8221;_blank&#8221; css=&#8221;.vc_custom_1778685356893{border-top-width: 50px !important;border-right-width: 50px !important;border-bottom-width: 50px !important;border-left-width: 50px !important;}&#8221; link=&#8221;https:\/\/www.doctoranytime.be\/d\/orthodontiste\/mtanes-rashed?h=centre-medical-araucaria&#8221;][\/vc_column_inner][vc_column_inner width=&#8221;1\/2&#8243;][vc_column_text css=&#8221;&#8221;]<\/p>\n<p style=\"text-align: center;\">Orthodontie<\/p>\n<p>[\/vc_column_text][vc_column_text css=&#8221;&#8221;]<\/p>\n<h1 class=\"page-title on-shop\" style=\"text-align: center;\">Dr. Mtanes<br \/>\nJad Rashed<\/h1>\n<p>[\/vc_column_text][vc_column_text css=&#8221;&#8221; el_class=&#8221;reservez-button-cont&#8221;]<a class=\"reservez-button\" href=\"https:\/\/www.doctoranytime.be\/d\/orthodontiste\/mtanes-rashed?h=centre-medical-araucaria\" target=\"_blank\" rel=\"noopener\">Een afspraak maken<\/a>[\/vc_column_text][\/vc_column_inner][\/vc_row_inner][vc_separator][vc_row_inner][vc_column_inner][vc_column_text css=&#8221;&#8221;]Als specialist in orthodontologie, werkzaam in Belgi\u00eb, begeleid ik kinderen, tieners en volwassenen bij het opstellen van een behandelplan op maat. Ik ben afgestudeerd aan de Universiteit van Transsylvani\u00eb en maak gebruik van de nieuwste technologie\u00ebn \u2013 van 3D digitale planning tot transparante aligners en multibracket-apparaten \u2013 om optimale resultaten te garanderen. Mijn klinische aanpak is gebaseerd op drie pijlers: medische precisie, esthetische perfectie en aandachtig luisteren. Ik spreek meerdere talen en streef ernaar om zowel lokale als internationale pati\u00ebnten een comfortabele zorg en vlotte communicatie te bieden.[\/vc_column_text][\/vc_column_inner][\/vc_row_inner][\/vc_column][\/vc_row]<\/p>\n<\/div>","protected":false},"excerpt":{"rendered":"<p>[vc_row][vc_column][vc_row_inner content_placement=&#8221;middle&#8221;][vc_column_inner width=&#8221;1\/2&#8243;][vc_single_image image=&#8221;7482&#8243; img_size=&#8221;large&#8221; alignment=&#8221;center&#8221; style=&#8221;vc_box_circle_2&#8243; onclick=&#8221;custom_link&#8221; img_link_target=&#8221;_blank&#8221; css=&#8221;.vc_custom_1778685356893{border-top-width: 50px !important;border-right-width: 50px !important;border-bottom-width: 50px !important;border-left-width: 50px !important;}&#8221; link=&#8221;https:\/\/www.doctoranytime.be\/d\/orthodontiste\/mtanes-rashed?h=centre-medical-araucaria&#8221;][\/vc_column_inner][vc_column_inner width=&#8221;1\/2&#8243;][vc_column_text css=&#8221;&#8221;] Orthodontie [\/vc_column_text][vc_column_text css=&#8221;&#8221;] Dr. Mtanes Jad Rashed [\/vc_column_text][vc_column_text css=&#8221;&#8221; el_class=&#8221;reservez-button-cont&#8221;]Een afspraak maken[\/vc_column_text][\/vc_column_inner][\/vc_row_inner][vc_separator][vc_row_inner][vc_column_inner][vc_column_text css=&#8221;&#8221;]Als specialist in orthodontologie, werkzaam in Belgi\u00eb, begeleid ik kinderen, tieners en volwassenen bij het opstellen van een behandelplan op maat. Ik [&hellip;]<\/p>\n","protected":false},"author":2,"featured_media":0,"parent":4528,"menu_order":0,"comment_status":"closed","ping_status":"closed","template":"page-boxed.php","meta":{"footnotes":""},"class_list":["post-7483","page","type-page","status-publish","hentry"],"yoast_head":"<!-- This site is optimized with the Yoast SEO plugin v27.6 - https:\/\/yoast.com\/product\/yoast-seo-wordpress\/ -->\n<title>Dr. Mtanes Jad Rashed - Center M\u00e9dical Araucaria<\/title>\n<meta name=\"description\" content=\"Als specialist in orthodontologie in Belgi\u00eb is het mijn missie om glimlachen te cre\u00ebren die zowel esthetisch als functioneel zijn, voor kinderen \u00e9n volwassenen.\" \/>\n<meta name=\"robots\" content=\"index, follow, max-snippet:-1, max-image-preview:large, max-video-preview:-1\" \/>\n<link rel=\"canonical\" href=\"https:\/\/centre-medical-araucaria.be\/nl\/het-team\/dr-mtanes-jad-rashed\/\" \/>\n<meta property=\"og:locale\" content=\"nl_NL\" \/>\n<meta property=\"og:type\" content=\"article\" \/>\n<meta property=\"og:title\" content=\"Dr. Mtanes Jad Rashed - Center M\u00e9dical Araucaria\" \/>\n<meta property=\"og:description\" content=\"Als specialist in orthodontologie in Belgi\u00eb is het mijn missie om glimlachen te cre\u00ebren die zowel esthetisch als functioneel zijn, voor kinderen \u00e9n volwassenen.\" \/>\n<meta property=\"og:url\" content=\"https:\/\/centre-medical-araucaria.be\/nl\/het-team\/dr-mtanes-jad-rashed\/\" \/>\n<meta property=\"og:site_name\" content=\"Center M\u00e9dical Araucaria\" \/>\n<meta property=\"article:modified_time\" content=\"2026-05-13T15:25:02+00:00\" \/>\n<meta name=\"twitter:card\" content=\"summary_large_image\" \/>\n<meta name=\"twitter:label1\" content=\"Geschatte leestijd\" \/>\n\t<meta name=\"twitter:data1\" content=\"1 minuut\" \/>\n<script type=\"application\/ld+json\" class=\"yoast-schema-graph\">{\"@context\":\"https:\\\/\\\/schema.org\",\"@graph\":[{\"@type\":\"WebPage\",\"@id\":\"https:\\\/\\\/centre-medical-araucaria.be\\\/nl\\\/het-team\\\/dr-mtanes-jad-rashed\\\/\",\"url\":\"https:\\\/\\\/centre-medical-araucaria.be\\\/nl\\\/het-team\\\/dr-mtanes-jad-rashed\\\/\",\"name\":\"Dr. Mtanes Jad Rashed - Center M\u00e9dical Araucaria\",\"isPartOf\":{\"@id\":\"https:\\\/\\\/centre-medical-araucaria.be\\\/nl\\\/#website\"},\"datePublished\":\"2026-05-13T15:20:34+00:00\",\"dateModified\":\"2026-05-13T15:25:02+00:00\",\"description\":\"Als specialist in orthodontologie in Belgi\u00eb is het mijn missie om glimlachen te cre\u00ebren die zowel esthetisch als functioneel zijn, voor kinderen \u00e9n volwassenen.\",\"breadcrumb\":{\"@id\":\"https:\\\/\\\/centre-medical-araucaria.be\\\/nl\\\/het-team\\\/dr-mtanes-jad-rashed\\\/#breadcrumb\"},\"inLanguage\":\"nl-NL\",\"potentialAction\":[{\"@type\":\"ReadAction\",\"target\":[\"https:\\\/\\\/centre-medical-araucaria.be\\\/nl\\\/het-team\\\/dr-mtanes-jad-rashed\\\/\"]}]},{\"@type\":\"BreadcrumbList\",\"@id\":\"https:\\\/\\\/centre-medical-araucaria.be\\\/nl\\\/het-team\\\/dr-mtanes-jad-rashed\\\/#breadcrumb\",\"itemListElement\":[{\"@type\":\"ListItem\",\"position\":1,\"name\":\"Accueil\",\"item\":\"https:\\\/\\\/centre-medical-araucaria.be\\\/nl\\\/\"},{\"@type\":\"ListItem\",\"position\":2,\"name\":\"het team\",\"item\":\"https:\\\/\\\/centre-medical-araucaria.be\\\/nl\\\/het-team\\\/\"},{\"@type\":\"ListItem\",\"position\":3,\"name\":\"Dr. Mtanes Jad Rashed\"}]},{\"@type\":\"WebSite\",\"@id\":\"https:\\\/\\\/centre-medical-araucaria.be\\\/nl\\\/#website\",\"url\":\"https:\\\/\\\/centre-medical-araucaria.be\\\/nl\\\/\",\"name\":\"Center M\u00e9dical Araucaria\",\"description\":\"Le Centre M\u00e9dical Araucaria est une clinique m\u00e9dicale situ\u00e9e \u00e0 Laeken qui r\u00e9unit diff\u00e9rentes sp\u00e9cialit\u00e9s..\",\"publisher\":{\"@id\":\"https:\\\/\\\/centre-medical-araucaria.be\\\/nl\\\/#organization\"},\"potentialAction\":[{\"@type\":\"SearchAction\",\"target\":{\"@type\":\"EntryPoint\",\"urlTemplate\":\"https:\\\/\\\/centre-medical-araucaria.be\\\/nl\\\/?s={search_term_string}\"},\"query-input\":{\"@type\":\"PropertyValueSpecification\",\"valueRequired\":true,\"valueName\":\"search_term_string\"}}],\"inLanguage\":\"nl-NL\"},{\"@type\":\"Organization\",\"@id\":\"https:\\\/\\\/centre-medical-araucaria.be\\\/nl\\\/#organization\",\"name\":\"Centre m\u00e9dical Araucaria\",\"url\":\"https:\\\/\\\/centre-medical-araucaria.be\\\/nl\\\/\",\"logo\":{\"@type\":\"ImageObject\",\"inLanguage\":\"nl-NL\",\"@id\":\"https:\\\/\\\/centre-medical-araucaria.be\\\/nl\\\/#\\\/schema\\\/logo\\\/image\\\/\",\"url\":\"https:\\\/\\\/centre-medical-araucaria.be\\\/wp-content\\\/uploads\\\/2022\\\/02\\\/Centre_Medical_Araucaria_LOGO-web-1.png\",\"contentUrl\":\"https:\\\/\\\/centre-medical-araucaria.be\\\/wp-content\\\/uploads\\\/2022\\\/02\\\/Centre_Medical_Araucaria_LOGO-web-1.png\",\"width\":594,\"height\":200,\"caption\":\"Centre m\u00e9dical Araucaria\"},\"image\":{\"@id\":\"https:\\\/\\\/centre-medical-araucaria.be\\\/nl\\\/#\\\/schema\\\/logo\\\/image\\\/\"}}]}<\/script>\n<!-- \/ Yoast SEO plugin. -->","yoast_head_json":{"title":"Dr. Mtanes Jad Rashed - Center M\u00e9dical Araucaria","description":"Als specialist in orthodontologie in Belgi\u00eb is het mijn missie om glimlachen te cre\u00ebren die zowel esthetisch als functioneel zijn, voor kinderen \u00e9n volwassenen.","robots":{"index":"index","follow":"follow","max-snippet":"max-snippet:-1","max-image-preview":"max-image-preview:large","max-video-preview":"max-video-preview:-1"},"canonical":"https:\/\/centre-medical-araucaria.be\/nl\/het-team\/dr-mtanes-jad-rashed\/","og_locale":"nl_NL","og_type":"article","og_title":"Dr. Mtanes Jad Rashed - Center M\u00e9dical Araucaria","og_description":"Als specialist in orthodontologie in Belgi\u00eb is het mijn missie om glimlachen te cre\u00ebren die zowel esthetisch als functioneel zijn, voor kinderen \u00e9n volwassenen.","og_url":"https:\/\/centre-medical-araucaria.be\/nl\/het-team\/dr-mtanes-jad-rashed\/","og_site_name":"Center M\u00e9dical Araucaria","article_modified_time":"2026-05-13T15:25:02+00:00","twitter_card":"summary_large_image","twitter_misc":{"Geschatte leestijd":"1 minuut"},"schema":{"@context":"https:\/\/schema.org","@graph":[{"@type":"WebPage","@id":"https:\/\/centre-medical-araucaria.be\/nl\/het-team\/dr-mtanes-jad-rashed\/","url":"https:\/\/centre-medical-araucaria.be\/nl\/het-team\/dr-mtanes-jad-rashed\/","name":"Dr. Mtanes Jad Rashed - Center M\u00e9dical Araucaria","isPartOf":{"@id":"https:\/\/centre-medical-araucaria.be\/nl\/#website"},"datePublished":"2026-05-13T15:20:34+00:00","dateModified":"2026-05-13T15:25:02+00:00","description":"Als specialist in orthodontologie in Belgi\u00eb is het mijn missie om glimlachen te cre\u00ebren die zowel esthetisch als functioneel zijn, voor kinderen \u00e9n volwassenen.","breadcrumb":{"@id":"https:\/\/centre-medical-araucaria.be\/nl\/het-team\/dr-mtanes-jad-rashed\/#breadcrumb"},"inLanguage":"nl-NL","potentialAction":[{"@type":"ReadAction","target":["https:\/\/centre-medical-araucaria.be\/nl\/het-team\/dr-mtanes-jad-rashed\/"]}]},{"@type":"BreadcrumbList","@id":"https:\/\/centre-medical-araucaria.be\/nl\/het-team\/dr-mtanes-jad-rashed\/#breadcrumb","itemListElement":[{"@type":"ListItem","position":1,"name":"Accueil","item":"https:\/\/centre-medical-araucaria.be\/nl\/"},{"@type":"ListItem","position":2,"name":"het team","item":"https:\/\/centre-medical-araucaria.be\/nl\/het-team\/"},{"@type":"ListItem","position":3,"name":"Dr. Mtanes Jad Rashed"}]},{"@type":"WebSite","@id":"https:\/\/centre-medical-araucaria.be\/nl\/#website","url":"https:\/\/centre-medical-araucaria.be\/nl\/","name":"Center M\u00e9dical Araucaria","description":"Le Centre M\u00e9dical Araucaria est une clinique m\u00e9dicale situ\u00e9e \u00e0 Laeken qui r\u00e9unit diff\u00e9rentes sp\u00e9cialit\u00e9s..","publisher":{"@id":"https:\/\/centre-medical-araucaria.be\/nl\/#organization"},"potentialAction":[{"@type":"SearchAction","target":{"@type":"EntryPoint","urlTemplate":"https:\/\/centre-medical-araucaria.be\/nl\/?s={search_term_string}"},"query-input":{"@type":"PropertyValueSpecification","valueRequired":true,"valueName":"search_term_string"}}],"inLanguage":"nl-NL"},{"@type":"Organization","@id":"https:\/\/centre-medical-araucaria.be\/nl\/#organization","name":"Centre m\u00e9dical Araucaria","url":"https:\/\/centre-medical-araucaria.be\/nl\/","logo":{"@type":"ImageObject","inLanguage":"nl-NL","@id":"https:\/\/centre-medical-araucaria.be\/nl\/#\/schema\/logo\/image\/","url":"https:\/\/centre-medical-araucaria.be\/wp-content\/uploads\/2022\/02\/Centre_Medical_Araucaria_LOGO-web-1.png","contentUrl":"https:\/\/centre-medical-araucaria.be\/wp-content\/uploads\/2022\/02\/Centre_Medical_Araucaria_LOGO-web-1.png","width":594,"height":200,"caption":"Centre m\u00e9dical Araucaria"},"image":{"@id":"https:\/\/centre-medical-araucaria.be\/nl\/#\/schema\/logo\/image\/"}}]}},"_links":{"self":[{"href":"https:\/\/centre-medical-araucaria.be\/nl\/wp-json\/wp\/v2\/pages\/7483","targetHints":{"allow":["GET"]}}],"collection":[{"href":"https:\/\/centre-medical-araucaria.be\/nl\/wp-json\/wp\/v2\/pages"}],"about":[{"href":"https:\/\/centre-medical-araucaria.be\/nl\/wp-json\/wp\/v2\/types\/page"}],"author":[{"embeddable":true,"href":"https:\/\/centre-medical-araucaria.be\/nl\/wp-json\/wp\/v2\/users\/2"}],"replies":[{"embeddable":true,"href":"https:\/\/centre-medical-araucaria.be\/nl\/wp-json\/wp\/v2\/comments?post=7483"}],"version-history":[{"count":6,"href":"https:\/\/centre-medical-araucaria.be\/nl\/wp-json\/wp\/v2\/pages\/7483\/revisions"}],"predecessor-version":[{"id":7497,"href":"https:\/\/centre-medical-araucaria.be\/nl\/wp-json\/wp\/v2\/pages\/7483\/revisions\/7497"}],"up":[{"embeddable":true,"href":"https:\/\/centre-medical-araucaria.be\/nl\/wp-json\/wp\/v2\/pages\/4528"}],"wp:attachment":[{"href":"https:\/\/centre-medical-araucaria.be\/nl\/wp-json\/wp\/v2\/media?parent=7483"}],"curies":[{"name":"wp","href":"https:\/\/api.w.org\/{rel}","templated":true}]}}