{"id":6828,"date":"2025-11-24T16:32:29","date_gmt":"2025-11-24T15:32:29","guid":{"rendered":"https:\/\/centre-medical-araucaria.be\/huisartsgeneeskunde\/"},"modified":"2026-03-29T19:13:01","modified_gmt":"2026-03-29T17:13:01","slug":"huisartsgeneeskunde","status":"publish","type":"page","link":"https:\/\/centre-medical-araucaria.be\/nl\/huisartsgeneeskunde\/","title":{"rendered":"Huisartsgeneeskunde"},"content":{"rendered":"<div class=\"wpb-content-wrapper\"><p>[vc_row full_width=&#8221;stretch_row&#8221; css_animation=&#8221;fadeIn&#8221; css=&#8221;.vc_custom_1763997965013{margin-bottom: 25px !important;background-image: url(https:\/\/centre-medical-araucaria.be\/wp-content\/uploads\/2022\/02\/Kinesitherapie-block.jpg?id=3383) !important;background-position: center !important;background-repeat: no-repeat !important;background-size: cover !important;}&#8221;][vc_column][vc_column_text css=&#8221;.vc_custom_1763997922280{padding-top: 100px !important;padding-bottom: 100px !important;}&#8221;]<\/p>\n<h1 style=\"text-align: center;\"><span style=\"font-size: 150%; color: #b3dbc3;\">Huisartsgeneeskunde<\/span><\/h1>\n<p>[\/vc_column_text][\/vc_column][\/vc_row][vc_row content_placement=&#8221;middle&#8221;][vc_column width=&#8221;1\/6&#8243;][\/vc_column][vc_column width=&#8221;1\/3&#8243;][vc_single_image image=&#8221;6983&#8243; img_size=&#8221;large&#8221; alignment=&#8221;center&#8221; style=&#8221;vc_box_circle_2&#8243; onclick=&#8221;custom_link&#8221; img_link_target=&#8221;_blank&#8221; css=&#8221;.vc_custom_1774804317748{border-top-width: 50px !important;border-right-width: 50px !important;border-bottom-width: 50px !important;border-left-width: 50px !important;}&#8221;][\/vc_column][vc_column width=&#8221;1\/3&#8243;][vc_column_text css=&#8221;&#8221;]<\/p>\n<h1 class=\"page-title on-shop\" style=\"text-align: center;\">Sossan Abaneh<\/h1>\n<p>[\/vc_column_text][vc_column_text css=&#8221;&#8221; el_class=&#8221;reservez-button-cont&#8221;]<a class=\"reservez-button\" href=\"https:\/\/www.doctoranytime.be\/d\/medecin-generaliste\/sossan-abaneh\" target=\"_blank\" rel=\"noopener\">Een afspraak maken<\/a>[\/vc_column_text][\/vc_column][vc_column width=&#8221;1\/6&#8243;][\/vc_column][\/vc_row][vc_row][vc_column width=&#8221;1\/6&#8243;][\/vc_column][vc_column width=&#8221;2\/3&#8243;][vc_column_text css=&#8221;&#8221;]<\/p>\n<h2>Huisartsgeneeskunde in Brussel (Laken): Uw Gezondheid, Onze Prioriteit bij Medisch Centrum Araucaria<\/h2>\n<p data-path-to-node=\"3\">Welkom op de pagina gewijd aan Huisartsgeneeskunde van het Medisch Centrum Araucaria, uw lokale gezondheidspartner in het hart van Laken (Brussel).<\/p>\n<p data-path-to-node=\"4\">Ons team van ervaren huisartsen staat klaar om u en uw hele gezin complete en persoonlijke eerstelijnszorg te bieden. Als spil in uw zorgtraject garanderen wij een luisterend oor en een nauwgezette medische opvolging. <\/p>\n<h2>De Essenti\u00eble Diensten van uw Huisarts in Laken<\/h2>\n<p>&nbsp;<\/p>\n<p data-path-to-node=\"7\">De huisarts is uw eerste contactpunt bij gezondheidsproblemen. In Medisch Centrum Araucaria bieden onze artsen een breed scala aan essenti\u00eble diensten voor uw dagelijks welzijn: <\/p>\n<ul data-path-to-node=\"8\">\n<li>\n<p data-path-to-node=\"8,0,0\">Huisartsenconsultaties: Diagnose en behandeling van acute en chronische ziekten (infecties, griep, hoge bloeddruk, diabetes, enz.).<\/p>\n<\/li>\n<li>\n<p data-path-to-node=\"8,1,0\">Preventie en Screening: Periodieke gezondheidscontroles, vaccinatieadvies, screenings (kanker, hart- en vaatziekten, enz.).<\/p>\n<\/li>\n<li>\n<p data-path-to-node=\"8,2,0\">Periodieke en Chronische Opvolging: Beheer van langetermijnbehandelingen en begeleiding bij chronische aandoeningen.<\/p>\n<\/li>\n<li>\n<p data-path-to-node=\"8,3,0\">Medische Attesten: Opstellen van attesten, certificaten van sportgeschiktheid en andere administratieve documenten.<\/p>\n<\/li>\n<li>\n<p data-path-to-node=\"8,4,0\">Basis Pediatrische Zorg: Opvolging van kinderen en advies aan ouders over groei en vaccinatie.<\/p>\n<\/li>\n<li>\n<p data-path-to-node=\"8,5,0\">Doorverwijzing en Co\u00f6rdinatie van Zorg: Indien nodig verwijst uw huisarts u door naar een van de specialisten van Medisch Centrum Araucaria (Cardiologie, Gynaecologie, Dermatologie, Tandheelkunde&#8230;) of naar een andere zorgprofessional.<\/p>\n<\/li>\n<\/ul>\n<hr data-path-to-node=\"9\">\n<h2>Waarom Kiezen voor Huisartsgeneeskunde bij Centrum Araucaria?<\/h2>\n<p>&nbsp;<\/p>\n<p data-path-to-node=\"11\">Door te kiezen voor ons medisch centrum in Laken, profiteert u van verschillende belangrijke voordelen:<\/p>\n<ol start=\"1\" data-path-to-node=\"12\">\n<li>\n<p data-path-to-node=\"12,0,0\">Globale en Menselijke Aanpak: Wij bekijken gezondheid in zijn geheel, rekening houdend met uw voorgeschiedenis, levensstijl en omgeving.<\/p>\n<\/li>\n<li>\n<p data-path-to-node=\"12,1,0\">Gemakkelijke Toegang en Strategische Locatie: Gelegen aan de Araucarialaan in Laken (1020 Brussel), is ons centrum gemakkelijk bereikbaar voor alle inwoners van het Brussels Hoofdstedelijk Gewest.<\/p>\n<\/li>\n<li>\n<p data-path-to-node=\"12,2,0\">Technische Uitrusting en Multidisciplinariteit: Profiteer van de aanwezigheid van talrijke specialismen op \u00e9\u00e9n locatie, wat uw zorgtraject en medische samenwerking vergemakkelijkt.<\/p>\n<\/li>\n<li>\n<p data-path-to-node=\"12,3,0\">Vereenvoudigd Afspraken Maken: Een bereikbaar secretariaat en een online afsprakensysteem stellen u in staat om snel uw arts te raadplegen.<\/p>\n<\/li>\n<\/ol>\n<hr data-path-to-node=\"13\">\n<h2>Maak een Afspraak met Uw Huisarts in Laken<\/h2>\n<p>&nbsp;<\/p>\n<p data-path-to-node=\"15\">Wacht niet langer om voor uw gezondheid te zorgen. Om een afspraak te maken met een van onze huisartsen in Brussel (Laken), heeft u twee opties: <\/p>\n<ul data-path-to-node=\"16\">\n<li>\n<p data-path-to-node=\"16,0,0\">Online: Klik op de knop &#8220;Maak een Afspraak&#8221; om toegang te krijgen tot onze online agenda en de geschikte tijd te kiezen.<\/p>\n<\/li>\n<li>\n<p data-path-to-node=\"16,1,0\">Telefonisch: Contacteer ons secretariaat op 02 425 32 23 van maandag tot vrijdag van 10u00 tot 16u00.<\/p>\n<\/li>\n<\/ul>\n<p data-path-to-node=\"17\">Het Medisch Centrum Araucaria verbindt zich ertoe uw vertrouwde partner voor uw gezondheid te zijn. We kijken ernaar uit u te verwelkomen. <\/p>\n<p>[\/vc_column_text][\/vc_column][vc_column width=&#8221;1\/6&#8243;][\/vc_column][\/vc_row][vc_row full_width=&#8221;stretch_row_content_no_spaces&#8221; css=&#8221;.vc_custom_1645782957724{margin-bottom: -50px !important;}&#8221;][vc_column][vc_gmaps link=&#8221;#E-8_JTNDaWZyYW1lJTIwc3JjJTNEJTIyaHR0cHMlM0ElMkYlMkZ3d3cuZ29vZ2xlLmNvbSUyRm1hcHMlMkZlbWJlZCUzRnBiJTNEJTIxMW0xOCUyMTFtMTIlMjExbTMlMjExZDI1MTYuNDg4ODc2OTM0ODQ3NyUyMTJkNC4zNjEyNzExMTU2MzMxNzclMjEzZDUwLjg5NjE2OTY3OTUzOTM4JTIxMm0zJTIxMWYwJTIxMmYwJTIxM2YwJTIxM20yJTIxMWkxMDI0JTIxMmk3NjglMjE0ZjEzLjElMjEzbTMlMjExbTIlMjExczB4NDdjM2MyNTY1YmMxN2NiYiUyNTNBMHgyNGQwYjQwNjc0ODk4MmQlMjEyc0F2LiUyNTIwZGUlMjUyMGwlMjdBcmF1Y2FyaWElMjUyMDc5JTI1MkMlMjUyMDEwMjAlMjUyMEJydXhlbGxlcyUyNTJDJTI1MjBCZWxnaXVtJTIxNWUwJTIxM20yJTIxMXNlbiUyMTJzbWElMjE0djE2NDUxNzgxMzIzNDYlMjE1bTIlMjExc2VuJTIxMnNtYSUyMiUyMHdpZHRoJTNEJTIyNjAwJTIyJTIwaGVpZ2h0JTNEJTIyNDUwJTIyJTIwc3R5bGUlM0QlMjJib3JkZXIlM0EwJTNCJTIyJTIwYWxsb3dmdWxsc2NyZWVuJTNEJTIyJTIyJTIwbG9hZGluZyUzRCUyMmxhenklMjIlM0UlM0MlMkZpZnJhbWUlM0U=&#8221;][\/vc_column][\/vc_row]<\/p>\n<\/div>","protected":false},"excerpt":{"rendered":"<p>[vc_row full_width=&#8221;stretch_row&#8221; css_animation=&#8221;fadeIn&#8221; css=&#8221;.vc_custom_1763997965013{margin-bottom: 25px !important;background-image: url(https:\/\/centre-medical-araucaria.be\/wp-content\/uploads\/2022\/02\/Kinesitherapie-block.jpg?id=3383) !important;background-position: center !important;background-repeat: no-repeat !important;background-size: cover !important;}&#8221;][vc_column][vc_column_text css=&#8221;.vc_custom_1763997922280{padding-top: 100px !important;padding-bottom: 100px !important;}&#8221;] Huisartsgeneeskunde [\/vc_column_text][\/vc_column][\/vc_row][vc_row content_placement=&#8221;middle&#8221;][vc_column width=&#8221;1\/6&#8243;][\/vc_column][vc_column width=&#8221;1\/3&#8243;][vc_single_image image=&#8221;6983&#8243; img_size=&#8221;large&#8221; alignment=&#8221;center&#8221; style=&#8221;vc_box_circle_2&#8243; onclick=&#8221;custom_link&#8221; img_link_target=&#8221;_blank&#8221; css=&#8221;.vc_custom_1774804317748{border-top-width: 50px !important;border-right-width: 50px !important;border-bottom-width: 50px !important;border-left-width: 50px !important;}&#8221;][\/vc_column][vc_column width=&#8221;1\/3&#8243;][vc_column_text css=&#8221;&#8221;] Sossan Abaneh [\/vc_column_text][vc_column_text css=&#8221;&#8221; el_class=&#8221;reservez-button-cont&#8221;]Een afspraak maken[\/vc_column_text][\/vc_column][vc_column width=&#8221;1\/6&#8243;][\/vc_column][\/vc_row][vc_row][vc_column width=&#8221;1\/6&#8243;][\/vc_column][vc_column width=&#8221;2\/3&#8243;][vc_column_text css=&#8221;&#8221;] Huisartsgeneeskunde in Brussel [&hellip;]<\/p>\n","protected":false},"author":2,"featured_media":0,"parent":0,"menu_order":0,"comment_status":"closed","ping_status":"closed","template":"","meta":{"footnotes":""},"class_list":["post-6828","page","type-page","status-publish","hentry"],"yoast_head":"<!-- This site is optimized with the Yoast SEO plugin v27.3 - https:\/\/yoast.com\/product\/yoast-seo-wordpress\/ -->\n<title>Huisartsgeneeskunde - Center M\u00e9dical Araucaria<\/title>\n<meta name=\"robots\" content=\"index, follow, max-snippet:-1, max-image-preview:large, max-video-preview:-1\" \/>\n<link rel=\"canonical\" href=\"https:\/\/centre-medical-araucaria.be\/nl\/huisartsgeneeskunde\/\" \/>\n<meta property=\"og:locale\" content=\"nl_NL\" \/>\n<meta property=\"og:type\" content=\"article\" \/>\n<meta property=\"og:title\" content=\"Huisartsgeneeskunde - Center M\u00e9dical Araucaria\" \/>\n<meta property=\"og:description\" content=\"[vc_row full_width=&#8221;stretch_row&#8221; css_animation=&#8221;fadeIn&#8221; css=&#8221;.vc_custom_1763997965013{margin-bottom: 25px !important;background-image: url(https:\/\/centre-medical-araucaria.be\/wp-content\/uploads\/2022\/02\/Kinesitherapie-block.jpg?id=3383) !important;background-position: center !important;background-repeat: no-repeat !important;background-size: cover !important;}&#8221;][vc_column][vc_column_text css=&#8221;.vc_custom_1763997922280{padding-top: 100px !important;padding-bottom: 100px !important;}&#8221;] Huisartsgeneeskunde [\/vc_column_text][\/vc_column][\/vc_row][vc_row content_placement=&#8221;middle&#8221;][vc_column width=&#8221;1\/6&#8243;][\/vc_column][vc_column width=&#8221;1\/3&#8243;][vc_single_image image=&#8221;6983&#8243; img_size=&#8221;large&#8221; alignment=&#8221;center&#8221; style=&#8221;vc_box_circle_2&#8243; onclick=&#8221;custom_link&#8221; img_link_target=&#8221;_blank&#8221; css=&#8221;.vc_custom_1774804317748{border-top-width: 50px !important;border-right-width: 50px !important;border-bottom-width: 50px !important;border-left-width: 50px !important;}&#8221;][\/vc_column][vc_column width=&#8221;1\/3&#8243;][vc_column_text css=&#8221;&#8221;] Sossan Abaneh [\/vc_column_text][vc_column_text css=&#8221;&#8221; el_class=&#8221;reservez-button-cont&#8221;]Een afspraak maken[\/vc_column_text][\/vc_column][vc_column width=&#8221;1\/6&#8243;][\/vc_column][\/vc_row][vc_row][vc_column width=&#8221;1\/6&#8243;][\/vc_column][vc_column width=&#8221;2\/3&#8243;][vc_column_text css=&#8221;&#8221;] Huisartsgeneeskunde in Brussel [&hellip;]\" \/>\n<meta property=\"og:url\" content=\"https:\/\/centre-medical-araucaria.be\/nl\/huisartsgeneeskunde\/\" \/>\n<meta property=\"og:site_name\" content=\"Center M\u00e9dical Araucaria\" \/>\n<meta property=\"article:modified_time\" content=\"2026-03-29T17:13:01+00:00\" \/>\n<meta name=\"twitter:card\" content=\"summary_large_image\" \/>\n<meta name=\"twitter:label1\" content=\"Geschatte leestijd\" \/>\n\t<meta name=\"twitter:data1\" content=\"3 minuten\" \/>\n<script type=\"application\/ld+json\" class=\"yoast-schema-graph\">{\"@context\":\"https:\\\/\\\/schema.org\",\"@graph\":[{\"@type\":\"WebPage\",\"@id\":\"https:\\\/\\\/centre-medical-araucaria.be\\\/nl\\\/huisartsgeneeskunde\\\/\",\"url\":\"https:\\\/\\\/centre-medical-araucaria.be\\\/nl\\\/huisartsgeneeskunde\\\/\",\"name\":\"Huisartsgeneeskunde - Center M\u00e9dical Araucaria\",\"isPartOf\":{\"@id\":\"https:\\\/\\\/centre-medical-araucaria.be\\\/nl\\\/#website\"},\"datePublished\":\"2025-11-24T15:32:29+00:00\",\"dateModified\":\"2026-03-29T17:13:01+00:00\",\"breadcrumb\":{\"@id\":\"https:\\\/\\\/centre-medical-araucaria.be\\\/nl\\\/huisartsgeneeskunde\\\/#breadcrumb\"},\"inLanguage\":\"nl-NL\",\"potentialAction\":[{\"@type\":\"ReadAction\",\"target\":[\"https:\\\/\\\/centre-medical-araucaria.be\\\/nl\\\/huisartsgeneeskunde\\\/\"]}]},{\"@type\":\"BreadcrumbList\",\"@id\":\"https:\\\/\\\/centre-medical-araucaria.be\\\/nl\\\/huisartsgeneeskunde\\\/#breadcrumb\",\"itemListElement\":[{\"@type\":\"ListItem\",\"position\":1,\"name\":\"Accueil\",\"item\":\"https:\\\/\\\/centre-medical-araucaria.be\\\/nl\\\/\"},{\"@type\":\"ListItem\",\"position\":2,\"name\":\"Huisartsgeneeskunde\"}]},{\"@type\":\"WebSite\",\"@id\":\"https:\\\/\\\/centre-medical-araucaria.be\\\/nl\\\/#website\",\"url\":\"https:\\\/\\\/centre-medical-araucaria.be\\\/nl\\\/\",\"name\":\"Center M\u00e9dical Araucaria\",\"description\":\"Le Centre M\u00e9dical Araucaria est une clinique m\u00e9dicale situ\u00e9e \u00e0 Laeken qui r\u00e9unit diff\u00e9rentes sp\u00e9cialit\u00e9s..\",\"publisher\":{\"@id\":\"https:\\\/\\\/centre-medical-araucaria.be\\\/nl\\\/#organization\"},\"potentialAction\":[{\"@type\":\"SearchAction\",\"target\":{\"@type\":\"EntryPoint\",\"urlTemplate\":\"https:\\\/\\\/centre-medical-araucaria.be\\\/nl\\\/?s={search_term_string}\"},\"query-input\":{\"@type\":\"PropertyValueSpecification\",\"valueRequired\":true,\"valueName\":\"search_term_string\"}}],\"inLanguage\":\"nl-NL\"},{\"@type\":\"Organization\",\"@id\":\"https:\\\/\\\/centre-medical-araucaria.be\\\/nl\\\/#organization\",\"name\":\"Centre m\u00e9dical Araucaria\",\"url\":\"https:\\\/\\\/centre-medical-araucaria.be\\\/nl\\\/\",\"logo\":{\"@type\":\"ImageObject\",\"inLanguage\":\"nl-NL\",\"@id\":\"https:\\\/\\\/centre-medical-araucaria.be\\\/nl\\\/#\\\/schema\\\/logo\\\/image\\\/\",\"url\":\"https:\\\/\\\/centre-medical-araucaria.be\\\/wp-content\\\/uploads\\\/2022\\\/02\\\/Centre_Medical_Araucaria_LOGO-web-1.png\",\"contentUrl\":\"https:\\\/\\\/centre-medical-araucaria.be\\\/wp-content\\\/uploads\\\/2022\\\/02\\\/Centre_Medical_Araucaria_LOGO-web-1.png\",\"width\":594,\"height\":200,\"caption\":\"Centre m\u00e9dical Araucaria\"},\"image\":{\"@id\":\"https:\\\/\\\/centre-medical-araucaria.be\\\/nl\\\/#\\\/schema\\\/logo\\\/image\\\/\"}}]}<\/script>\n<!-- \/ Yoast SEO plugin. -->","yoast_head_json":{"title":"Huisartsgeneeskunde - Center M\u00e9dical Araucaria","robots":{"index":"index","follow":"follow","max-snippet":"max-snippet:-1","max-image-preview":"max-image-preview:large","max-video-preview":"max-video-preview:-1"},"canonical":"https:\/\/centre-medical-araucaria.be\/nl\/huisartsgeneeskunde\/","og_locale":"nl_NL","og_type":"article","og_title":"Huisartsgeneeskunde - Center M\u00e9dical Araucaria","og_description":"[vc_row full_width=&#8221;stretch_row&#8221; css_animation=&#8221;fadeIn&#8221; css=&#8221;.vc_custom_1763997965013{margin-bottom: 25px !important;background-image: url(https:\/\/centre-medical-araucaria.be\/wp-content\/uploads\/2022\/02\/Kinesitherapie-block.jpg?id=3383) !important;background-position: center !important;background-repeat: no-repeat !important;background-size: cover !important;}&#8221;][vc_column][vc_column_text css=&#8221;.vc_custom_1763997922280{padding-top: 100px !important;padding-bottom: 100px !important;}&#8221;] Huisartsgeneeskunde [\/vc_column_text][\/vc_column][\/vc_row][vc_row content_placement=&#8221;middle&#8221;][vc_column width=&#8221;1\/6&#8243;][\/vc_column][vc_column width=&#8221;1\/3&#8243;][vc_single_image image=&#8221;6983&#8243; img_size=&#8221;large&#8221; alignment=&#8221;center&#8221; style=&#8221;vc_box_circle_2&#8243; onclick=&#8221;custom_link&#8221; img_link_target=&#8221;_blank&#8221; css=&#8221;.vc_custom_1774804317748{border-top-width: 50px !important;border-right-width: 50px !important;border-bottom-width: 50px !important;border-left-width: 50px !important;}&#8221;][\/vc_column][vc_column width=&#8221;1\/3&#8243;][vc_column_text css=&#8221;&#8221;] Sossan Abaneh [\/vc_column_text][vc_column_text css=&#8221;&#8221; el_class=&#8221;reservez-button-cont&#8221;]Een afspraak maken[\/vc_column_text][\/vc_column][vc_column width=&#8221;1\/6&#8243;][\/vc_column][\/vc_row][vc_row][vc_column width=&#8221;1\/6&#8243;][\/vc_column][vc_column width=&#8221;2\/3&#8243;][vc_column_text css=&#8221;&#8221;] Huisartsgeneeskunde in Brussel [&hellip;]","og_url":"https:\/\/centre-medical-araucaria.be\/nl\/huisartsgeneeskunde\/","og_site_name":"Center M\u00e9dical Araucaria","article_modified_time":"2026-03-29T17:13:01+00:00","twitter_card":"summary_large_image","twitter_misc":{"Geschatte leestijd":"3 minuten"},"schema":{"@context":"https:\/\/schema.org","@graph":[{"@type":"WebPage","@id":"https:\/\/centre-medical-araucaria.be\/nl\/huisartsgeneeskunde\/","url":"https:\/\/centre-medical-araucaria.be\/nl\/huisartsgeneeskunde\/","name":"Huisartsgeneeskunde - Center M\u00e9dical Araucaria","isPartOf":{"@id":"https:\/\/centre-medical-araucaria.be\/nl\/#website"},"datePublished":"2025-11-24T15:32:29+00:00","dateModified":"2026-03-29T17:13:01+00:00","breadcrumb":{"@id":"https:\/\/centre-medical-araucaria.be\/nl\/huisartsgeneeskunde\/#breadcrumb"},"inLanguage":"nl-NL","potentialAction":[{"@type":"ReadAction","target":["https:\/\/centre-medical-araucaria.be\/nl\/huisartsgeneeskunde\/"]}]},{"@type":"BreadcrumbList","@id":"https:\/\/centre-medical-araucaria.be\/nl\/huisartsgeneeskunde\/#breadcrumb","itemListElement":[{"@type":"ListItem","position":1,"name":"Accueil","item":"https:\/\/centre-medical-araucaria.be\/nl\/"},{"@type":"ListItem","position":2,"name":"Huisartsgeneeskunde"}]},{"@type":"WebSite","@id":"https:\/\/centre-medical-araucaria.be\/nl\/#website","url":"https:\/\/centre-medical-araucaria.be\/nl\/","name":"Center M\u00e9dical Araucaria","description":"Le Centre M\u00e9dical Araucaria est une clinique m\u00e9dicale situ\u00e9e \u00e0 Laeken qui r\u00e9unit diff\u00e9rentes sp\u00e9cialit\u00e9s..","publisher":{"@id":"https:\/\/centre-medical-araucaria.be\/nl\/#organization"},"potentialAction":[{"@type":"SearchAction","target":{"@type":"EntryPoint","urlTemplate":"https:\/\/centre-medical-araucaria.be\/nl\/?s={search_term_string}"},"query-input":{"@type":"PropertyValueSpecification","valueRequired":true,"valueName":"search_term_string"}}],"inLanguage":"nl-NL"},{"@type":"Organization","@id":"https:\/\/centre-medical-araucaria.be\/nl\/#organization","name":"Centre m\u00e9dical Araucaria","url":"https:\/\/centre-medical-araucaria.be\/nl\/","logo":{"@type":"ImageObject","inLanguage":"nl-NL","@id":"https:\/\/centre-medical-araucaria.be\/nl\/#\/schema\/logo\/image\/","url":"https:\/\/centre-medical-araucaria.be\/wp-content\/uploads\/2022\/02\/Centre_Medical_Araucaria_LOGO-web-1.png","contentUrl":"https:\/\/centre-medical-araucaria.be\/wp-content\/uploads\/2022\/02\/Centre_Medical_Araucaria_LOGO-web-1.png","width":594,"height":200,"caption":"Centre m\u00e9dical Araucaria"},"image":{"@id":"https:\/\/centre-medical-araucaria.be\/nl\/#\/schema\/logo\/image\/"}}]}},"_links":{"self":[{"href":"https:\/\/centre-medical-araucaria.be\/nl\/wp-json\/wp\/v2\/pages\/6828","targetHints":{"allow":["GET"]}}],"collection":[{"href":"https:\/\/centre-medical-araucaria.be\/nl\/wp-json\/wp\/v2\/pages"}],"about":[{"href":"https:\/\/centre-medical-araucaria.be\/nl\/wp-json\/wp\/v2\/types\/page"}],"author":[{"embeddable":true,"href":"https:\/\/centre-medical-araucaria.be\/nl\/wp-json\/wp\/v2\/users\/2"}],"replies":[{"embeddable":true,"href":"https:\/\/centre-medical-araucaria.be\/nl\/wp-json\/wp\/v2\/comments?post=6828"}],"version-history":[{"count":10,"href":"https:\/\/centre-medical-araucaria.be\/nl\/wp-json\/wp\/v2\/pages\/6828\/revisions"}],"predecessor-version":[{"id":7238,"href":"https:\/\/centre-medical-araucaria.be\/nl\/wp-json\/wp\/v2\/pages\/6828\/revisions\/7238"}],"wp:attachment":[{"href":"https:\/\/centre-medical-araucaria.be\/nl\/wp-json\/wp\/v2\/media?parent=6828"}],"curies":[{"name":"wp","href":"https:\/\/api.w.org\/{rel}","templated":true}]}}