{"id":6506,"date":"2025-01-22T09:35:35","date_gmt":"2025-01-22T08:35:35","guid":{"rendered":"https:\/\/centre-medical-araucaria.be\/het-team\/dr-georges-salem-wehbe\/"},"modified":"2025-03-12T15:18:30","modified_gmt":"2025-03-12T14:18:30","slug":"dr-georges-salem-wehbe","status":"publish","type":"page","link":"https:\/\/centre-medical-araucaria.be\/nl\/het-team\/dr-georges-salem-wehbe\/","title":{"rendered":"Dr. Georges SALEM WEHBE"},"content":{"rendered":"<div class=\"wpb-content-wrapper\"><p>[vc_row][vc_column][vc_row_inner content_placement=&#8221;middle&#8221;][vc_column_inner width=&#8221;1\/2&#8243;][vc_single_image image=&#8221;6393&#8243; img_size=&#8221;large&#8221; alignment=&#8221;center&#8221; style=&#8221;vc_box_circle_2&#8243; onclick=&#8221;custom_link&#8221; img_link_target=&#8221;_blank&#8221; css=&#8221;.vc_custom_1737534758938{border-top-width: 50px !important;border-right-width: 50px !important;border-bottom-width: 50px !important;border-left-width: 50px !important;}&#8221; link=&#8221;https:\/\/progenda.be\/calendars\/docteur-gynecologie&#8221;][\/vc_column_inner][vc_column_inner width=&#8221;1\/2&#8243;][vc_column_text]<\/p>\n<p style=\"text-align: center;\">Gynaecoloog<\/p>\n<p>[\/vc_column_text][vc_column_text]<\/p>\n<h1 class=\"page-title on-shop\" style=\"text-align: center;\">Dr Georges<\/h1>\n<h1 class=\"page-title on-shop\" style=\"text-align: center;\">SALEM WEHBE<\/h1>\n<p>[\/vc_column_text][vc_column_text css=&#8221;&#8221; el_class=&#8221;reservez-button-cont&#8221;]<a class=\"reservez-button\" href=\"https:\/\/progenda.be\/calendars\/docteur-salem-georges-gynecologie-laeken\" target=\"_blank\" rel=\"noopener\">Maak een afspraak op Progenda<\/a>[\/vc_column_text][vc_column_text css=&#8221;&#8221; el_class=&#8221;reservez-button-cont&#8221;]<a class=\"reservez-button\" href=\"https:\/\/www.doctoranytime.be\/d\/gynecologue\/georges-salem-wehbe\" target=\"_blank\" rel=\"noopener\">Maak een afspraak op Dotoranytime<\/a>[\/vc_column_text][\/vc_column_inner][\/vc_row_inner][vc_separator][\/vc_column][\/vc_row][vc_row][vc_column][vc_column_text]Dr. Georges SALEM WEHBE is specialist in gynaecologie, senologie en obstetrie. Hij is afgestudeerd aan de Universit\u00e9 Libre de Bruxelles. Il exerce principalement en<br \/>\nmilieu hospitalier universitaire au CHU BRUGMANN (Bruxelles), l\u00e0 o\u00f9 il remplit la fonction<br \/>\nde coordinateur\/responsable de la clinique du sein Atossa. Dr. SALEM WEHBE heeft een<br \/>\ngeavanceerde expertise in de medische en chirurgische behandeling van kwaadaardige ziekten<br \/>\n(kankerachtige) en goedaardige borstkankers en complicaties bij het geven van borstvoeding,<br \/>\ngynaecologische pathologie\u00ebn, bij minimaal invasieve laparoscopische gynaecologische chirurgie en<br \/>\nvaginale, intieme geneeskunde en genitale verjonging, evenals het beheer van<br \/>\nmenopauze.<br \/>\nDr. SALEM WEHBE heeft een universitaire graad in borstkanker-oncologie en<br \/>\ngynaecologisch (Universiteit Parijs Descartes), GESEA-certificeringen voor chirurgie<br \/>\nminimaal invasieve gynaecologie en ISAGSS voor reconstructieve, regeneratieve en<br \/>\nfunctionele, universitaire diploma&#8217;s in gynaecologische en obstetrische echografie, in<br \/>\nfoetale geneeskunde (Universiteit Parijs SUD), in maternale pathologie\u00ebn en zwangerschap (Universiteit<br \/>\nParijs Diderot).<br \/>\nDr. SALEM WEHBE houdt zich ook bezig met klinisch onderzoek. Hij is de eerste auteur<br \/>\nen medeauteur van diverse artikelen en publicaties in internationale wetenschappelijke tijdschriften.<br \/>\nMomenteel is hij betrokken bij verschillende klinische onderzoeksprojecten, met name op het gebied van<br \/>\nontwikkeling van nieuwe minimaal invasieve benaderingen in gynaecologische chirurgie en chirurgie<br \/>\nvan de borst.<br \/>\nDr. SALEM WEHBE spreekt Frans, Engels en Arabisch.[\/vc_column_text][\/vc_column][\/vc_row]<\/p>\n<\/div>","protected":false},"excerpt":{"rendered":"<p>[vc_row][vc_column][vc_row_inner content_placement=&#8221;middle&#8221;][vc_column_inner width=&#8221;1\/2&#8243;][vc_single_image image=&#8221;6393&#8243; img_size=&#8221;large&#8221; alignment=&#8221;center&#8221; style=&#8221;vc_box_circle_2&#8243; onclick=&#8221;custom_link&#8221; img_link_target=&#8221;_blank&#8221; css=&#8221;.vc_custom_1737534758938{border-top-width: 50px !important;border-right-width: 50px !important;border-bottom-width: 50px !important;border-left-width: 50px !important;}&#8221; link=&#8221;https:\/\/progenda.be\/calendars\/docteur-gynecologie&#8221;][\/vc_column_inner][vc_column_inner width=&#8221;1\/2&#8243;][vc_column_text] Gynaecoloog [\/vc_column_text][vc_column_text] Dr Georges SALEM WEHBE [\/vc_column_text][vc_column_text css=&#8221;&#8221; el_class=&#8221;reservez-button-cont&#8221;]Maak een afspraak op Progenda[\/vc_column_text][vc_column_text css=&#8221;&#8221; el_class=&#8221;reservez-button-cont&#8221;]Maak een afspraak op Dotoranytime[\/vc_column_text][\/vc_column_inner][\/vc_row_inner][vc_separator][\/vc_column][\/vc_row][vc_row][vc_column][vc_column_text]Dr. Georges SALEM WEHBE is specialist in gynaecologie, senologie en obstetrie. Hij is afgestudeerd aan de Universit\u00e9 [&hellip;]<\/p>\n","protected":false},"author":1,"featured_media":0,"parent":4528,"menu_order":0,"comment_status":"closed","ping_status":"closed","template":"page-boxed.php","meta":{"footnotes":""},"class_list":["post-6506","page","type-page","status-publish","hentry"],"yoast_head":"<!-- This site is optimized with the Yoast SEO plugin v27.3 - https:\/\/yoast.com\/product\/yoast-seo-wordpress\/ -->\n<title>Dr. Georges SALEM WEHBE - Center M\u00e9dical Araucaria<\/title>\n<meta name=\"description\" content=\"Dr. Georges SALEM WEHBE is specialist in gynaecologie, senologie en obstetrie. Hij is afgestudeerd aan de Universit\u00e9 Libre de Bruxelles.\" \/>\n<meta name=\"robots\" content=\"index, follow, max-snippet:-1, max-image-preview:large, max-video-preview:-1\" \/>\n<link rel=\"canonical\" href=\"https:\/\/centre-medical-araucaria.be\/nl\/het-team\/dr-georges-salem-wehbe\/\" \/>\n<meta property=\"og:locale\" content=\"nl_NL\" \/>\n<meta property=\"og:type\" content=\"article\" \/>\n<meta property=\"og:title\" content=\"Dr. Georges SALEM WEHBE - Center M\u00e9dical Araucaria\" \/>\n<meta property=\"og:description\" content=\"Dr. Georges SALEM WEHBE is specialist in gynaecologie, senologie en obstetrie. Hij is afgestudeerd aan de Universit\u00e9 Libre de Bruxelles.\" \/>\n<meta property=\"og:url\" content=\"https:\/\/centre-medical-araucaria.be\/nl\/het-team\/dr-georges-salem-wehbe\/\" \/>\n<meta property=\"og:site_name\" content=\"Center M\u00e9dical Araucaria\" \/>\n<meta property=\"article:modified_time\" content=\"2025-03-12T14:18:30+00:00\" \/>\n<meta name=\"twitter:card\" content=\"summary_large_image\" \/>\n<meta name=\"twitter:label1\" content=\"Geschatte leestijd\" \/>\n\t<meta name=\"twitter:data1\" content=\"2 minuten\" \/>\n<script type=\"application\/ld+json\" class=\"yoast-schema-graph\">{\"@context\":\"https:\\\/\\\/schema.org\",\"@graph\":[{\"@type\":\"WebPage\",\"@id\":\"https:\\\/\\\/centre-medical-araucaria.be\\\/nl\\\/het-team\\\/dr-georges-salem-wehbe\\\/\",\"url\":\"https:\\\/\\\/centre-medical-araucaria.be\\\/nl\\\/het-team\\\/dr-georges-salem-wehbe\\\/\",\"name\":\"Dr. Georges SALEM WEHBE - Center M\u00e9dical Araucaria\",\"isPartOf\":{\"@id\":\"https:\\\/\\\/centre-medical-araucaria.be\\\/nl\\\/#website\"},\"datePublished\":\"2025-01-22T08:35:35+00:00\",\"dateModified\":\"2025-03-12T14:18:30+00:00\",\"description\":\"Dr. Georges SALEM WEHBE is specialist in gynaecologie, senologie en obstetrie. Hij is afgestudeerd aan de Universit\u00e9 Libre de Bruxelles.\",\"breadcrumb\":{\"@id\":\"https:\\\/\\\/centre-medical-araucaria.be\\\/nl\\\/het-team\\\/dr-georges-salem-wehbe\\\/#breadcrumb\"},\"inLanguage\":\"nl-NL\",\"potentialAction\":[{\"@type\":\"ReadAction\",\"target\":[\"https:\\\/\\\/centre-medical-araucaria.be\\\/nl\\\/het-team\\\/dr-georges-salem-wehbe\\\/\"]}]},{\"@type\":\"BreadcrumbList\",\"@id\":\"https:\\\/\\\/centre-medical-araucaria.be\\\/nl\\\/het-team\\\/dr-georges-salem-wehbe\\\/#breadcrumb\",\"itemListElement\":[{\"@type\":\"ListItem\",\"position\":1,\"name\":\"Accueil\",\"item\":\"https:\\\/\\\/centre-medical-araucaria.be\\\/nl\\\/\"},{\"@type\":\"ListItem\",\"position\":2,\"name\":\"het team\",\"item\":\"https:\\\/\\\/centre-medical-araucaria.be\\\/nl\\\/het-team\\\/\"},{\"@type\":\"ListItem\",\"position\":3,\"name\":\"Dr. Georges SALEM WEHBE\"}]},{\"@type\":\"WebSite\",\"@id\":\"https:\\\/\\\/centre-medical-araucaria.be\\\/nl\\\/#website\",\"url\":\"https:\\\/\\\/centre-medical-araucaria.be\\\/nl\\\/\",\"name\":\"Center M\u00e9dical Araucaria\",\"description\":\"Le Centre M\u00e9dical Araucaria est une clinique m\u00e9dicale situ\u00e9e \u00e0 Laeken qui r\u00e9unit diff\u00e9rentes sp\u00e9cialit\u00e9s..\",\"publisher\":{\"@id\":\"https:\\\/\\\/centre-medical-araucaria.be\\\/nl\\\/#organization\"},\"potentialAction\":[{\"@type\":\"SearchAction\",\"target\":{\"@type\":\"EntryPoint\",\"urlTemplate\":\"https:\\\/\\\/centre-medical-araucaria.be\\\/nl\\\/?s={search_term_string}\"},\"query-input\":{\"@type\":\"PropertyValueSpecification\",\"valueRequired\":true,\"valueName\":\"search_term_string\"}}],\"inLanguage\":\"nl-NL\"},{\"@type\":\"Organization\",\"@id\":\"https:\\\/\\\/centre-medical-araucaria.be\\\/nl\\\/#organization\",\"name\":\"Centre m\u00e9dical Araucaria\",\"url\":\"https:\\\/\\\/centre-medical-araucaria.be\\\/nl\\\/\",\"logo\":{\"@type\":\"ImageObject\",\"inLanguage\":\"nl-NL\",\"@id\":\"https:\\\/\\\/centre-medical-araucaria.be\\\/nl\\\/#\\\/schema\\\/logo\\\/image\\\/\",\"url\":\"https:\\\/\\\/centre-medical-araucaria.be\\\/wp-content\\\/uploads\\\/2022\\\/02\\\/Centre_Medical_Araucaria_LOGO-web-1.png\",\"contentUrl\":\"https:\\\/\\\/centre-medical-araucaria.be\\\/wp-content\\\/uploads\\\/2022\\\/02\\\/Centre_Medical_Araucaria_LOGO-web-1.png\",\"width\":594,\"height\":200,\"caption\":\"Centre m\u00e9dical Araucaria\"},\"image\":{\"@id\":\"https:\\\/\\\/centre-medical-araucaria.be\\\/nl\\\/#\\\/schema\\\/logo\\\/image\\\/\"}}]}<\/script>\n<!-- \/ Yoast SEO plugin. -->","yoast_head_json":{"title":"Dr. Georges SALEM WEHBE - Center M\u00e9dical Araucaria","description":"Dr. Georges SALEM WEHBE is specialist in gynaecologie, senologie en obstetrie. Hij is afgestudeerd aan de Universit\u00e9 Libre de Bruxelles.","robots":{"index":"index","follow":"follow","max-snippet":"max-snippet:-1","max-image-preview":"max-image-preview:large","max-video-preview":"max-video-preview:-1"},"canonical":"https:\/\/centre-medical-araucaria.be\/nl\/het-team\/dr-georges-salem-wehbe\/","og_locale":"nl_NL","og_type":"article","og_title":"Dr. Georges SALEM WEHBE - Center M\u00e9dical Araucaria","og_description":"Dr. Georges SALEM WEHBE is specialist in gynaecologie, senologie en obstetrie. Hij is afgestudeerd aan de Universit\u00e9 Libre de Bruxelles.","og_url":"https:\/\/centre-medical-araucaria.be\/nl\/het-team\/dr-georges-salem-wehbe\/","og_site_name":"Center M\u00e9dical Araucaria","article_modified_time":"2025-03-12T14:18:30+00:00","twitter_card":"summary_large_image","twitter_misc":{"Geschatte leestijd":"2 minuten"},"schema":{"@context":"https:\/\/schema.org","@graph":[{"@type":"WebPage","@id":"https:\/\/centre-medical-araucaria.be\/nl\/het-team\/dr-georges-salem-wehbe\/","url":"https:\/\/centre-medical-araucaria.be\/nl\/het-team\/dr-georges-salem-wehbe\/","name":"Dr. Georges SALEM WEHBE - Center M\u00e9dical Araucaria","isPartOf":{"@id":"https:\/\/centre-medical-araucaria.be\/nl\/#website"},"datePublished":"2025-01-22T08:35:35+00:00","dateModified":"2025-03-12T14:18:30+00:00","description":"Dr. Georges SALEM WEHBE is specialist in gynaecologie, senologie en obstetrie. Hij is afgestudeerd aan de Universit\u00e9 Libre de Bruxelles.","breadcrumb":{"@id":"https:\/\/centre-medical-araucaria.be\/nl\/het-team\/dr-georges-salem-wehbe\/#breadcrumb"},"inLanguage":"nl-NL","potentialAction":[{"@type":"ReadAction","target":["https:\/\/centre-medical-araucaria.be\/nl\/het-team\/dr-georges-salem-wehbe\/"]}]},{"@type":"BreadcrumbList","@id":"https:\/\/centre-medical-araucaria.be\/nl\/het-team\/dr-georges-salem-wehbe\/#breadcrumb","itemListElement":[{"@type":"ListItem","position":1,"name":"Accueil","item":"https:\/\/centre-medical-araucaria.be\/nl\/"},{"@type":"ListItem","position":2,"name":"het team","item":"https:\/\/centre-medical-araucaria.be\/nl\/het-team\/"},{"@type":"ListItem","position":3,"name":"Dr. Georges SALEM WEHBE"}]},{"@type":"WebSite","@id":"https:\/\/centre-medical-araucaria.be\/nl\/#website","url":"https:\/\/centre-medical-araucaria.be\/nl\/","name":"Center M\u00e9dical Araucaria","description":"Le Centre M\u00e9dical Araucaria est une clinique m\u00e9dicale situ\u00e9e \u00e0 Laeken qui r\u00e9unit diff\u00e9rentes sp\u00e9cialit\u00e9s..","publisher":{"@id":"https:\/\/centre-medical-araucaria.be\/nl\/#organization"},"potentialAction":[{"@type":"SearchAction","target":{"@type":"EntryPoint","urlTemplate":"https:\/\/centre-medical-araucaria.be\/nl\/?s={search_term_string}"},"query-input":{"@type":"PropertyValueSpecification","valueRequired":true,"valueName":"search_term_string"}}],"inLanguage":"nl-NL"},{"@type":"Organization","@id":"https:\/\/centre-medical-araucaria.be\/nl\/#organization","name":"Centre m\u00e9dical Araucaria","url":"https:\/\/centre-medical-araucaria.be\/nl\/","logo":{"@type":"ImageObject","inLanguage":"nl-NL","@id":"https:\/\/centre-medical-araucaria.be\/nl\/#\/schema\/logo\/image\/","url":"https:\/\/centre-medical-araucaria.be\/wp-content\/uploads\/2022\/02\/Centre_Medical_Araucaria_LOGO-web-1.png","contentUrl":"https:\/\/centre-medical-araucaria.be\/wp-content\/uploads\/2022\/02\/Centre_Medical_Araucaria_LOGO-web-1.png","width":594,"height":200,"caption":"Centre m\u00e9dical Araucaria"},"image":{"@id":"https:\/\/centre-medical-araucaria.be\/nl\/#\/schema\/logo\/image\/"}}]}},"_links":{"self":[{"href":"https:\/\/centre-medical-araucaria.be\/nl\/wp-json\/wp\/v2\/pages\/6506","targetHints":{"allow":["GET"]}}],"collection":[{"href":"https:\/\/centre-medical-araucaria.be\/nl\/wp-json\/wp\/v2\/pages"}],"about":[{"href":"https:\/\/centre-medical-araucaria.be\/nl\/wp-json\/wp\/v2\/types\/page"}],"author":[{"embeddable":true,"href":"https:\/\/centre-medical-araucaria.be\/nl\/wp-json\/wp\/v2\/users\/1"}],"replies":[{"embeddable":true,"href":"https:\/\/centre-medical-araucaria.be\/nl\/wp-json\/wp\/v2\/comments?post=6506"}],"version-history":[{"count":6,"href":"https:\/\/centre-medical-araucaria.be\/nl\/wp-json\/wp\/v2\/pages\/6506\/revisions"}],"predecessor-version":[{"id":6518,"href":"https:\/\/centre-medical-araucaria.be\/nl\/wp-json\/wp\/v2\/pages\/6506\/revisions\/6518"}],"up":[{"embeddable":true,"href":"https:\/\/centre-medical-araucaria.be\/nl\/wp-json\/wp\/v2\/pages\/4528"}],"wp:attachment":[{"href":"https:\/\/centre-medical-araucaria.be\/nl\/wp-json\/wp\/v2\/media?parent=6506"}],"curies":[{"name":"wp","href":"https:\/\/api.w.org\/{rel}","templated":true}]}}