{"id":5973,"date":"2023-12-05T12:02:39","date_gmt":"2023-12-05T11:02:39","guid":{"rendered":"https:\/het-team\/dr-badr-dominique\/"},"modified":"2023-12-19T17:42:16","modified_gmt":"2023-12-19T16:42:16","slug":"dr-badr-dominique","status":"publish","type":"page","link":"https:\/\/centre-medical-araucaria.be\/nl\/het-team\/dr-badr-dominique\/","title":{"rendered":"Dr. Badr Dominique"},"content":{"rendered":"<div class=\"wpb-content-wrapper\"><p>[vc_row][vc_column][vc_row_inner content_placement=&#8221;middle&#8221;][vc_column_inner width=&#8221;1\/2&#8243;][vc_single_image image=&#8221;5948&#8243; img_size=&#8221;large&#8221; alignment=&#8221;center&#8221; style=&#8221;vc_box_circle_2&#8243; onclick=&#8221;custom_link&#8221; img_link_target=&#8221;_blank&#8221; css=&#8221;.vc_custom_1701773969740{border-top-width: 50px !important;border-right-width: 50px !important;border-bottom-width: 50px !important;border-left-width: 50px !important;}&#8221; link=&#8221;https:\/\/progenda.be\/calendars\/docteur-gynecologie&#8221;][\/vc_column_inner][vc_column_inner width=&#8221;1\/2&#8243;][vc_column_text]<\/p>\n<p style=\"text-align: center;\">Gynaecoloog<\/p>\n<p>[\/vc_column_text][vc_column_text]<\/p>\n<h1 class=\"page-title on-shop\" style=\"text-align: center;\"><a href=\"https:\/\/progenda.be\/calendars\/docteur-badr-dominique-gynecologue\"> Dr. Badr Dominique<\/a><\/h1>\n<p>[\/vc_column_text][vc_column_text el_class=&#8221;reservez-button-cont&#8221;]<a class=\"reservez-button\" href=\"https:\/\/progenda.be\/calendars\/docteur-badr-dominique-gynecologue\" target=\"_blank\" rel=\"noopener\">Maak een afspraak op progenda<\/a>[\/vc_column_text][vc_column_text el_class=&#8221;reservez-button-cont&#8221;]<a class=\"reservez-button\" href=\"https:\/\/www.doctoranytime.be\/d\/gynecologue\/dominique-badr\" target=\"_blank\" rel=\"noopener\">Maak een afspraak op doctoranytime<\/a>[\/vc_column_text][\/vc_column_inner][\/vc_row_inner][vc_separator][\/vc_column][\/vc_row][vc_row][vc_column][vc_column_text]Dominique Badr behaalde zijn diploma in Verloskunde en Gynaecologie in 2018. Hij heeft zijn specialisatie voortgezet in Foetale Geneeskunde en Risicovolle Zwangerschappen aan CHU Brugmann, Universit\u00e9 Libre de Bruxelles, waar hij momenteel werkzaam is als adjunct-klinisch hoofd.<\/p>\n<p>Hij heeft diploma&#8217;s in Foetale Geneeskunde en Gynaecologische en Obstetrische Echografie van de Universiteit Paris-Sud, een diploma in Zwangerschap en Maternale Ziekten van de Universiteit Paris Diderot, en een diploma in Geavanceerde Laparoscopie in de Gynaecologie van het Internationale Centrum van Clermont-Ferrand.<\/p>\n<p>Dr. Badr is ook actief op het gebied van biomedische statistieken en wetenschappelijk onderzoek. Hij is auteur van talrijke publicaties op dit gebied (zie publicaties : <a href=\"https:\/\/scholar.google.com\/citations?user=-v59DdIAAAAJ\" target=\"_blank\" rel=\"noopener\">\u202aDominique A. Badr &#8211; \u202aGoogle Scholar<\/a>). Momenteel neemt hij deel aan verschillende onderzoeksprojecten, waaronder het Europese project over de integratie van kunstmatige intelligentie in gynaecologische en obstetrische echografie (<a href=\"https:\/\/www.suog.org\/chu-brugmann\/\" target=\"_blank\" rel=\"noopener\">CHU Brugmann \u2013 Suog<\/a>).<\/p>\n<p>Hij spreekt Frans, Engels en Arabisch.[\/vc_column_text][\/vc_column][\/vc_row]<\/p>\n<\/div>","protected":false},"excerpt":{"rendered":"<p>[vc_row][vc_column][vc_row_inner content_placement=&#8221;middle&#8221;][vc_column_inner width=&#8221;1\/2&#8243;][vc_single_image image=&#8221;5948&#8243; img_size=&#8221;large&#8221; alignment=&#8221;center&#8221; style=&#8221;vc_box_circle_2&#8243; onclick=&#8221;custom_link&#8221; img_link_target=&#8221;_blank&#8221; css=&#8221;.vc_custom_1701773969740{border-top-width: 50px !important;border-right-width: 50px !important;border-bottom-width: 50px !important;border-left-width: 50px !important;}&#8221; link=&#8221;https:\/\/progenda.be\/calendars\/docteur-gynecologie&#8221;][\/vc_column_inner][vc_column_inner width=&#8221;1\/2&#8243;][vc_column_text] Gynaecoloog [\/vc_column_text][vc_column_text] Dr. Badr Dominique [\/vc_column_text][vc_column_text el_class=&#8221;reservez-button-cont&#8221;]Maak een afspraak op progenda[\/vc_column_text][vc_column_text el_class=&#8221;reservez-button-cont&#8221;]Maak een afspraak op doctoranytime[\/vc_column_text][\/vc_column_inner][\/vc_row_inner][vc_separator][\/vc_column][\/vc_row][vc_row][vc_column][vc_column_text]Dominique Badr behaalde zijn diploma in Verloskunde en Gynaecologie in 2018. Hij heeft zijn specialisatie voortgezet in Foetale Geneeskunde en [&hellip;]<\/p>\n","protected":false},"author":1,"featured_media":0,"parent":4528,"menu_order":0,"comment_status":"closed","ping_status":"closed","template":"page-boxed.php","meta":{"footnotes":""},"class_list":["post-5973","page","type-page","status-publish","hentry"],"yoast_head":"<!-- This site is optimized with the Yoast SEO plugin v27.3 - https:\/\/yoast.com\/product\/yoast-seo-wordpress\/ -->\n<title>Dr. Badr Dominique - Center M\u00e9dical Araucaria<\/title>\n<meta name=\"description\" content=\"Dominique Badr behaalde zijn diploma in Verloskunde en Gynaecologie in 2018. Hij heeft zijn specialisatie voortgezet in Foetale Geneeskunde en Risicovolle Zwangerschappen aan CHU Brugmann\" \/>\n<meta name=\"robots\" content=\"index, follow, max-snippet:-1, max-image-preview:large, max-video-preview:-1\" \/>\n<link rel=\"canonical\" href=\"https:\/\/centre-medical-araucaria.be\/nl\/het-team\/dr-badr-dominique\/\" \/>\n<meta property=\"og:locale\" content=\"nl_NL\" \/>\n<meta property=\"og:type\" content=\"article\" \/>\n<meta property=\"og:title\" content=\"Dr. Badr Dominique - Center M\u00e9dical Araucaria\" \/>\n<meta property=\"og:description\" content=\"Dominique Badr behaalde zijn diploma in Verloskunde en Gynaecologie in 2018. Hij heeft zijn specialisatie voortgezet in Foetale Geneeskunde en Risicovolle Zwangerschappen aan CHU Brugmann\" \/>\n<meta property=\"og:url\" content=\"https:\/\/centre-medical-araucaria.be\/nl\/het-team\/dr-badr-dominique\/\" \/>\n<meta property=\"og:site_name\" content=\"Center M\u00e9dical Araucaria\" \/>\n<meta property=\"article:modified_time\" content=\"2023-12-19T16:42:16+00:00\" \/>\n<meta name=\"twitter:card\" content=\"summary_large_image\" \/>\n<meta name=\"twitter:label1\" content=\"Geschatte leestijd\" \/>\n\t<meta name=\"twitter:data1\" content=\"1 minuut\" \/>\n<script type=\"application\/ld+json\" class=\"yoast-schema-graph\">{\"@context\":\"https:\\\/\\\/schema.org\",\"@graph\":[{\"@type\":\"WebPage\",\"@id\":\"https:\\\/\\\/centre-medical-araucaria.be\\\/nl\\\/het-team\\\/dr-badr-dominique\\\/\",\"url\":\"https:\\\/\\\/centre-medical-araucaria.be\\\/nl\\\/het-team\\\/dr-badr-dominique\\\/\",\"name\":\"Dr. Badr Dominique - Center M\u00e9dical Araucaria\",\"isPartOf\":{\"@id\":\"https:\\\/\\\/centre-medical-araucaria.be\\\/nl\\\/#website\"},\"datePublished\":\"2023-12-05T11:02:39+00:00\",\"dateModified\":\"2023-12-19T16:42:16+00:00\",\"description\":\"Dominique Badr behaalde zijn diploma in Verloskunde en Gynaecologie in 2018. Hij heeft zijn specialisatie voortgezet in Foetale Geneeskunde en Risicovolle Zwangerschappen aan CHU Brugmann\",\"breadcrumb\":{\"@id\":\"https:\\\/\\\/centre-medical-araucaria.be\\\/nl\\\/het-team\\\/dr-badr-dominique\\\/#breadcrumb\"},\"inLanguage\":\"nl-NL\",\"potentialAction\":[{\"@type\":\"ReadAction\",\"target\":[\"https:\\\/\\\/centre-medical-araucaria.be\\\/nl\\\/het-team\\\/dr-badr-dominique\\\/\"]}]},{\"@type\":\"BreadcrumbList\",\"@id\":\"https:\\\/\\\/centre-medical-araucaria.be\\\/nl\\\/het-team\\\/dr-badr-dominique\\\/#breadcrumb\",\"itemListElement\":[{\"@type\":\"ListItem\",\"position\":1,\"name\":\"Accueil\",\"item\":\"https:\\\/\\\/centre-medical-araucaria.be\\\/nl\\\/\"},{\"@type\":\"ListItem\",\"position\":2,\"name\":\"het team\",\"item\":\"https:\\\/\\\/centre-medical-araucaria.be\\\/nl\\\/het-team\\\/\"},{\"@type\":\"ListItem\",\"position\":3,\"name\":\"Dr. Badr Dominique\"}]},{\"@type\":\"WebSite\",\"@id\":\"https:\\\/\\\/centre-medical-araucaria.be\\\/nl\\\/#website\",\"url\":\"https:\\\/\\\/centre-medical-araucaria.be\\\/nl\\\/\",\"name\":\"Center M\u00e9dical Araucaria\",\"description\":\"Le Centre M\u00e9dical Araucaria est une clinique m\u00e9dicale situ\u00e9e \u00e0 Laeken qui r\u00e9unit diff\u00e9rentes sp\u00e9cialit\u00e9s..\",\"publisher\":{\"@id\":\"https:\\\/\\\/centre-medical-araucaria.be\\\/nl\\\/#organization\"},\"potentialAction\":[{\"@type\":\"SearchAction\",\"target\":{\"@type\":\"EntryPoint\",\"urlTemplate\":\"https:\\\/\\\/centre-medical-araucaria.be\\\/nl\\\/?s={search_term_string}\"},\"query-input\":{\"@type\":\"PropertyValueSpecification\",\"valueRequired\":true,\"valueName\":\"search_term_string\"}}],\"inLanguage\":\"nl-NL\"},{\"@type\":\"Organization\",\"@id\":\"https:\\\/\\\/centre-medical-araucaria.be\\\/nl\\\/#organization\",\"name\":\"Centre m\u00e9dical Araucaria\",\"url\":\"https:\\\/\\\/centre-medical-araucaria.be\\\/nl\\\/\",\"logo\":{\"@type\":\"ImageObject\",\"inLanguage\":\"nl-NL\",\"@id\":\"https:\\\/\\\/centre-medical-araucaria.be\\\/nl\\\/#\\\/schema\\\/logo\\\/image\\\/\",\"url\":\"https:\\\/\\\/centre-medical-araucaria.be\\\/wp-content\\\/uploads\\\/2022\\\/02\\\/Centre_Medical_Araucaria_LOGO-web-1.png\",\"contentUrl\":\"https:\\\/\\\/centre-medical-araucaria.be\\\/wp-content\\\/uploads\\\/2022\\\/02\\\/Centre_Medical_Araucaria_LOGO-web-1.png\",\"width\":594,\"height\":200,\"caption\":\"Centre m\u00e9dical Araucaria\"},\"image\":{\"@id\":\"https:\\\/\\\/centre-medical-araucaria.be\\\/nl\\\/#\\\/schema\\\/logo\\\/image\\\/\"}}]}<\/script>\n<!-- \/ Yoast SEO plugin. -->","yoast_head_json":{"title":"Dr. Badr Dominique - Center M\u00e9dical Araucaria","description":"Dominique Badr behaalde zijn diploma in Verloskunde en Gynaecologie in 2018. Hij heeft zijn specialisatie voortgezet in Foetale Geneeskunde en Risicovolle Zwangerschappen aan CHU Brugmann","robots":{"index":"index","follow":"follow","max-snippet":"max-snippet:-1","max-image-preview":"max-image-preview:large","max-video-preview":"max-video-preview:-1"},"canonical":"https:\/\/centre-medical-araucaria.be\/nl\/het-team\/dr-badr-dominique\/","og_locale":"nl_NL","og_type":"article","og_title":"Dr. Badr Dominique - Center M\u00e9dical Araucaria","og_description":"Dominique Badr behaalde zijn diploma in Verloskunde en Gynaecologie in 2018. Hij heeft zijn specialisatie voortgezet in Foetale Geneeskunde en Risicovolle Zwangerschappen aan CHU Brugmann","og_url":"https:\/\/centre-medical-araucaria.be\/nl\/het-team\/dr-badr-dominique\/","og_site_name":"Center M\u00e9dical Araucaria","article_modified_time":"2023-12-19T16:42:16+00:00","twitter_card":"summary_large_image","twitter_misc":{"Geschatte leestijd":"1 minuut"},"schema":{"@context":"https:\/\/schema.org","@graph":[{"@type":"WebPage","@id":"https:\/\/centre-medical-araucaria.be\/nl\/het-team\/dr-badr-dominique\/","url":"https:\/\/centre-medical-araucaria.be\/nl\/het-team\/dr-badr-dominique\/","name":"Dr. Badr Dominique - Center M\u00e9dical Araucaria","isPartOf":{"@id":"https:\/\/centre-medical-araucaria.be\/nl\/#website"},"datePublished":"2023-12-05T11:02:39+00:00","dateModified":"2023-12-19T16:42:16+00:00","description":"Dominique Badr behaalde zijn diploma in Verloskunde en Gynaecologie in 2018. Hij heeft zijn specialisatie voortgezet in Foetale Geneeskunde en Risicovolle Zwangerschappen aan CHU Brugmann","breadcrumb":{"@id":"https:\/\/centre-medical-araucaria.be\/nl\/het-team\/dr-badr-dominique\/#breadcrumb"},"inLanguage":"nl-NL","potentialAction":[{"@type":"ReadAction","target":["https:\/\/centre-medical-araucaria.be\/nl\/het-team\/dr-badr-dominique\/"]}]},{"@type":"BreadcrumbList","@id":"https:\/\/centre-medical-araucaria.be\/nl\/het-team\/dr-badr-dominique\/#breadcrumb","itemListElement":[{"@type":"ListItem","position":1,"name":"Accueil","item":"https:\/\/centre-medical-araucaria.be\/nl\/"},{"@type":"ListItem","position":2,"name":"het team","item":"https:\/\/centre-medical-araucaria.be\/nl\/het-team\/"},{"@type":"ListItem","position":3,"name":"Dr. Badr Dominique"}]},{"@type":"WebSite","@id":"https:\/\/centre-medical-araucaria.be\/nl\/#website","url":"https:\/\/centre-medical-araucaria.be\/nl\/","name":"Center M\u00e9dical Araucaria","description":"Le Centre M\u00e9dical Araucaria est une clinique m\u00e9dicale situ\u00e9e \u00e0 Laeken qui r\u00e9unit diff\u00e9rentes sp\u00e9cialit\u00e9s..","publisher":{"@id":"https:\/\/centre-medical-araucaria.be\/nl\/#organization"},"potentialAction":[{"@type":"SearchAction","target":{"@type":"EntryPoint","urlTemplate":"https:\/\/centre-medical-araucaria.be\/nl\/?s={search_term_string}"},"query-input":{"@type":"PropertyValueSpecification","valueRequired":true,"valueName":"search_term_string"}}],"inLanguage":"nl-NL"},{"@type":"Organization","@id":"https:\/\/centre-medical-araucaria.be\/nl\/#organization","name":"Centre m\u00e9dical Araucaria","url":"https:\/\/centre-medical-araucaria.be\/nl\/","logo":{"@type":"ImageObject","inLanguage":"nl-NL","@id":"https:\/\/centre-medical-araucaria.be\/nl\/#\/schema\/logo\/image\/","url":"https:\/\/centre-medical-araucaria.be\/wp-content\/uploads\/2022\/02\/Centre_Medical_Araucaria_LOGO-web-1.png","contentUrl":"https:\/\/centre-medical-araucaria.be\/wp-content\/uploads\/2022\/02\/Centre_Medical_Araucaria_LOGO-web-1.png","width":594,"height":200,"caption":"Centre m\u00e9dical Araucaria"},"image":{"@id":"https:\/\/centre-medical-araucaria.be\/nl\/#\/schema\/logo\/image\/"}}]}},"_links":{"self":[{"href":"https:\/\/centre-medical-araucaria.be\/nl\/wp-json\/wp\/v2\/pages\/5973","targetHints":{"allow":["GET"]}}],"collection":[{"href":"https:\/\/centre-medical-araucaria.be\/nl\/wp-json\/wp\/v2\/pages"}],"about":[{"href":"https:\/\/centre-medical-araucaria.be\/nl\/wp-json\/wp\/v2\/types\/page"}],"author":[{"embeddable":true,"href":"https:\/\/centre-medical-araucaria.be\/nl\/wp-json\/wp\/v2\/users\/1"}],"replies":[{"embeddable":true,"href":"https:\/\/centre-medical-araucaria.be\/nl\/wp-json\/wp\/v2\/comments?post=5973"}],"version-history":[{"count":15,"href":"https:\/\/centre-medical-araucaria.be\/nl\/wp-json\/wp\/v2\/pages\/5973\/revisions"}],"predecessor-version":[{"id":6208,"href":"https:\/\/centre-medical-araucaria.be\/nl\/wp-json\/wp\/v2\/pages\/5973\/revisions\/6208"}],"up":[{"embeddable":true,"href":"https:\/\/centre-medical-araucaria.be\/nl\/wp-json\/wp\/v2\/pages\/4528"}],"wp:attachment":[{"href":"https:\/\/centre-medical-araucaria.be\/nl\/wp-json\/wp\/v2\/media?parent=5973"}],"curies":[{"name":"wp","href":"https:\/\/api.w.org\/{rel}","templated":true}]}}