{"id":5445,"date":"2022-09-23T14:22:34","date_gmt":"2022-09-23T12:22:34","guid":{"rendered":"https:\/voorwaarden-voor-annulering-van-patienten\/"},"modified":"2022-09-23T14:26:04","modified_gmt":"2022-09-23T12:26:04","slug":"voorwaarden-voor-annulering-van-patienten","status":"publish","type":"page","link":"https:\/\/centre-medical-araucaria.be\/nl\/voorwaarden-voor-annulering-van-patienten\/","title":{"rendered":"Voorwaarden voor annulering van pati\u00ebnten"},"content":{"rendered":"<div class=\"wpb-content-wrapper\"><p>[vc_row full_width=&#8221;stretch_row&#8221; css=&#8221;.vc_custom_1648040576893{background-color: #a8deb7 !important;}&#8221;][vc_column][vc_column_text css=&#8221;.vc_custom_1663935746141{padding-top: 100px !important;padding-bottom: 100px !important;}&#8221;]<\/p>\n<h1 style=\"text-align: center;\">Voorwaarden voor annulering van pati\u00ebnten<\/h1>\n<p>[\/vc_column_text][\/vc_column][\/vc_row][vc_row][vc_column width=&#8221;1\/6&#8243;][\/vc_column][vc_column width=&#8221;2\/3&#8243;][vc_column_text]<br \/>\nAls u uw afspraak niet kunt nakomen, danken wij u voor<br \/>\nde tijd vrijmaken door ons <strong>ten minste 24 uur<\/strong> van tevoren op de hoogte te stellen op<br \/>\n02\/425 32 23. Zo niet, dan wordt u een vergoeding van 20 euro in rekening gebracht.<br \/>\nDit bedrag komt overeen met een vergoeding voor de kosten van deze<br \/>\nonaangekondigde annulering van het overleg.<\/p>\n<p>Dank u voor uw begrip.<\/p>\n<p>Vriendelijke groeten<\/p>\n<p>Medisch Centrum Araucaria<br \/>\nAraucarialaan 79<br \/>\n1020 Brussel<br \/>\nTel: 02\/425 32 23<br \/>\n<a href=\"https:\/nl\/\">www.centre-medical-araucaria.be<\/a>[\/vc_column_text][\/vc_column][vc_column width=&#8221;1\/6&#8243;][\/vc_column][\/vc_row]<\/p>\n<\/div>","protected":false},"excerpt":{"rendered":"<p>[vc_row full_width=&#8221;stretch_row&#8221; css=&#8221;.vc_custom_1648040576893{background-color: #a8deb7 !important;}&#8221;][vc_column][vc_column_text css=&#8221;.vc_custom_1663935746141{padding-top: 100px !important;padding-bottom: 100px !important;}&#8221;] Voorwaarden voor annulering van pati\u00ebnten [\/vc_column_text][\/vc_column][\/vc_row][vc_row][vc_column width=&#8221;1\/6&#8243;][\/vc_column][vc_column width=&#8221;2\/3&#8243;][vc_column_text] Als u uw afspraak niet kunt nakomen, danken wij u voor de tijd vrijmaken door ons ten minste 24 uur van tevoren op de hoogte te stellen op 02\/425 32 23. Zo niet, dan wordt u een [&hellip;]<\/p>\n","protected":false},"author":1,"featured_media":0,"parent":0,"menu_order":0,"comment_status":"closed","ping_status":"open","template":"","meta":{"footnotes":""},"class_list":["post-5445","page","type-page","status-publish","hentry"],"yoast_head":"<!-- This site is optimized with the Yoast SEO plugin v27.3 - https:\/\/yoast.com\/product\/yoast-seo-wordpress\/ -->\n<title>Voorwaarden voor annulering van pati\u00ebnten - Center M\u00e9dical Araucaria<\/title>\n<meta name=\"robots\" content=\"index, follow, max-snippet:-1, max-image-preview:large, max-video-preview:-1\" \/>\n<link rel=\"canonical\" href=\"https:\/\/centre-medical-araucaria.be\/nl\/voorwaarden-voor-annulering-van-patienten\/\" \/>\n<meta property=\"og:locale\" content=\"nl_NL\" \/>\n<meta property=\"og:type\" content=\"article\" \/>\n<meta property=\"og:title\" content=\"Voorwaarden voor annulering van pati\u00ebnten - Center M\u00e9dical Araucaria\" \/>\n<meta property=\"og:description\" content=\"[vc_row full_width=&#8221;stretch_row&#8221; css=&#8221;.vc_custom_1648040576893{background-color: #a8deb7 !important;}&#8221;][vc_column][vc_column_text css=&#8221;.vc_custom_1663935746141{padding-top: 100px !important;padding-bottom: 100px !important;}&#8221;] Voorwaarden voor annulering van pati\u00ebnten [\/vc_column_text][\/vc_column][\/vc_row][vc_row][vc_column width=&#8221;1\/6&#8243;][\/vc_column][vc_column width=&#8221;2\/3&#8243;][vc_column_text] Als u uw afspraak niet kunt nakomen, danken wij u voor de tijd vrijmaken door ons ten minste 24 uur van tevoren op de hoogte te stellen op 02\/425 32 23. Zo niet, dan wordt u een [&hellip;]\" \/>\n<meta property=\"og:url\" content=\"https:\/\/centre-medical-araucaria.be\/nl\/voorwaarden-voor-annulering-van-patienten\/\" \/>\n<meta property=\"og:site_name\" content=\"Center M\u00e9dical Araucaria\" \/>\n<meta property=\"article:modified_time\" content=\"2022-09-23T12:26:04+00:00\" \/>\n<meta name=\"twitter:card\" content=\"summary_large_image\" \/>\n<meta name=\"twitter:label1\" content=\"Geschatte leestijd\" \/>\n\t<meta name=\"twitter:data1\" content=\"1 minuut\" \/>\n<script type=\"application\/ld+json\" class=\"yoast-schema-graph\">{\"@context\":\"https:\\\/\\\/schema.org\",\"@graph\":[{\"@type\":\"WebPage\",\"@id\":\"https:\\\/\\\/centre-medical-araucaria.be\\\/nl\\\/voorwaarden-voor-annulering-van-patienten\\\/\",\"url\":\"https:\\\/\\\/centre-medical-araucaria.be\\\/nl\\\/voorwaarden-voor-annulering-van-patienten\\\/\",\"name\":\"Voorwaarden voor annulering van pati\u00ebnten - Center M\u00e9dical Araucaria\",\"isPartOf\":{\"@id\":\"https:\\\/\\\/centre-medical-araucaria.be\\\/nl\\\/#website\"},\"datePublished\":\"2022-09-23T12:22:34+00:00\",\"dateModified\":\"2022-09-23T12:26:04+00:00\",\"breadcrumb\":{\"@id\":\"https:\\\/\\\/centre-medical-araucaria.be\\\/nl\\\/voorwaarden-voor-annulering-van-patienten\\\/#breadcrumb\"},\"inLanguage\":\"nl-NL\",\"potentialAction\":[{\"@type\":\"ReadAction\",\"target\":[\"https:\\\/\\\/centre-medical-araucaria.be\\\/nl\\\/voorwaarden-voor-annulering-van-patienten\\\/\"]}]},{\"@type\":\"BreadcrumbList\",\"@id\":\"https:\\\/\\\/centre-medical-araucaria.be\\\/nl\\\/voorwaarden-voor-annulering-van-patienten\\\/#breadcrumb\",\"itemListElement\":[{\"@type\":\"ListItem\",\"position\":1,\"name\":\"Accueil\",\"item\":\"https:\\\/\\\/centre-medical-araucaria.be\\\/nl\\\/\"},{\"@type\":\"ListItem\",\"position\":2,\"name\":\"Voorwaarden voor annulering van pati\u00ebnten\"}]},{\"@type\":\"WebSite\",\"@id\":\"https:\\\/\\\/centre-medical-araucaria.be\\\/nl\\\/#website\",\"url\":\"https:\\\/\\\/centre-medical-araucaria.be\\\/nl\\\/\",\"name\":\"Center M\u00e9dical Araucaria\",\"description\":\"Le Centre M\u00e9dical Araucaria est une clinique m\u00e9dicale situ\u00e9e \u00e0 Laeken qui r\u00e9unit diff\u00e9rentes sp\u00e9cialit\u00e9s..\",\"publisher\":{\"@id\":\"https:\\\/\\\/centre-medical-araucaria.be\\\/nl\\\/#organization\"},\"potentialAction\":[{\"@type\":\"SearchAction\",\"target\":{\"@type\":\"EntryPoint\",\"urlTemplate\":\"https:\\\/\\\/centre-medical-araucaria.be\\\/nl\\\/?s={search_term_string}\"},\"query-input\":{\"@type\":\"PropertyValueSpecification\",\"valueRequired\":true,\"valueName\":\"search_term_string\"}}],\"inLanguage\":\"nl-NL\"},{\"@type\":\"Organization\",\"@id\":\"https:\\\/\\\/centre-medical-araucaria.be\\\/nl\\\/#organization\",\"name\":\"Centre m\u00e9dical Araucaria\",\"url\":\"https:\\\/\\\/centre-medical-araucaria.be\\\/nl\\\/\",\"logo\":{\"@type\":\"ImageObject\",\"inLanguage\":\"nl-NL\",\"@id\":\"https:\\\/\\\/centre-medical-araucaria.be\\\/nl\\\/#\\\/schema\\\/logo\\\/image\\\/\",\"url\":\"https:\\\/\\\/centre-medical-araucaria.be\\\/wp-content\\\/uploads\\\/2022\\\/02\\\/Centre_Medical_Araucaria_LOGO-web-1.png\",\"contentUrl\":\"https:\\\/\\\/centre-medical-araucaria.be\\\/wp-content\\\/uploads\\\/2022\\\/02\\\/Centre_Medical_Araucaria_LOGO-web-1.png\",\"width\":594,\"height\":200,\"caption\":\"Centre m\u00e9dical Araucaria\"},\"image\":{\"@id\":\"https:\\\/\\\/centre-medical-araucaria.be\\\/nl\\\/#\\\/schema\\\/logo\\\/image\\\/\"}}]}<\/script>\n<!-- \/ Yoast SEO plugin. -->","yoast_head_json":{"title":"Voorwaarden voor annulering van pati\u00ebnten - Center M\u00e9dical Araucaria","robots":{"index":"index","follow":"follow","max-snippet":"max-snippet:-1","max-image-preview":"max-image-preview:large","max-video-preview":"max-video-preview:-1"},"canonical":"https:\/\/centre-medical-araucaria.be\/nl\/voorwaarden-voor-annulering-van-patienten\/","og_locale":"nl_NL","og_type":"article","og_title":"Voorwaarden voor annulering van pati\u00ebnten - Center M\u00e9dical Araucaria","og_description":"[vc_row full_width=&#8221;stretch_row&#8221; css=&#8221;.vc_custom_1648040576893{background-color: #a8deb7 !important;}&#8221;][vc_column][vc_column_text css=&#8221;.vc_custom_1663935746141{padding-top: 100px !important;padding-bottom: 100px !important;}&#8221;] Voorwaarden voor annulering van pati\u00ebnten [\/vc_column_text][\/vc_column][\/vc_row][vc_row][vc_column width=&#8221;1\/6&#8243;][\/vc_column][vc_column width=&#8221;2\/3&#8243;][vc_column_text] Als u uw afspraak niet kunt nakomen, danken wij u voor de tijd vrijmaken door ons ten minste 24 uur van tevoren op de hoogte te stellen op 02\/425 32 23. Zo niet, dan wordt u een [&hellip;]","og_url":"https:\/\/centre-medical-araucaria.be\/nl\/voorwaarden-voor-annulering-van-patienten\/","og_site_name":"Center M\u00e9dical Araucaria","article_modified_time":"2022-09-23T12:26:04+00:00","twitter_card":"summary_large_image","twitter_misc":{"Geschatte leestijd":"1 minuut"},"schema":{"@context":"https:\/\/schema.org","@graph":[{"@type":"WebPage","@id":"https:\/\/centre-medical-araucaria.be\/nl\/voorwaarden-voor-annulering-van-patienten\/","url":"https:\/\/centre-medical-araucaria.be\/nl\/voorwaarden-voor-annulering-van-patienten\/","name":"Voorwaarden voor annulering van pati\u00ebnten - Center M\u00e9dical Araucaria","isPartOf":{"@id":"https:\/\/centre-medical-araucaria.be\/nl\/#website"},"datePublished":"2022-09-23T12:22:34+00:00","dateModified":"2022-09-23T12:26:04+00:00","breadcrumb":{"@id":"https:\/\/centre-medical-araucaria.be\/nl\/voorwaarden-voor-annulering-van-patienten\/#breadcrumb"},"inLanguage":"nl-NL","potentialAction":[{"@type":"ReadAction","target":["https:\/\/centre-medical-araucaria.be\/nl\/voorwaarden-voor-annulering-van-patienten\/"]}]},{"@type":"BreadcrumbList","@id":"https:\/\/centre-medical-araucaria.be\/nl\/voorwaarden-voor-annulering-van-patienten\/#breadcrumb","itemListElement":[{"@type":"ListItem","position":1,"name":"Accueil","item":"https:\/\/centre-medical-araucaria.be\/nl\/"},{"@type":"ListItem","position":2,"name":"Voorwaarden voor annulering van pati\u00ebnten"}]},{"@type":"WebSite","@id":"https:\/\/centre-medical-araucaria.be\/nl\/#website","url":"https:\/\/centre-medical-araucaria.be\/nl\/","name":"Center M\u00e9dical Araucaria","description":"Le Centre M\u00e9dical Araucaria est une clinique m\u00e9dicale situ\u00e9e \u00e0 Laeken qui r\u00e9unit diff\u00e9rentes sp\u00e9cialit\u00e9s..","publisher":{"@id":"https:\/\/centre-medical-araucaria.be\/nl\/#organization"},"potentialAction":[{"@type":"SearchAction","target":{"@type":"EntryPoint","urlTemplate":"https:\/\/centre-medical-araucaria.be\/nl\/?s={search_term_string}"},"query-input":{"@type":"PropertyValueSpecification","valueRequired":true,"valueName":"search_term_string"}}],"inLanguage":"nl-NL"},{"@type":"Organization","@id":"https:\/\/centre-medical-araucaria.be\/nl\/#organization","name":"Centre m\u00e9dical Araucaria","url":"https:\/\/centre-medical-araucaria.be\/nl\/","logo":{"@type":"ImageObject","inLanguage":"nl-NL","@id":"https:\/\/centre-medical-araucaria.be\/nl\/#\/schema\/logo\/image\/","url":"https:\/\/centre-medical-araucaria.be\/wp-content\/uploads\/2022\/02\/Centre_Medical_Araucaria_LOGO-web-1.png","contentUrl":"https:\/\/centre-medical-araucaria.be\/wp-content\/uploads\/2022\/02\/Centre_Medical_Araucaria_LOGO-web-1.png","width":594,"height":200,"caption":"Centre m\u00e9dical Araucaria"},"image":{"@id":"https:\/\/centre-medical-araucaria.be\/nl\/#\/schema\/logo\/image\/"}}]}},"_links":{"self":[{"href":"https:\/\/centre-medical-araucaria.be\/nl\/wp-json\/wp\/v2\/pages\/5445","targetHints":{"allow":["GET"]}}],"collection":[{"href":"https:\/\/centre-medical-araucaria.be\/nl\/wp-json\/wp\/v2\/pages"}],"about":[{"href":"https:\/\/centre-medical-araucaria.be\/nl\/wp-json\/wp\/v2\/types\/page"}],"author":[{"embeddable":true,"href":"https:\/\/centre-medical-araucaria.be\/nl\/wp-json\/wp\/v2\/users\/1"}],"replies":[{"embeddable":true,"href":"https:\/\/centre-medical-araucaria.be\/nl\/wp-json\/wp\/v2\/comments?post=5445"}],"version-history":[{"count":5,"href":"https:\/\/centre-medical-araucaria.be\/nl\/wp-json\/wp\/v2\/pages\/5445\/revisions"}],"predecessor-version":[{"id":5453,"href":"https:\/\/centre-medical-araucaria.be\/nl\/wp-json\/wp\/v2\/pages\/5445\/revisions\/5453"}],"wp:attachment":[{"href":"https:\/\/centre-medical-araucaria.be\/nl\/wp-json\/wp\/v2\/media?parent=5445"}],"curies":[{"name":"wp","href":"https:\/\/api.w.org\/{rel}","templated":true}]}}