{"id":4583,"date":"2022-05-16T14:53:37","date_gmt":"2022-05-16T12:53:37","guid":{"rendered":"https:\/het-team\/dr-camille-olivier\/"},"modified":"2022-06-22T09:49:21","modified_gmt":"2022-06-22T07:49:21","slug":"dr-camille-olivier","status":"publish","type":"page","link":"https:\/\/centre-medical-araucaria.be\/nl\/het-team\/dr-camille-olivier\/","title":{"rendered":"Dr. Camille Olivier"},"content":{"rendered":"<div class=\"wpb-content-wrapper\"><p>[vc_row css=&#8221;.vc_custom_1652705861646{padding-top: 50px !important;}&#8221;][vc_column][vc_row_inner content_placement=&#8221;middle&#8221;][vc_column_inner width=&#8221;1\/2&#8243;][vc_single_image image=&#8221;3952&#8243; img_size=&#8221;large&#8221; alignment=&#8221;center&#8221; style=&#8221;vc_box_circle_2&#8243; onclick=&#8221;custom_link&#8221; img_link_target=&#8221;_blank&#8221; css=&#8221;.vc_custom_1652705579197{border-top-width: 50px !important;border-right-width: 50px !important;border-bottom-width: 50px !important;border-left-width: 50px !important;}&#8221; link=&#8221;https:%2F%2Fprogenda.be%2Fcalendars%2Fdocteur-olivier-camille-bruxelles|&#8221;][\/vc_column_inner][vc_column_inner width=&#8221;1\/2&#8243;][vc_column_text]<\/p>\n<h1 class=\"page-title on-shop\" style=\"text-align: center;\">dr. Camille Olivier<\/h1>\n<p>[\/vc_column_text][vc_column_text]<\/p>\n<p style=\"text-align: center;\">Gynaecoloog, Zwangerschapszorg, preconceptieconsult en postpartumconsult<\/p>\n<p>[\/vc_column_text][vc_column_text el_class=&#8221;reservez-button-cont&#8221;]<a class=\"reservez-button\" href=\"https:\/\/progenda.be\/calendars\/docteur-olivier-camille-bruxelles\" target=\"_blank\" rel=\"noopener\">Een afspraak maken<\/a>[\/vc_column_text][\/vc_column_inner][\/vc_row_inner][vc_separator][vc_column_text]Ik ben opgeleid aan de Faculteit Geneeskunde van Parijs VII in Parijs, Frankrijk en vervolgens aan het Robert Debr\u00e9-ziekenhuis in Parijs, en werk sinds 2015 in Brussel aan het CHU Brugmann.<\/p>\n<p>Als hoofd van de kliniek voor maternale-foetale geneeskunde heb ik me gaandeweg gespecialiseerd in de begeleiding van zwangerschappen, van het preconceptieconsult tot het postpartumconsult.<\/p>\n<p>Ik heb niettemin een sterke interesse in de langetermijnopvolging van pati\u00ebnten, voor alles wat met anticonceptie, screening en behandeling van verschillende gynaecologische pathologie\u00ebn en preventie van urinecontinentiestoornissen te maken heeft.<\/p>\n<p>Gesproken talen: Frans en Engels.<br \/>\n[\/vc_column_text][\/vc_column][\/vc_row]<\/p>\n<\/div>","protected":false},"excerpt":{"rendered":"<p>[vc_row css=&#8221;.vc_custom_1652705861646{padding-top: 50px !important;}&#8221;][vc_column][vc_row_inner content_placement=&#8221;middle&#8221;][vc_column_inner width=&#8221;1\/2&#8243;][vc_single_image image=&#8221;3952&#8243; img_size=&#8221;large&#8221; alignment=&#8221;center&#8221; style=&#8221;vc_box_circle_2&#8243; onclick=&#8221;custom_link&#8221; img_link_target=&#8221;_blank&#8221; css=&#8221;.vc_custom_1652705579197{border-top-width: 50px !important;border-right-width: 50px !important;border-bottom-width: 50px !important;border-left-width: 50px !important;}&#8221; link=&#8221;https:%2F%2Fprogenda.be%2Fcalendars%2Fdocteur-olivier-camille-bruxelles|&#8221;][\/vc_column_inner][vc_column_inner width=&#8221;1\/2&#8243;][vc_column_text] dr. Camille Olivier [\/vc_column_text][vc_column_text] Gynaecoloog, Zwangerschapszorg, preconceptieconsult en postpartumconsult [\/vc_column_text][vc_column_text el_class=&#8221;reservez-button-cont&#8221;]Een afspraak maken[\/vc_column_text][\/vc_column_inner][\/vc_row_inner][vc_separator][vc_column_text]Ik ben opgeleid aan de Faculteit Geneeskunde van Parijs VII in Parijs, Frankrijk en vervolgens aan het Robert Debr\u00e9-ziekenhuis in [&hellip;]<\/p>\n","protected":false},"author":1,"featured_media":0,"parent":4528,"menu_order":0,"comment_status":"closed","ping_status":"closed","template":"page-boxed.php","meta":{"footnotes":""},"class_list":["post-4583","page","type-page","status-publish","hentry"],"yoast_head":"<!-- This site is optimized with the Yoast SEO plugin v27.3 - https:\/\/yoast.com\/product\/yoast-seo-wordpress\/ -->\n<title>Dr. Camille Olivier - Center M\u00e9dical Araucaria<\/title>\n<meta name=\"robots\" content=\"index, follow, max-snippet:-1, max-image-preview:large, max-video-preview:-1\" \/>\n<link rel=\"canonical\" href=\"https:\/\/centre-medical-araucaria.be\/nl\/het-team\/dr-camille-olivier\/\" \/>\n<meta property=\"og:locale\" content=\"nl_NL\" \/>\n<meta property=\"og:type\" content=\"article\" \/>\n<meta property=\"og:title\" content=\"Dr. Camille Olivier - Center M\u00e9dical Araucaria\" \/>\n<meta property=\"og:description\" content=\"[vc_row css=&#8221;.vc_custom_1652705861646{padding-top: 50px !important;}&#8221;][vc_column][vc_row_inner content_placement=&#8221;middle&#8221;][vc_column_inner width=&#8221;1\/2&#8243;][vc_single_image image=&#8221;3952&#8243; img_size=&#8221;large&#8221; alignment=&#8221;center&#8221; style=&#8221;vc_box_circle_2&#8243; onclick=&#8221;custom_link&#8221; img_link_target=&#8221;_blank&#8221; css=&#8221;.vc_custom_1652705579197{border-top-width: 50px !important;border-right-width: 50px !important;border-bottom-width: 50px !important;border-left-width: 50px !important;}&#8221; link=&#8221;https:%2F%2Fprogenda.be%2Fcalendars%2Fdocteur-olivier-camille-bruxelles|&#8221;][\/vc_column_inner][vc_column_inner width=&#8221;1\/2&#8243;][vc_column_text] dr. Camille Olivier [\/vc_column_text][vc_column_text] Gynaecoloog, Zwangerschapszorg, preconceptieconsult en postpartumconsult [\/vc_column_text][vc_column_text el_class=&#8221;reservez-button-cont&#8221;]Een afspraak maken[\/vc_column_text][\/vc_column_inner][\/vc_row_inner][vc_separator][vc_column_text]Ik ben opgeleid aan de Faculteit Geneeskunde van Parijs VII in Parijs, Frankrijk en vervolgens aan het Robert Debr\u00e9-ziekenhuis in [&hellip;]\" \/>\n<meta property=\"og:url\" content=\"https:\/\/centre-medical-araucaria.be\/nl\/het-team\/dr-camille-olivier\/\" \/>\n<meta property=\"og:site_name\" content=\"Center M\u00e9dical Araucaria\" \/>\n<meta property=\"article:modified_time\" content=\"2022-06-22T07:49:21+00:00\" \/>\n<meta name=\"twitter:card\" content=\"summary_large_image\" \/>\n<meta name=\"twitter:label1\" content=\"Geschatte leestijd\" \/>\n\t<meta name=\"twitter:data1\" content=\"1 minuut\" \/>\n<script type=\"application\/ld+json\" class=\"yoast-schema-graph\">{\"@context\":\"https:\\\/\\\/schema.org\",\"@graph\":[{\"@type\":\"WebPage\",\"@id\":\"https:\\\/\\\/centre-medical-araucaria.be\\\/nl\\\/het-team\\\/dr-camille-olivier\\\/\",\"url\":\"https:\\\/\\\/centre-medical-araucaria.be\\\/nl\\\/het-team\\\/dr-camille-olivier\\\/\",\"name\":\"Dr. Camille Olivier - Center M\u00e9dical Araucaria\",\"isPartOf\":{\"@id\":\"https:\\\/\\\/centre-medical-araucaria.be\\\/nl\\\/#website\"},\"datePublished\":\"2022-05-16T12:53:37+00:00\",\"dateModified\":\"2022-06-22T07:49:21+00:00\",\"breadcrumb\":{\"@id\":\"https:\\\/\\\/centre-medical-araucaria.be\\\/nl\\\/het-team\\\/dr-camille-olivier\\\/#breadcrumb\"},\"inLanguage\":\"nl-NL\",\"potentialAction\":[{\"@type\":\"ReadAction\",\"target\":[\"https:\\\/\\\/centre-medical-araucaria.be\\\/nl\\\/het-team\\\/dr-camille-olivier\\\/\"]}]},{\"@type\":\"BreadcrumbList\",\"@id\":\"https:\\\/\\\/centre-medical-araucaria.be\\\/nl\\\/het-team\\\/dr-camille-olivier\\\/#breadcrumb\",\"itemListElement\":[{\"@type\":\"ListItem\",\"position\":1,\"name\":\"Accueil\",\"item\":\"https:\\\/\\\/centre-medical-araucaria.be\\\/nl\\\/\"},{\"@type\":\"ListItem\",\"position\":2,\"name\":\"het team\",\"item\":\"https:\\\/\\\/centre-medical-araucaria.be\\\/nl\\\/het-team\\\/\"},{\"@type\":\"ListItem\",\"position\":3,\"name\":\"Dr. Camille Olivier\"}]},{\"@type\":\"WebSite\",\"@id\":\"https:\\\/\\\/centre-medical-araucaria.be\\\/nl\\\/#website\",\"url\":\"https:\\\/\\\/centre-medical-araucaria.be\\\/nl\\\/\",\"name\":\"Center M\u00e9dical Araucaria\",\"description\":\"Le Centre M\u00e9dical Araucaria est une clinique m\u00e9dicale situ\u00e9e \u00e0 Laeken qui r\u00e9unit diff\u00e9rentes sp\u00e9cialit\u00e9s..\",\"publisher\":{\"@id\":\"https:\\\/\\\/centre-medical-araucaria.be\\\/nl\\\/#organization\"},\"potentialAction\":[{\"@type\":\"SearchAction\",\"target\":{\"@type\":\"EntryPoint\",\"urlTemplate\":\"https:\\\/\\\/centre-medical-araucaria.be\\\/nl\\\/?s={search_term_string}\"},\"query-input\":{\"@type\":\"PropertyValueSpecification\",\"valueRequired\":true,\"valueName\":\"search_term_string\"}}],\"inLanguage\":\"nl-NL\"},{\"@type\":\"Organization\",\"@id\":\"https:\\\/\\\/centre-medical-araucaria.be\\\/nl\\\/#organization\",\"name\":\"Centre m\u00e9dical Araucaria\",\"url\":\"https:\\\/\\\/centre-medical-araucaria.be\\\/nl\\\/\",\"logo\":{\"@type\":\"ImageObject\",\"inLanguage\":\"nl-NL\",\"@id\":\"https:\\\/\\\/centre-medical-araucaria.be\\\/nl\\\/#\\\/schema\\\/logo\\\/image\\\/\",\"url\":\"https:\\\/\\\/centre-medical-araucaria.be\\\/wp-content\\\/uploads\\\/2022\\\/02\\\/Centre_Medical_Araucaria_LOGO-web-1.png\",\"contentUrl\":\"https:\\\/\\\/centre-medical-araucaria.be\\\/wp-content\\\/uploads\\\/2022\\\/02\\\/Centre_Medical_Araucaria_LOGO-web-1.png\",\"width\":594,\"height\":200,\"caption\":\"Centre m\u00e9dical Araucaria\"},\"image\":{\"@id\":\"https:\\\/\\\/centre-medical-araucaria.be\\\/nl\\\/#\\\/schema\\\/logo\\\/image\\\/\"}}]}<\/script>\n<!-- \/ Yoast SEO plugin. -->","yoast_head_json":{"title":"Dr. Camille Olivier - Center M\u00e9dical Araucaria","robots":{"index":"index","follow":"follow","max-snippet":"max-snippet:-1","max-image-preview":"max-image-preview:large","max-video-preview":"max-video-preview:-1"},"canonical":"https:\/\/centre-medical-araucaria.be\/nl\/het-team\/dr-camille-olivier\/","og_locale":"nl_NL","og_type":"article","og_title":"Dr. Camille Olivier - Center M\u00e9dical Araucaria","og_description":"[vc_row css=&#8221;.vc_custom_1652705861646{padding-top: 50px !important;}&#8221;][vc_column][vc_row_inner content_placement=&#8221;middle&#8221;][vc_column_inner width=&#8221;1\/2&#8243;][vc_single_image image=&#8221;3952&#8243; img_size=&#8221;large&#8221; alignment=&#8221;center&#8221; style=&#8221;vc_box_circle_2&#8243; onclick=&#8221;custom_link&#8221; img_link_target=&#8221;_blank&#8221; css=&#8221;.vc_custom_1652705579197{border-top-width: 50px !important;border-right-width: 50px !important;border-bottom-width: 50px !important;border-left-width: 50px !important;}&#8221; link=&#8221;https:%2F%2Fprogenda.be%2Fcalendars%2Fdocteur-olivier-camille-bruxelles|&#8221;][\/vc_column_inner][vc_column_inner width=&#8221;1\/2&#8243;][vc_column_text] dr. Camille Olivier [\/vc_column_text][vc_column_text] Gynaecoloog, Zwangerschapszorg, preconceptieconsult en postpartumconsult [\/vc_column_text][vc_column_text el_class=&#8221;reservez-button-cont&#8221;]Een afspraak maken[\/vc_column_text][\/vc_column_inner][\/vc_row_inner][vc_separator][vc_column_text]Ik ben opgeleid aan de Faculteit Geneeskunde van Parijs VII in Parijs, Frankrijk en vervolgens aan het Robert Debr\u00e9-ziekenhuis in [&hellip;]","og_url":"https:\/\/centre-medical-araucaria.be\/nl\/het-team\/dr-camille-olivier\/","og_site_name":"Center M\u00e9dical Araucaria","article_modified_time":"2022-06-22T07:49:21+00:00","twitter_card":"summary_large_image","twitter_misc":{"Geschatte leestijd":"1 minuut"},"schema":{"@context":"https:\/\/schema.org","@graph":[{"@type":"WebPage","@id":"https:\/\/centre-medical-araucaria.be\/nl\/het-team\/dr-camille-olivier\/","url":"https:\/\/centre-medical-araucaria.be\/nl\/het-team\/dr-camille-olivier\/","name":"Dr. Camille Olivier - Center M\u00e9dical Araucaria","isPartOf":{"@id":"https:\/\/centre-medical-araucaria.be\/nl\/#website"},"datePublished":"2022-05-16T12:53:37+00:00","dateModified":"2022-06-22T07:49:21+00:00","breadcrumb":{"@id":"https:\/\/centre-medical-araucaria.be\/nl\/het-team\/dr-camille-olivier\/#breadcrumb"},"inLanguage":"nl-NL","potentialAction":[{"@type":"ReadAction","target":["https:\/\/centre-medical-araucaria.be\/nl\/het-team\/dr-camille-olivier\/"]}]},{"@type":"BreadcrumbList","@id":"https:\/\/centre-medical-araucaria.be\/nl\/het-team\/dr-camille-olivier\/#breadcrumb","itemListElement":[{"@type":"ListItem","position":1,"name":"Accueil","item":"https:\/\/centre-medical-araucaria.be\/nl\/"},{"@type":"ListItem","position":2,"name":"het team","item":"https:\/\/centre-medical-araucaria.be\/nl\/het-team\/"},{"@type":"ListItem","position":3,"name":"Dr. Camille Olivier"}]},{"@type":"WebSite","@id":"https:\/\/centre-medical-araucaria.be\/nl\/#website","url":"https:\/\/centre-medical-araucaria.be\/nl\/","name":"Center M\u00e9dical Araucaria","description":"Le Centre M\u00e9dical Araucaria est une clinique m\u00e9dicale situ\u00e9e \u00e0 Laeken qui r\u00e9unit diff\u00e9rentes sp\u00e9cialit\u00e9s..","publisher":{"@id":"https:\/\/centre-medical-araucaria.be\/nl\/#organization"},"potentialAction":[{"@type":"SearchAction","target":{"@type":"EntryPoint","urlTemplate":"https:\/\/centre-medical-araucaria.be\/nl\/?s={search_term_string}"},"query-input":{"@type":"PropertyValueSpecification","valueRequired":true,"valueName":"search_term_string"}}],"inLanguage":"nl-NL"},{"@type":"Organization","@id":"https:\/\/centre-medical-araucaria.be\/nl\/#organization","name":"Centre m\u00e9dical Araucaria","url":"https:\/\/centre-medical-araucaria.be\/nl\/","logo":{"@type":"ImageObject","inLanguage":"nl-NL","@id":"https:\/\/centre-medical-araucaria.be\/nl\/#\/schema\/logo\/image\/","url":"https:\/\/centre-medical-araucaria.be\/wp-content\/uploads\/2022\/02\/Centre_Medical_Araucaria_LOGO-web-1.png","contentUrl":"https:\/\/centre-medical-araucaria.be\/wp-content\/uploads\/2022\/02\/Centre_Medical_Araucaria_LOGO-web-1.png","width":594,"height":200,"caption":"Centre m\u00e9dical Araucaria"},"image":{"@id":"https:\/\/centre-medical-araucaria.be\/nl\/#\/schema\/logo\/image\/"}}]}},"_links":{"self":[{"href":"https:\/\/centre-medical-araucaria.be\/nl\/wp-json\/wp\/v2\/pages\/4583","targetHints":{"allow":["GET"]}}],"collection":[{"href":"https:\/\/centre-medical-araucaria.be\/nl\/wp-json\/wp\/v2\/pages"}],"about":[{"href":"https:\/\/centre-medical-araucaria.be\/nl\/wp-json\/wp\/v2\/types\/page"}],"author":[{"embeddable":true,"href":"https:\/\/centre-medical-araucaria.be\/nl\/wp-json\/wp\/v2\/users\/1"}],"replies":[{"embeddable":true,"href":"https:\/\/centre-medical-araucaria.be\/nl\/wp-json\/wp\/v2\/comments?post=4583"}],"version-history":[{"count":4,"href":"https:\/\/centre-medical-araucaria.be\/nl\/wp-json\/wp\/v2\/pages\/4583\/revisions"}],"predecessor-version":[{"id":4591,"href":"https:\/\/centre-medical-araucaria.be\/nl\/wp-json\/wp\/v2\/pages\/4583\/revisions\/4591"}],"up":[{"embeddable":true,"href":"https:\/\/centre-medical-araucaria.be\/nl\/wp-json\/wp\/v2\/pages\/4528"}],"wp:attachment":[{"href":"https:\/\/centre-medical-araucaria.be\/nl\/wp-json\/wp\/v2\/media?parent=4583"}],"curies":[{"name":"wp","href":"https:\/\/api.w.org\/{rel}","templated":true}]}}