{"id":4512,"date":"2022-02-20T13:44:51","date_gmt":"2022-02-20T12:44:51","guid":{"rendered":"https:\/stomatologie\/"},"modified":"2022-09-20T14:47:15","modified_gmt":"2022-09-20T12:47:15","slug":"stomatologie","status":"publish","type":"page","link":"https:\/\/centre-medical-araucaria.be\/nl\/stomatologie\/","title":{"rendered":"Stomatologie"},"content":{"rendered":"<div class=\"wpb-content-wrapper\"><p>[vc_row full_width=&#8221;stretch_row&#8221; css_animation=&#8221;fadeIn&#8221; css=&#8221;.vc_custom_1646069484659{margin-bottom: 25px !important;background-image: url(https:\/\/centre-medical-araucaria.be\/wp-content\/uploads\/2022\/02\/stomato.jpg?id=3242) !important;background-position: center !important;background-repeat: no-repeat !important;background-size: cover !important;}&#8221;][vc_column][vc_column_text css=&#8221;.vc_custom_1646067998669{padding-top: 100px !important;padding-bottom: 100px !important;}&#8221;]<\/p>\n<h1 style=\"text-align: center;\"><span style=\"font-size: 150%; color: #15354d;\">Stomatologie<\/span><\/h1>\n<p>[\/vc_column_text][\/vc_column][\/vc_row][vc_row][vc_column width=&#8221;1\/6&#8243;][\/vc_column][vc_column width=&#8221;2\/3&#8243;][vc_column_text]Stomatologie is zowel een medisch als chirurgisch specialiteit. De stomatoloog is gespecialiseerd in alles wat met het gezicht en de mondholte te maken heeft, hij kan chirurgische ingrepen uitvoeren voor de cranio-maxillo-faciale gebieden.<\/p>\n<p><strong>Pathologie\u00ebn behandeld en operaties aangeboden<\/strong><\/p>\n<p>Onze afdeling Kaak- en Kaakchirurgie behandelt in het bijzonder:<\/p>\n<ul>\n<li>pre-implantaire chirurgie (grafts en maxillo-mandibulaire vullingen, sinuslift),<\/li>\n<li>tandheelkundige implantaten,<\/li>\n<li>tandheelkundige avulsies (enkele of meerdere tandheelkundige extracties),<\/li>\n<li>cysten en tumoren van de kaken,<\/li>\n<li>laesies en pathologie\u00ebn van het mondslijmvlies,<\/li>\n<li>pathologie\u00ebn van de speekselklieren (tumoren, lithiasis, infectieuze pathologie),<\/li>\n<li>gingivale pathologie\u00ebn, parodontologie,<\/li>\n<li>gewrichtsaandoeningen van de kaken (gewrichtspijn en kraken) door orthese en revalidatie,<\/li>\n<li>slaapapneu door corrigerende orthese,<\/li>\n<\/ul>\n<p>[\/vc_column_text][\/vc_column][vc_column width=&#8221;1\/6&#8243;][\/vc_column][\/vc_row][vc_row full_width=&#8221;stretch_row_content_no_spaces&#8221; css=&#8221;.vc_custom_1645782957724{margin-bottom: -50px !important;}&#8221;][vc_column][vc_gmaps link=&#8221;#E-8_JTNDaWZyYW1lJTIwc3JjJTNEJTIyaHR0cHMlM0ElMkYlMkZ3d3cuZ29vZ2xlLmNvbSUyRm1hcHMlMkZlbWJlZCUzRnBiJTNEJTIxMW0xOCUyMTFtMTIlMjExbTMlMjExZDI1MTYuNDg4ODc2OTM0ODQ3NyUyMTJkNC4zNjEyNzExMTU2MzMxNzclMjEzZDUwLjg5NjE2OTY3OTUzOTM4JTIxMm0zJTIxMWYwJTIxMmYwJTIxM2YwJTIxM20yJTIxMWkxMDI0JTIxMmk3NjglMjE0ZjEzLjElMjEzbTMlMjExbTIlMjExczB4NDdjM2MyNTY1YmMxN2NiYiUyNTNBMHgyNGQwYjQwNjc0ODk4MmQlMjEyc0F2LiUyNTIwZGUlMjUyMGwlMjdBcmF1Y2FyaWElMjUyMDc5JTI1MkMlMjUyMDEwMjAlMjUyMEJydXhlbGxlcyUyNTJDJTI1MjBCZWxnaXVtJTIxNWUwJTIxM20yJTIxMXNlbiUyMTJzbWElMjE0djE2NDUxNzgxMzIzNDYlMjE1bTIlMjExc2VuJTIxMnNtYSUyMiUyMHdpZHRoJTNEJTIyNjAwJTIyJTIwaGVpZ2h0JTNEJTIyNDUwJTIyJTIwc3R5bGUlM0QlMjJib3JkZXIlM0EwJTNCJTIyJTIwYWxsb3dmdWxsc2NyZWVuJTNEJTIyJTIyJTIwbG9hZGluZyUzRCUyMmxhenklMjIlM0UlM0MlMkZpZnJhbWUlM0U=&#8221;][\/vc_column][\/vc_row]<\/p>\n<\/div>","protected":false},"excerpt":{"rendered":"<p>[vc_row full_width=&#8221;stretch_row&#8221; css_animation=&#8221;fadeIn&#8221; css=&#8221;.vc_custom_1646069484659{margin-bottom: 25px !important;background-image: url(https:\/\/centre-medical-araucaria.be\/wp-content\/uploads\/2022\/02\/stomato.jpg?id=3242) !important;background-position: center !important;background-repeat: no-repeat !important;background-size: cover !important;}&#8221;][vc_column][vc_column_text css=&#8221;.vc_custom_1646067998669{padding-top: 100px !important;padding-bottom: 100px !important;}&#8221;] Stomatologie [\/vc_column_text][\/vc_column][\/vc_row][vc_row][vc_column width=&#8221;1\/6&#8243;][\/vc_column][vc_column width=&#8221;2\/3&#8243;][vc_column_text]Stomatologie is zowel een medisch als chirurgisch specialiteit. De stomatoloog is gespecialiseerd in alles wat met het gezicht en de mondholte te maken heeft, hij kan chirurgische ingrepen uitvoeren voor de cranio-maxillo-faciale gebieden. [&hellip;]<\/p>\n","protected":false},"author":1,"featured_media":0,"parent":0,"menu_order":0,"comment_status":"closed","ping_status":"closed","template":"","meta":{"footnotes":""},"class_list":["post-4512","page","type-page","status-publish","hentry"],"yoast_head":"<!-- This site is optimized with the Yoast SEO plugin v27.3 - https:\/\/yoast.com\/product\/yoast-seo-wordpress\/ -->\n<title>Stomatologie - Center M\u00e9dical Araucaria<\/title>\n<meta name=\"robots\" content=\"index, follow, max-snippet:-1, max-image-preview:large, max-video-preview:-1\" \/>\n<link rel=\"canonical\" href=\"https:\/\/centre-medical-araucaria.be\/nl\/stomatologie\/\" \/>\n<meta property=\"og:locale\" content=\"nl_NL\" \/>\n<meta property=\"og:type\" content=\"article\" \/>\n<meta property=\"og:title\" content=\"Stomatologie - Center M\u00e9dical Araucaria\" \/>\n<meta property=\"og:description\" content=\"[vc_row full_width=&#8221;stretch_row&#8221; css_animation=&#8221;fadeIn&#8221; css=&#8221;.vc_custom_1646069484659{margin-bottom: 25px !important;background-image: url(https:\/\/centre-medical-araucaria.be\/wp-content\/uploads\/2022\/02\/stomato.jpg?id=3242) !important;background-position: center !important;background-repeat: no-repeat !important;background-size: cover !important;}&#8221;][vc_column][vc_column_text css=&#8221;.vc_custom_1646067998669{padding-top: 100px !important;padding-bottom: 100px !important;}&#8221;] Stomatologie [\/vc_column_text][\/vc_column][\/vc_row][vc_row][vc_column width=&#8221;1\/6&#8243;][\/vc_column][vc_column width=&#8221;2\/3&#8243;][vc_column_text]Stomatologie is zowel een medisch als chirurgisch specialiteit. De stomatoloog is gespecialiseerd in alles wat met het gezicht en de mondholte te maken heeft, hij kan chirurgische ingrepen uitvoeren voor de cranio-maxillo-faciale gebieden. [&hellip;]\" \/>\n<meta property=\"og:url\" content=\"https:\/\/centre-medical-araucaria.be\/nl\/stomatologie\/\" \/>\n<meta property=\"og:site_name\" content=\"Center M\u00e9dical Araucaria\" \/>\n<meta property=\"article:modified_time\" content=\"2022-09-20T12:47:15+00:00\" \/>\n<meta name=\"twitter:card\" content=\"summary_large_image\" \/>\n<meta name=\"twitter:label1\" content=\"Geschatte leestijd\" \/>\n\t<meta name=\"twitter:data1\" content=\"1 minuut\" \/>\n<script type=\"application\/ld+json\" class=\"yoast-schema-graph\">{\"@context\":\"https:\\\/\\\/schema.org\",\"@graph\":[{\"@type\":\"WebPage\",\"@id\":\"https:\\\/\\\/centre-medical-araucaria.be\\\/nl\\\/stomatologie\\\/\",\"url\":\"https:\\\/\\\/centre-medical-araucaria.be\\\/nl\\\/stomatologie\\\/\",\"name\":\"Stomatologie - Center M\u00e9dical Araucaria\",\"isPartOf\":{\"@id\":\"https:\\\/\\\/centre-medical-araucaria.be\\\/nl\\\/#website\"},\"datePublished\":\"2022-02-20T12:44:51+00:00\",\"dateModified\":\"2022-09-20T12:47:15+00:00\",\"breadcrumb\":{\"@id\":\"https:\\\/\\\/centre-medical-araucaria.be\\\/nl\\\/stomatologie\\\/#breadcrumb\"},\"inLanguage\":\"nl-NL\",\"potentialAction\":[{\"@type\":\"ReadAction\",\"target\":[\"https:\\\/\\\/centre-medical-araucaria.be\\\/nl\\\/stomatologie\\\/\"]}]},{\"@type\":\"BreadcrumbList\",\"@id\":\"https:\\\/\\\/centre-medical-araucaria.be\\\/nl\\\/stomatologie\\\/#breadcrumb\",\"itemListElement\":[{\"@type\":\"ListItem\",\"position\":1,\"name\":\"Accueil\",\"item\":\"https:\\\/\\\/centre-medical-araucaria.be\\\/nl\\\/\"},{\"@type\":\"ListItem\",\"position\":2,\"name\":\"Stomatologie\"}]},{\"@type\":\"WebSite\",\"@id\":\"https:\\\/\\\/centre-medical-araucaria.be\\\/nl\\\/#website\",\"url\":\"https:\\\/\\\/centre-medical-araucaria.be\\\/nl\\\/\",\"name\":\"Center M\u00e9dical Araucaria\",\"description\":\"Le Centre M\u00e9dical Araucaria est une clinique m\u00e9dicale situ\u00e9e \u00e0 Laeken qui r\u00e9unit diff\u00e9rentes sp\u00e9cialit\u00e9s..\",\"publisher\":{\"@id\":\"https:\\\/\\\/centre-medical-araucaria.be\\\/nl\\\/#organization\"},\"potentialAction\":[{\"@type\":\"SearchAction\",\"target\":{\"@type\":\"EntryPoint\",\"urlTemplate\":\"https:\\\/\\\/centre-medical-araucaria.be\\\/nl\\\/?s={search_term_string}\"},\"query-input\":{\"@type\":\"PropertyValueSpecification\",\"valueRequired\":true,\"valueName\":\"search_term_string\"}}],\"inLanguage\":\"nl-NL\"},{\"@type\":\"Organization\",\"@id\":\"https:\\\/\\\/centre-medical-araucaria.be\\\/nl\\\/#organization\",\"name\":\"Centre m\u00e9dical Araucaria\",\"url\":\"https:\\\/\\\/centre-medical-araucaria.be\\\/nl\\\/\",\"logo\":{\"@type\":\"ImageObject\",\"inLanguage\":\"nl-NL\",\"@id\":\"https:\\\/\\\/centre-medical-araucaria.be\\\/nl\\\/#\\\/schema\\\/logo\\\/image\\\/\",\"url\":\"https:\\\/\\\/centre-medical-araucaria.be\\\/wp-content\\\/uploads\\\/2022\\\/02\\\/Centre_Medical_Araucaria_LOGO-web-1.png\",\"contentUrl\":\"https:\\\/\\\/centre-medical-araucaria.be\\\/wp-content\\\/uploads\\\/2022\\\/02\\\/Centre_Medical_Araucaria_LOGO-web-1.png\",\"width\":594,\"height\":200,\"caption\":\"Centre m\u00e9dical Araucaria\"},\"image\":{\"@id\":\"https:\\\/\\\/centre-medical-araucaria.be\\\/nl\\\/#\\\/schema\\\/logo\\\/image\\\/\"}}]}<\/script>\n<!-- \/ Yoast SEO plugin. -->","yoast_head_json":{"title":"Stomatologie - Center M\u00e9dical Araucaria","robots":{"index":"index","follow":"follow","max-snippet":"max-snippet:-1","max-image-preview":"max-image-preview:large","max-video-preview":"max-video-preview:-1"},"canonical":"https:\/\/centre-medical-araucaria.be\/nl\/stomatologie\/","og_locale":"nl_NL","og_type":"article","og_title":"Stomatologie - Center M\u00e9dical Araucaria","og_description":"[vc_row full_width=&#8221;stretch_row&#8221; css_animation=&#8221;fadeIn&#8221; css=&#8221;.vc_custom_1646069484659{margin-bottom: 25px !important;background-image: url(https:\/\/centre-medical-araucaria.be\/wp-content\/uploads\/2022\/02\/stomato.jpg?id=3242) !important;background-position: center !important;background-repeat: no-repeat !important;background-size: cover !important;}&#8221;][vc_column][vc_column_text css=&#8221;.vc_custom_1646067998669{padding-top: 100px !important;padding-bottom: 100px !important;}&#8221;] Stomatologie [\/vc_column_text][\/vc_column][\/vc_row][vc_row][vc_column width=&#8221;1\/6&#8243;][\/vc_column][vc_column width=&#8221;2\/3&#8243;][vc_column_text]Stomatologie is zowel een medisch als chirurgisch specialiteit. De stomatoloog is gespecialiseerd in alles wat met het gezicht en de mondholte te maken heeft, hij kan chirurgische ingrepen uitvoeren voor de cranio-maxillo-faciale gebieden. [&hellip;]","og_url":"https:\/\/centre-medical-araucaria.be\/nl\/stomatologie\/","og_site_name":"Center M\u00e9dical Araucaria","article_modified_time":"2022-09-20T12:47:15+00:00","twitter_card":"summary_large_image","twitter_misc":{"Geschatte leestijd":"1 minuut"},"schema":{"@context":"https:\/\/schema.org","@graph":[{"@type":"WebPage","@id":"https:\/\/centre-medical-araucaria.be\/nl\/stomatologie\/","url":"https:\/\/centre-medical-araucaria.be\/nl\/stomatologie\/","name":"Stomatologie - Center M\u00e9dical Araucaria","isPartOf":{"@id":"https:\/\/centre-medical-araucaria.be\/nl\/#website"},"datePublished":"2022-02-20T12:44:51+00:00","dateModified":"2022-09-20T12:47:15+00:00","breadcrumb":{"@id":"https:\/\/centre-medical-araucaria.be\/nl\/stomatologie\/#breadcrumb"},"inLanguage":"nl-NL","potentialAction":[{"@type":"ReadAction","target":["https:\/\/centre-medical-araucaria.be\/nl\/stomatologie\/"]}]},{"@type":"BreadcrumbList","@id":"https:\/\/centre-medical-araucaria.be\/nl\/stomatologie\/#breadcrumb","itemListElement":[{"@type":"ListItem","position":1,"name":"Accueil","item":"https:\/\/centre-medical-araucaria.be\/nl\/"},{"@type":"ListItem","position":2,"name":"Stomatologie"}]},{"@type":"WebSite","@id":"https:\/\/centre-medical-araucaria.be\/nl\/#website","url":"https:\/\/centre-medical-araucaria.be\/nl\/","name":"Center M\u00e9dical Araucaria","description":"Le Centre M\u00e9dical Araucaria est une clinique m\u00e9dicale situ\u00e9e \u00e0 Laeken qui r\u00e9unit diff\u00e9rentes sp\u00e9cialit\u00e9s..","publisher":{"@id":"https:\/\/centre-medical-araucaria.be\/nl\/#organization"},"potentialAction":[{"@type":"SearchAction","target":{"@type":"EntryPoint","urlTemplate":"https:\/\/centre-medical-araucaria.be\/nl\/?s={search_term_string}"},"query-input":{"@type":"PropertyValueSpecification","valueRequired":true,"valueName":"search_term_string"}}],"inLanguage":"nl-NL"},{"@type":"Organization","@id":"https:\/\/centre-medical-araucaria.be\/nl\/#organization","name":"Centre m\u00e9dical Araucaria","url":"https:\/\/centre-medical-araucaria.be\/nl\/","logo":{"@type":"ImageObject","inLanguage":"nl-NL","@id":"https:\/\/centre-medical-araucaria.be\/nl\/#\/schema\/logo\/image\/","url":"https:\/\/centre-medical-araucaria.be\/wp-content\/uploads\/2022\/02\/Centre_Medical_Araucaria_LOGO-web-1.png","contentUrl":"https:\/\/centre-medical-araucaria.be\/wp-content\/uploads\/2022\/02\/Centre_Medical_Araucaria_LOGO-web-1.png","width":594,"height":200,"caption":"Centre m\u00e9dical Araucaria"},"image":{"@id":"https:\/\/centre-medical-araucaria.be\/nl\/#\/schema\/logo\/image\/"}}]}},"_links":{"self":[{"href":"https:\/\/centre-medical-araucaria.be\/nl\/wp-json\/wp\/v2\/pages\/4512","targetHints":{"allow":["GET"]}}],"collection":[{"href":"https:\/\/centre-medical-araucaria.be\/nl\/wp-json\/wp\/v2\/pages"}],"about":[{"href":"https:\/\/centre-medical-araucaria.be\/nl\/wp-json\/wp\/v2\/types\/page"}],"author":[{"embeddable":true,"href":"https:\/\/centre-medical-araucaria.be\/nl\/wp-json\/wp\/v2\/users\/1"}],"replies":[{"embeddable":true,"href":"https:\/\/centre-medical-araucaria.be\/nl\/wp-json\/wp\/v2\/comments?post=4512"}],"version-history":[{"count":3,"href":"https:\/\/centre-medical-araucaria.be\/nl\/wp-json\/wp\/v2\/pages\/4512\/revisions"}],"predecessor-version":[{"id":5433,"href":"https:\/\/centre-medical-araucaria.be\/nl\/wp-json\/wp\/v2\/pages\/4512\/revisions\/5433"}],"wp:attachment":[{"href":"https:\/\/centre-medical-araucaria.be\/nl\/wp-json\/wp\/v2\/media?parent=4512"}],"curies":[{"name":"wp","href":"https:\/\/api.w.org\/{rel}","templated":true}]}}