{"id":4453,"date":"2022-02-19T21:52:36","date_gmt":"2022-02-19T20:52:36","guid":{"rendered":"https:\/osteopaat\/"},"modified":"2022-07-04T06:40:12","modified_gmt":"2022-07-04T04:40:12","slug":"osteopaat","status":"publish","type":"page","link":"https:\/\/centre-medical-araucaria.be\/nl\/osteopaat\/","title":{"rendered":"Osteopaat"},"content":{"rendered":"<div class=\"wpb-content-wrapper\"><p>[vc_row full_width=&#8221;stretch_row&#8221; css_animation=&#8221;fadeIn&#8221; css=&#8221;.vc_custom_1646069626034{margin-bottom: 25px !important;background-image: url(https:\/\/centre-medical-araucaria.be\/wp-content\/uploads\/2022\/02\/ostheopathe.jpg?id=3150) !important;background-position: center !important;background-repeat: no-repeat !important;background-size: cover !important;}&#8221;][vc_column][vc_column_text css=&#8221;.vc_custom_1646055054151{padding-top: 100px !important;padding-bottom: 100px !important;}&#8221;]<\/p>\n<h1 style=\"text-align: center;\"><span style=\"font-size: 150%; color: #b3dbc3;\">Osteopaat<\/span><\/h1>\n<p>[\/vc_column_text][\/vc_column][\/vc_row][vc_row content_placement=&#8221;middle&#8221;][vc_column width=&#8221;1\/6&#8243;][\/vc_column][vc_column width=&#8221;1\/3&#8243;][vc_single_image image=&#8221;3078&#8243; img_size=&#8221;large&#8221; alignment=&#8221;center&#8221; style=&#8221;vc_box_circle_2&#8243; onclick=&#8221;custom_link&#8221; img_link_target=&#8221;_blank&#8221; css=&#8221;.vc_custom_1646053096584{border-top-width: 50px !important;border-right-width: 50px !important;border-bottom-width: 50px !important;border-left-width: 50px !important;}&#8221; link=&#8221;https:%2F%2Fprogenda.be%2Fcalendars%2Fcianci-pier-luigi-osteopathe-bruxelles|&#8221;][\/vc_column][vc_column width=&#8221;1\/3&#8243;][vc_column_text]<\/p>\n<h1 class=\"page-title on-shop\" style=\"text-align: center;\">Pier Luigi<br \/>\nCianci<\/h1>\n<p>[\/vc_column_text][vc_column_text el_class=&#8221;reservez-button-cont&#8221;]<a class=\"reservez-button\" href=\"https:\/\/progenda.be\/calendars\/cianci-pier-luigi-osteopathe-bruxelles\" target=\"_blank\" rel=\"noopener\">Een afspraak maken<\/a>[\/vc_column_text][\/vc_column][vc_column width=&#8221;1\/6&#8243;][\/vc_column][\/vc_row][vc_row content_placement=&#8221;middle&#8221;][vc_column width=&#8221;1\/6&#8243;][\/vc_column][vc_column width=&#8221;2\/3&#8243;][vc_separator][vc_column_text]Na 6 jaar gestudeerd te hebben aan de ULB, ontving Pier-Luigi Cianci zijn titel van Universitair Osteopaat DO. Hier maakt hij deel uit van het multidisciplinaire team van het Araucaria Medisch Centrum.<br \/>\nDankzij een nauwgezette aanpak zijn deze osteopathiesessies toegespitst op de verschillende neuromusculoskeletale klachten van de pati\u00ebnt (al dan niet axiaal op lumbaal, cervicaal of thoracaal niveau, of zelfs perifeer bij klachten van het appendiculair skelet). Pier-Luigi Cianci is gespecialiseerd in de zorg voor volwassenen, jongeren en sporters van alle niveaus. Hij voerde zijn eindstudiewerk uit op het gebied van het beheer en de biomechanica van het sacro-iliacale gewricht en lage rugpijn. [\/vc_column_text][\/vc_column][vc_column width=&#8221;1\/6&#8243;][\/vc_column][\/vc_row][vc_row content_placement=&#8221;middle&#8221;][vc_column width=&#8221;1\/6&#8243;][\/vc_column][vc_column width=&#8221;2\/3&#8243;][vc_separator][vc_column_text]<\/p>\n<h3>Principes van osteopathie<\/h3>\n<p>Volgens deze discipline kan elk verlies van mobiliteit van spieren, gewrichten, ingewanden of zelfs ligamenten de gezondheidstoestand be\u00efnvloeden door een onbalans te veroorzaken. Osteopathie is dus gebaseerd op het vermogen van het lichaam om zichzelf in evenwicht te brengen.<\/p>\n<p>Dit domein is gebaseerd op drie concepten:<\/p>\n<ul>\n<li>erkenning van de heelheid van het individu,<\/li>\n<li>de hand: als hulpmiddel voor analyse en zorg,<\/li>\n<li>en tot slot het principe van weefselbalans.<\/li>\n<\/ul>\n<p>Het vereist dus een grondige kennis van het menselijk lichaam en interne interacties.<\/p>\n<h3>Pathologie\u00ebn behandeld<\/h3>\n<p>Deze discipline maakt het mogelijk om vele pathologie\u00ebn te behandelen die verband houden met de verschillende systemen van het menselijk lichaam:<\/p>\n<ul>\n<li>ziekten van het neuro-vegetatieve systeem: depressie, angst, hypernervositeit en stress (enz.)<\/li>\n<li>spijsverteringsstoornissen: opgeblazen gevoel, winderigheid, hiatale hernia, constipatie, moeilijke spijsvertering en maagzuur (enz.)<\/li>\n<li>pathologie\u00ebn van het orthopedische en musculoskeletale systeem: tendinitis, verstuikingen, lage rugpijn, gewrichtspijn, scoliose en kaakpijn (enz.)<\/li>\n<li>pathologie\u00ebn van het KNO-systeem: duizeligheid, rhinitis, sinusitis, zoemen en migraine (enz.)<\/li>\n<li>ziekten van het neurologische systeem: cervico-brachiale neuralgie, intercostale of zelfs gezichtsneuralgie (enz.)<\/li>\n<li>pathologie\u00ebn van het cardiovasculaire systeem: circulatiestoornissen, aambeien, benauwdheid en hartkloppingen (enz.)<\/li>\n<li>en tot slot de traumatische gevolgen van ongevallen of vallen: breuken, verstuikingen (enz.)<\/li>\n<\/ul>\n<p>En merk op dat regelmatige follow-up emotionele en fysieke trauma&#8217;s kan detecteren die zelfs enkele jaren later gevolgen kunnen hebben.[\/vc_column_text][\/vc_column][vc_column width=&#8221;1\/6&#8243;][\/vc_column][\/vc_row][vc_row full_width=&#8221;stretch_row_content_no_spaces&#8221; css=&#8221;.vc_custom_1645782957724{margin-bottom: -50px !important;}&#8221;][vc_column][vc_gmaps link=&#8221;#E-8_JTNDaWZyYW1lJTIwc3JjJTNEJTIyaHR0cHMlM0ElMkYlMkZ3d3cuZ29vZ2xlLmNvbSUyRm1hcHMlMkZlbWJlZCUzRnBiJTNEJTIxMW0xOCUyMTFtMTIlMjExbTMlMjExZDI1MTYuNDg4ODc2OTM0ODQ3NyUyMTJkNC4zNjEyNzExMTU2MzMxNzclMjEzZDUwLjg5NjE2OTY3OTUzOTM4JTIxMm0zJTIxMWYwJTIxMmYwJTIxM2YwJTIxM20yJTIxMWkxMDI0JTIxMmk3NjglMjE0ZjEzLjElMjEzbTMlMjExbTIlMjExczB4NDdjM2MyNTY1YmMxN2NiYiUyNTNBMHgyNGQwYjQwNjc0ODk4MmQlMjEyc0F2LiUyNTIwZGUlMjUyMGwlMjdBcmF1Y2FyaWElMjUyMDc5JTI1MkMlMjUyMDEwMjAlMjUyMEJydXhlbGxlcyUyNTJDJTI1MjBCZWxnaXVtJTIxNWUwJTIxM20yJTIxMXNlbiUyMTJzbWElMjE0djE2NDUxNzgxMzIzNDYlMjE1bTIlMjExc2VuJTIxMnNtYSUyMiUyMHdpZHRoJTNEJTIyNjAwJTIyJTIwaGVpZ2h0JTNEJTIyNDUwJTIyJTIwc3R5bGUlM0QlMjJib3JkZXIlM0EwJTNCJTIyJTIwYWxsb3dmdWxsc2NyZWVuJTNEJTIyJTIyJTIwbG9hZGluZyUzRCUyMmxhenklMjIlM0UlM0MlMkZpZnJhbWUlM0U=&#8221;][\/vc_column][\/vc_row]<\/p>\n<\/div>","protected":false},"excerpt":{"rendered":"<p>[vc_row full_width=&#8221;stretch_row&#8221; css_animation=&#8221;fadeIn&#8221; css=&#8221;.vc_custom_1646069626034{margin-bottom: 25px !important;background-image: url(https:\/\/centre-medical-araucaria.be\/wp-content\/uploads\/2022\/02\/ostheopathe.jpg?id=3150) !important;background-position: center !important;background-repeat: no-repeat !important;background-size: cover !important;}&#8221;][vc_column][vc_column_text css=&#8221;.vc_custom_1646055054151{padding-top: 100px !important;padding-bottom: 100px !important;}&#8221;] Osteopaat [\/vc_column_text][\/vc_column][\/vc_row][vc_row content_placement=&#8221;middle&#8221;][vc_column width=&#8221;1\/6&#8243;][\/vc_column][vc_column width=&#8221;1\/3&#8243;][vc_single_image image=&#8221;3078&#8243; img_size=&#8221;large&#8221; alignment=&#8221;center&#8221; style=&#8221;vc_box_circle_2&#8243; onclick=&#8221;custom_link&#8221; img_link_target=&#8221;_blank&#8221; css=&#8221;.vc_custom_1646053096584{border-top-width: 50px !important;border-right-width: 50px !important;border-bottom-width: 50px !important;border-left-width: 50px !important;}&#8221; link=&#8221;https:%2F%2Fprogenda.be%2Fcalendars%2Fcianci-pier-luigi-osteopathe-bruxelles|&#8221;][\/vc_column][vc_column width=&#8221;1\/3&#8243;][vc_column_text] Pier Luigi Cianci [\/vc_column_text][vc_column_text el_class=&#8221;reservez-button-cont&#8221;]Een afspraak maken[\/vc_column_text][\/vc_column][vc_column width=&#8221;1\/6&#8243;][\/vc_column][\/vc_row][vc_row content_placement=&#8221;middle&#8221;][vc_column width=&#8221;1\/6&#8243;][\/vc_column][vc_column width=&#8221;2\/3&#8243;][vc_separator][vc_column_text]Na 6 jaar gestudeerd [&hellip;]<\/p>\n","protected":false},"author":1,"featured_media":0,"parent":0,"menu_order":0,"comment_status":"closed","ping_status":"closed","template":"","meta":{"footnotes":""},"class_list":["post-4453","page","type-page","status-publish","hentry"],"yoast_head":"<!-- This site is optimized with the Yoast SEO plugin v27.3 - https:\/\/yoast.com\/product\/yoast-seo-wordpress\/ -->\n<title>Osteopaat - Center M\u00e9dical Araucaria<\/title>\n<meta name=\"robots\" content=\"index, follow, max-snippet:-1, max-image-preview:large, max-video-preview:-1\" \/>\n<link rel=\"canonical\" href=\"https:\/\/centre-medical-araucaria.be\/nl\/osteopaat\/\" \/>\n<meta property=\"og:locale\" content=\"nl_NL\" \/>\n<meta property=\"og:type\" content=\"article\" \/>\n<meta property=\"og:title\" content=\"Osteopaat - Center M\u00e9dical Araucaria\" \/>\n<meta property=\"og:description\" content=\"[vc_row full_width=&#8221;stretch_row&#8221; css_animation=&#8221;fadeIn&#8221; css=&#8221;.vc_custom_1646069626034{margin-bottom: 25px !important;background-image: url(https:\/\/centre-medical-araucaria.be\/wp-content\/uploads\/2022\/02\/ostheopathe.jpg?id=3150) !important;background-position: center !important;background-repeat: no-repeat !important;background-size: cover !important;}&#8221;][vc_column][vc_column_text css=&#8221;.vc_custom_1646055054151{padding-top: 100px !important;padding-bottom: 100px !important;}&#8221;] Osteopaat [\/vc_column_text][\/vc_column][\/vc_row][vc_row content_placement=&#8221;middle&#8221;][vc_column width=&#8221;1\/6&#8243;][\/vc_column][vc_column width=&#8221;1\/3&#8243;][vc_single_image image=&#8221;3078&#8243; img_size=&#8221;large&#8221; alignment=&#8221;center&#8221; style=&#8221;vc_box_circle_2&#8243; onclick=&#8221;custom_link&#8221; img_link_target=&#8221;_blank&#8221; css=&#8221;.vc_custom_1646053096584{border-top-width: 50px !important;border-right-width: 50px !important;border-bottom-width: 50px !important;border-left-width: 50px !important;}&#8221; link=&#8221;https:%2F%2Fprogenda.be%2Fcalendars%2Fcianci-pier-luigi-osteopathe-bruxelles|&#8221;][\/vc_column][vc_column width=&#8221;1\/3&#8243;][vc_column_text] Pier Luigi Cianci [\/vc_column_text][vc_column_text el_class=&#8221;reservez-button-cont&#8221;]Een afspraak maken[\/vc_column_text][\/vc_column][vc_column width=&#8221;1\/6&#8243;][\/vc_column][\/vc_row][vc_row content_placement=&#8221;middle&#8221;][vc_column width=&#8221;1\/6&#8243;][\/vc_column][vc_column width=&#8221;2\/3&#8243;][vc_separator][vc_column_text]Na 6 jaar gestudeerd [&hellip;]\" \/>\n<meta property=\"og:url\" content=\"https:\/\/centre-medical-araucaria.be\/nl\/osteopaat\/\" \/>\n<meta property=\"og:site_name\" content=\"Center M\u00e9dical Araucaria\" \/>\n<meta property=\"article:modified_time\" content=\"2022-07-04T04:40:12+00:00\" \/>\n<meta name=\"twitter:card\" content=\"summary_large_image\" \/>\n<meta name=\"twitter:label1\" content=\"Geschatte leestijd\" \/>\n\t<meta name=\"twitter:data1\" content=\"3 minuten\" \/>\n<script type=\"application\/ld+json\" class=\"yoast-schema-graph\">{\"@context\":\"https:\\\/\\\/schema.org\",\"@graph\":[{\"@type\":\"WebPage\",\"@id\":\"https:\\\/\\\/centre-medical-araucaria.be\\\/nl\\\/osteopaat\\\/\",\"url\":\"https:\\\/\\\/centre-medical-araucaria.be\\\/nl\\\/osteopaat\\\/\",\"name\":\"Osteopaat - Center M\u00e9dical Araucaria\",\"isPartOf\":{\"@id\":\"https:\\\/\\\/centre-medical-araucaria.be\\\/nl\\\/#website\"},\"datePublished\":\"2022-02-19T20:52:36+00:00\",\"dateModified\":\"2022-07-04T04:40:12+00:00\",\"breadcrumb\":{\"@id\":\"https:\\\/\\\/centre-medical-araucaria.be\\\/nl\\\/osteopaat\\\/#breadcrumb\"},\"inLanguage\":\"nl-NL\",\"potentialAction\":[{\"@type\":\"ReadAction\",\"target\":[\"https:\\\/\\\/centre-medical-araucaria.be\\\/nl\\\/osteopaat\\\/\"]}]},{\"@type\":\"BreadcrumbList\",\"@id\":\"https:\\\/\\\/centre-medical-araucaria.be\\\/nl\\\/osteopaat\\\/#breadcrumb\",\"itemListElement\":[{\"@type\":\"ListItem\",\"position\":1,\"name\":\"Accueil\",\"item\":\"https:\\\/\\\/centre-medical-araucaria.be\\\/nl\\\/\"},{\"@type\":\"ListItem\",\"position\":2,\"name\":\"Osteopaat\"}]},{\"@type\":\"WebSite\",\"@id\":\"https:\\\/\\\/centre-medical-araucaria.be\\\/nl\\\/#website\",\"url\":\"https:\\\/\\\/centre-medical-araucaria.be\\\/nl\\\/\",\"name\":\"Center M\u00e9dical Araucaria\",\"description\":\"Le Centre M\u00e9dical Araucaria est une clinique m\u00e9dicale situ\u00e9e \u00e0 Laeken qui r\u00e9unit diff\u00e9rentes sp\u00e9cialit\u00e9s..\",\"publisher\":{\"@id\":\"https:\\\/\\\/centre-medical-araucaria.be\\\/nl\\\/#organization\"},\"potentialAction\":[{\"@type\":\"SearchAction\",\"target\":{\"@type\":\"EntryPoint\",\"urlTemplate\":\"https:\\\/\\\/centre-medical-araucaria.be\\\/nl\\\/?s={search_term_string}\"},\"query-input\":{\"@type\":\"PropertyValueSpecification\",\"valueRequired\":true,\"valueName\":\"search_term_string\"}}],\"inLanguage\":\"nl-NL\"},{\"@type\":\"Organization\",\"@id\":\"https:\\\/\\\/centre-medical-araucaria.be\\\/nl\\\/#organization\",\"name\":\"Centre m\u00e9dical Araucaria\",\"url\":\"https:\\\/\\\/centre-medical-araucaria.be\\\/nl\\\/\",\"logo\":{\"@type\":\"ImageObject\",\"inLanguage\":\"nl-NL\",\"@id\":\"https:\\\/\\\/centre-medical-araucaria.be\\\/nl\\\/#\\\/schema\\\/logo\\\/image\\\/\",\"url\":\"https:\\\/\\\/centre-medical-araucaria.be\\\/wp-content\\\/uploads\\\/2022\\\/02\\\/Centre_Medical_Araucaria_LOGO-web-1.png\",\"contentUrl\":\"https:\\\/\\\/centre-medical-araucaria.be\\\/wp-content\\\/uploads\\\/2022\\\/02\\\/Centre_Medical_Araucaria_LOGO-web-1.png\",\"width\":594,\"height\":200,\"caption\":\"Centre m\u00e9dical Araucaria\"},\"image\":{\"@id\":\"https:\\\/\\\/centre-medical-araucaria.be\\\/nl\\\/#\\\/schema\\\/logo\\\/image\\\/\"}}]}<\/script>\n<!-- \/ Yoast SEO plugin. -->","yoast_head_json":{"title":"Osteopaat - Center M\u00e9dical Araucaria","robots":{"index":"index","follow":"follow","max-snippet":"max-snippet:-1","max-image-preview":"max-image-preview:large","max-video-preview":"max-video-preview:-1"},"canonical":"https:\/\/centre-medical-araucaria.be\/nl\/osteopaat\/","og_locale":"nl_NL","og_type":"article","og_title":"Osteopaat - Center M\u00e9dical Araucaria","og_description":"[vc_row full_width=&#8221;stretch_row&#8221; css_animation=&#8221;fadeIn&#8221; css=&#8221;.vc_custom_1646069626034{margin-bottom: 25px !important;background-image: url(https:\/\/centre-medical-araucaria.be\/wp-content\/uploads\/2022\/02\/ostheopathe.jpg?id=3150) !important;background-position: center !important;background-repeat: no-repeat !important;background-size: cover !important;}&#8221;][vc_column][vc_column_text css=&#8221;.vc_custom_1646055054151{padding-top: 100px !important;padding-bottom: 100px !important;}&#8221;] Osteopaat [\/vc_column_text][\/vc_column][\/vc_row][vc_row content_placement=&#8221;middle&#8221;][vc_column width=&#8221;1\/6&#8243;][\/vc_column][vc_column width=&#8221;1\/3&#8243;][vc_single_image image=&#8221;3078&#8243; img_size=&#8221;large&#8221; alignment=&#8221;center&#8221; style=&#8221;vc_box_circle_2&#8243; onclick=&#8221;custom_link&#8221; img_link_target=&#8221;_blank&#8221; css=&#8221;.vc_custom_1646053096584{border-top-width: 50px !important;border-right-width: 50px !important;border-bottom-width: 50px !important;border-left-width: 50px !important;}&#8221; link=&#8221;https:%2F%2Fprogenda.be%2Fcalendars%2Fcianci-pier-luigi-osteopathe-bruxelles|&#8221;][\/vc_column][vc_column width=&#8221;1\/3&#8243;][vc_column_text] Pier Luigi Cianci [\/vc_column_text][vc_column_text el_class=&#8221;reservez-button-cont&#8221;]Een afspraak maken[\/vc_column_text][\/vc_column][vc_column width=&#8221;1\/6&#8243;][\/vc_column][\/vc_row][vc_row content_placement=&#8221;middle&#8221;][vc_column width=&#8221;1\/6&#8243;][\/vc_column][vc_column width=&#8221;2\/3&#8243;][vc_separator][vc_column_text]Na 6 jaar gestudeerd [&hellip;]","og_url":"https:\/\/centre-medical-araucaria.be\/nl\/osteopaat\/","og_site_name":"Center M\u00e9dical Araucaria","article_modified_time":"2022-07-04T04:40:12+00:00","twitter_card":"summary_large_image","twitter_misc":{"Geschatte leestijd":"3 minuten"},"schema":{"@context":"https:\/\/schema.org","@graph":[{"@type":"WebPage","@id":"https:\/\/centre-medical-araucaria.be\/nl\/osteopaat\/","url":"https:\/\/centre-medical-araucaria.be\/nl\/osteopaat\/","name":"Osteopaat - Center M\u00e9dical Araucaria","isPartOf":{"@id":"https:\/\/centre-medical-araucaria.be\/nl\/#website"},"datePublished":"2022-02-19T20:52:36+00:00","dateModified":"2022-07-04T04:40:12+00:00","breadcrumb":{"@id":"https:\/\/centre-medical-araucaria.be\/nl\/osteopaat\/#breadcrumb"},"inLanguage":"nl-NL","potentialAction":[{"@type":"ReadAction","target":["https:\/\/centre-medical-araucaria.be\/nl\/osteopaat\/"]}]},{"@type":"BreadcrumbList","@id":"https:\/\/centre-medical-araucaria.be\/nl\/osteopaat\/#breadcrumb","itemListElement":[{"@type":"ListItem","position":1,"name":"Accueil","item":"https:\/\/centre-medical-araucaria.be\/nl\/"},{"@type":"ListItem","position":2,"name":"Osteopaat"}]},{"@type":"WebSite","@id":"https:\/\/centre-medical-araucaria.be\/nl\/#website","url":"https:\/\/centre-medical-araucaria.be\/nl\/","name":"Center M\u00e9dical Araucaria","description":"Le Centre M\u00e9dical Araucaria est une clinique m\u00e9dicale situ\u00e9e \u00e0 Laeken qui r\u00e9unit diff\u00e9rentes sp\u00e9cialit\u00e9s..","publisher":{"@id":"https:\/\/centre-medical-araucaria.be\/nl\/#organization"},"potentialAction":[{"@type":"SearchAction","target":{"@type":"EntryPoint","urlTemplate":"https:\/\/centre-medical-araucaria.be\/nl\/?s={search_term_string}"},"query-input":{"@type":"PropertyValueSpecification","valueRequired":true,"valueName":"search_term_string"}}],"inLanguage":"nl-NL"},{"@type":"Organization","@id":"https:\/\/centre-medical-araucaria.be\/nl\/#organization","name":"Centre m\u00e9dical Araucaria","url":"https:\/\/centre-medical-araucaria.be\/nl\/","logo":{"@type":"ImageObject","inLanguage":"nl-NL","@id":"https:\/\/centre-medical-araucaria.be\/nl\/#\/schema\/logo\/image\/","url":"https:\/\/centre-medical-araucaria.be\/wp-content\/uploads\/2022\/02\/Centre_Medical_Araucaria_LOGO-web-1.png","contentUrl":"https:\/\/centre-medical-araucaria.be\/wp-content\/uploads\/2022\/02\/Centre_Medical_Araucaria_LOGO-web-1.png","width":594,"height":200,"caption":"Centre m\u00e9dical Araucaria"},"image":{"@id":"https:\/\/centre-medical-araucaria.be\/nl\/#\/schema\/logo\/image\/"}}]}},"_links":{"self":[{"href":"https:\/\/centre-medical-araucaria.be\/nl\/wp-json\/wp\/v2\/pages\/4453","targetHints":{"allow":["GET"]}}],"collection":[{"href":"https:\/\/centre-medical-araucaria.be\/nl\/wp-json\/wp\/v2\/pages"}],"about":[{"href":"https:\/\/centre-medical-araucaria.be\/nl\/wp-json\/wp\/v2\/types\/page"}],"author":[{"embeddable":true,"href":"https:\/\/centre-medical-araucaria.be\/nl\/wp-json\/wp\/v2\/users\/1"}],"replies":[{"embeddable":true,"href":"https:\/\/centre-medical-araucaria.be\/nl\/wp-json\/wp\/v2\/comments?post=4453"}],"version-history":[{"count":3,"href":"https:\/\/centre-medical-araucaria.be\/nl\/wp-json\/wp\/v2\/pages\/4453\/revisions"}],"predecessor-version":[{"id":4463,"href":"https:\/\/centre-medical-araucaria.be\/nl\/wp-json\/wp\/v2\/pages\/4453\/revisions\/4463"}],"wp:attachment":[{"href":"https:\/\/centre-medical-araucaria.be\/nl\/wp-json\/wp\/v2\/media?parent=4453"}],"curies":[{"name":"wp","href":"https:\/\/api.w.org\/{rel}","templated":true}]}}