{"id":4336,"date":"2022-02-18T16:35:16","date_gmt":"2022-02-18T15:35:16","guid":{"rendered":"https:\/cardiologie\/"},"modified":"2025-03-12T15:47:12","modified_gmt":"2025-03-12T14:47:12","slug":"cardiologie","status":"publish","type":"page","link":"https:\/\/centre-medical-araucaria.be\/nl\/cardiologie\/","title":{"rendered":"Cardiologie"},"content":{"rendered":"<div class=\"wpb-content-wrapper\"><p>[vc_row full_width=&#8221;stretch_row&#8221; css_animation=&#8221;fadeIn&#8221; css=&#8221;.vc_custom_1646069681015{margin-bottom: 75px !important;background-image: url(https:\/\/centre-medical-araucaria.be\/wp-content\/uploads\/2022\/02\/cardiologie-.jpg?id=3041) !important;background-position: center !important;background-repeat: no-repeat !important;background-size: cover !important;}&#8221;][vc_column][vc_column_text css=&#8221;.vc_custom_1645782386363{padding-top: 100px !important;padding-bottom: 100px !important;}&#8221;]<\/p>\n<h1 style=\"text-align: center;\"><span style=\"font-size: 150%; color: #b3dbc3;\">Cardiologie<\/span><\/h1>\n<p>[\/vc_column_text][\/vc_column][\/vc_row][vc_row content_placement=&#8221;middle&#8221;][vc_column width=&#8221;1\/2&#8243;][vc_single_image image=&#8221;6339&#8243; img_size=&#8221;250&#215;250&#8243; alignment=&#8221;center&#8221; style=&#8221;vc_box_circle_2&#8243; onclick=&#8221;custom_link&#8221; css=&#8221;.vc_custom_1736246654890{border-top-width: 50px !important;border-right-width: 50px !important;border-bottom-width: 50px !important;border-left-width: 50px !important;}&#8221; link=&#8221;https:\/equipe\/dr-ahmad-awada\/&#8221;][vc_column_text]<\/p>\n<h2 style=\"text-align: center;\">Dr. Sophie<br \/>\nSamyn<\/h2>\n<p>[\/vc_column_text][vc_column_text el_class=&#8221;reservez-button-cont&#8221;]<\/p>\n<p style=\"text-align: center;\"><a href=\"https:\/equipe\/dr-sophie-samyn\/\" rel=\"noopener\">Profiel<\/a><\/p>\n<p>[\/vc_column_text][vc_column_text el_class=&#8221;reservez-button-cont&#8221;]<a class=\"reservez-button\" href=\"https:\/\/www.doctoranytime.be\/d\/cardiologue\/sophie-samyn-2\" target=\"_blank\" rel=\"noopener\">Een afspraak maken<\/a>[\/vc_column_text][\/vc_column][vc_column width=&#8221;1\/2&#8243;][vc_single_image image=&#8221;4035&#8243; img_size=&#8221;250&#215;250&#8243; alignment=&#8221;center&#8221; style=&#8221;vc_box_circle_2&#8243; onclick=&#8221;custom_link&#8221; css=&#8221;.vc_custom_1659701938697{border-top-width: 50px !important;border-right-width: 50px !important;border-bottom-width: 50px !important;border-left-width: 50px !important;}&#8221; link=&#8221;https:\/equipe\/dr-ahmad-awada\/&#8221;][vc_column_text]<\/p>\n<h2 style=\"text-align: center;\">Dr. Ahmad<br \/>\nAwada<\/h2>\n<p>[\/vc_column_text][vc_column_text el_class=&#8221;reservez-button-cont&#8221;]<\/p>\n<p style=\"text-align: center;\"><a href=\"https:\/equipe\/dr-ahmad-awada\/\" rel=\"noopener\">Profiel<\/a><\/p>\n<p>[\/vc_column_text][vc_column_text el_class=&#8221;reservez-button-cont&#8221;]<a class=\"reservez-button\" href=\"https:\/\/progenda.be\/calendars\/awada-ahmad-cardiologue-tervuren\" target=\"_blank\" rel=\"noopener\">Een afspraak maken<\/a>[\/vc_column_text][\/vc_column][\/vc_row][vc_row css=&#8221;.vc_custom_1659701906813{margin-top: 50px !important;}&#8221;][vc_column width=&#8221;1\/6&#8243;][\/vc_column][vc_column width=&#8221;2\/3&#8243;][vc_column_text]<\/p>\n<h3>Principe van cardiologie<\/h3>\n<p>Cardiologie is een medisch specialiteit dat zich bezighoudt met pathologie\u00ebn van het hart en andere elementen van de bloedsomloop.<br \/>\nZe diagnosticeert en behandelt het:<\/p>\n<p>aangeboren hartafwijkingen,<br \/>\nhartfalen,<br \/>\ncoronaire hartziekte,<br \/>\nhartfalen,<br \/>\nhartklepaandoening<br \/>\nen tenslotte elektrofysiologie.<br \/>\nBovendien, ook al is het cardiovasculaire systeem feitelijk verbonden met het bloed, is de cardiologie niet ge\u00efnteresseerd in hematologie en de pathologie\u00ebn daarvan.<\/p>\n<p>Wat wel opgemerkt moet worden dat cardiovasculaire pathologie\u00ebn vandaag de dag, de belangrijkste doodsoorzaak zijn in Belgi\u00eb en tevens in de meeste westerse landen.<\/p>\n<h3>Pathologie\u00ebn<\/h3>\n<p>Hieronder is een niet-limitatieve lijst van aandoeningen die door cardiologie worden behandeld.<\/p>\n<p><strong>Cardiologische noodgevallen<br \/>\n<\/strong>De volgende situaties worden beschouwd als cardiologische noodgevallen:<\/p>\n<p>myocardinfarct (vernietiging van een deel van de hartspier, het myocard),<br \/>\nhoge bloeddruk (plotselinge stijging van de bloeddruk)<br \/>\nof aneurysma (laterale pocket gevormd door verwijding van de wand van een slagader of het hart)<\/p>\n<p><strong>Hartfalen Dit is het onvermogen<br \/>\n<\/strong>Van het hart om voldoende bloed rond te pompen om aan de behoeften van het lichaam te voldoen. Het is dus een ernstige pathologie die onder andere resulteert in onevenredige vermoeidheid en constante kortademigheid.<\/p>\n<p><strong>Aangeboren afwijkingen<br \/>\n<\/strong>Hartafwijkingen verstoren de normale bloedstroom naar de longen en de rest van het lichaam. Dit zijn vaak misvormingen van de longslagader en de longklep, wat resulteert in een abnormale bloedcirculatie tussen de rechter hartkamer en de longen.<\/p>\n<p>Er zijn dus verschillende soorten aangeboren hartpathologie\u00ebn zoals tetralogie van Fallot, pulmonale stenose, pulmonale atresie of transpositie van de grote bloedvaten.<\/p>\n<p><strong>Ritme- en geleidingsstoornissen<br \/>\n<\/strong>Dit is een pathologie die verband houdt met een abnormale variatie in het ritme van de hartslag, waardoor de werking ervan wordt verstoord. Deze aandoeningen kunnen van verschillende ernst zijn.<\/p>\n<p><strong>Kleppathologie\u00ebn<br \/>\n<\/strong>Hartklepaandoeningen zijn aandoeningen van de hartkleppen die de bloedstroom in het hart verstoren. Dit kan leiden tot kortademigheid en zwakte in het dagelijks leven.<\/p>\n<p><strong>Cardiomyopathie\u00ebn<br \/>\n<\/strong>Cardiomyopathie\u00ebn (of cardiomyopathie\u00ebn) zijn een groep ziekten die het myocard aantasten, met andere woorden de hartspier die ervoor zorgt dat het hart zijn pompfunctie kan uitoefenen. Door de spiertonus van het hart te veranderen, verhinderen cardiomyopathie\u00ebn dus dat het hart normaal functioneert en daardoor bloed door het lichaam circuleert.<\/p>\n<p><strong>Atherosclerose<\/strong>:<br \/>\nAtherosclerose is een ziekte van de bloedvaten waarvan de grootte afneemt door de ophoping van lipiden in de wanden.<\/p>\n<p><strong>Hoge bloeddruk<br \/>\n<\/strong>Deze pathologie versnelt de vermoeidheid van het hart doordat de hartspier meer moet werken. Door de vergroting van de hartspier wordt de hartspier minder effici\u00ebnt. Deze ziekte is een van de eerste risicofactoren voor hart- en vaatziekten en beroertes.<\/p>\n<p><strong>Coronaire pathologie<br \/>\n<\/strong>Coronaire hartziekte is een ziekte die de slagaders aantast die het hart van bloed voorzien. Het wordt vaak geassocieerd met atherosclerose, een opeenhoping van plaques in de wanden van de slagaders. Deze ophoping vernauwt dus geleidelijk het inwendige van de slagaders en vertraagt de bloedstroom.<\/p>\n<p><strong>Perifere vasculaire pathologie<br \/>\n<\/strong>Perifere vaatziekte leidt tot een verminderde bloedtoevoer naar de slagaders van de romp, armen en benen.<\/p>\n<p><strong>Cerebrale vasculaire pathologie<br \/>\n<\/strong>Tot slot behandelt de cardiologie, in samenwerking met de neurologie, cerebrale vasculaire pathologie\u00ebn.[\/vc_column_text][vc_column_text]<a href=\"https:\/accueil\/\">Vind hier al onze medische specialiteiten.<\/a>[\/vc_column_text][\/vc_column][vc_column width=&#8221;1\/6&#8243;][\/vc_column][\/vc_row][vc_row full_width=&#8221;stretch_row_content_no_spaces&#8221; css=&#8221;.vc_custom_1645782957724{margin-bottom: -50px !important;}&#8221;][vc_column][vc_gmaps link=&#8221;#E-8_JTNDaWZyYW1lJTIwc3JjJTNEJTIyaHR0cHMlM0ElMkYlMkZ3d3cuZ29vZ2xlLmNvbSUyRm1hcHMlMkZlbWJlZCUzRnBiJTNEJTIxMW0xOCUyMTFtMTIlMjExbTMlMjExZDI1MTYuNDg4ODc2OTM0ODQ3NyUyMTJkNC4zNjEyNzExMTU2MzMxNzclMjEzZDUwLjg5NjE2OTY3OTUzOTM4JTIxMm0zJTIxMWYwJTIxMmYwJTIxM2YwJTIxM20yJTIxMWkxMDI0JTIxMmk3NjglMjE0ZjEzLjElMjEzbTMlMjExbTIlMjExczB4NDdjM2MyNTY1YmMxN2NiYiUyNTNBMHgyNGQwYjQwNjc0ODk4MmQlMjEyc0F2LiUyNTIwZGUlMjUyMGwlMjdBcmF1Y2FyaWElMjUyMDc5JTI1MkMlMjUyMDEwMjAlMjUyMEJydXhlbGxlcyUyNTJDJTI1MjBCZWxnaXVtJTIxNWUwJTIxM20yJTIxMXNlbiUyMTJzbWElMjE0djE2NDUxNzgxMzIzNDYlMjE1bTIlMjExc2VuJTIxMnNtYSUyMiUyMHdpZHRoJTNEJTIyNjAwJTIyJTIwaGVpZ2h0JTNEJTIyNDUwJTIyJTIwc3R5bGUlM0QlMjJib3JkZXIlM0EwJTNCJTIyJTIwYWxsb3dmdWxsc2NyZWVuJTNEJTIyJTIyJTIwbG9hZGluZyUzRCUyMmxhenklMjIlM0UlM0MlMkZpZnJhbWUlM0U=&#8221;][\/vc_column][\/vc_row]<\/p>\n<\/div>","protected":false},"excerpt":{"rendered":"<p>[vc_row full_width=&#8221;stretch_row&#8221; css_animation=&#8221;fadeIn&#8221; css=&#8221;.vc_custom_1646069681015{margin-bottom: 75px !important;background-image: url(https:\/\/centre-medical-araucaria.be\/wp-content\/uploads\/2022\/02\/cardiologie-.jpg?id=3041) !important;background-position: center !important;background-repeat: no-repeat !important;background-size: cover !important;}&#8221;][vc_column][vc_column_text css=&#8221;.vc_custom_1645782386363{padding-top: 100px !important;padding-bottom: 100px !important;}&#8221;] Cardiologie [\/vc_column_text][\/vc_column][\/vc_row][vc_row content_placement=&#8221;middle&#8221;][vc_column width=&#8221;1\/2&#8243;][vc_single_image image=&#8221;6339&#8243; img_size=&#8221;250&#215;250&#8243; alignment=&#8221;center&#8221; style=&#8221;vc_box_circle_2&#8243; onclick=&#8221;custom_link&#8221; css=&#8221;.vc_custom_1736246654890{border-top-width: 50px !important;border-right-width: 50px !important;border-bottom-width: 50px !important;border-left-width: 50px !important;}&#8221; link=&#8221;https:\/equipe\/dr-ahmad-awada\/&#8221;][vc_column_text] Dr. Sophie Samyn [\/vc_column_text][vc_column_text el_class=&#8221;reservez-button-cont&#8221;] Profiel [\/vc_column_text][vc_column_text el_class=&#8221;reservez-button-cont&#8221;]Een afspraak maken[\/vc_column_text][\/vc_column][vc_column width=&#8221;1\/2&#8243;][vc_single_image image=&#8221;4035&#8243; img_size=&#8221;250&#215;250&#8243; alignment=&#8221;center&#8221; style=&#8221;vc_box_circle_2&#8243; onclick=&#8221;custom_link&#8221; css=&#8221;.vc_custom_1659701938697{border-top-width: [&hellip;]<\/p>\n","protected":false},"author":1,"featured_media":0,"parent":0,"menu_order":0,"comment_status":"closed","ping_status":"closed","template":"","meta":{"footnotes":""},"class_list":["post-4336","page","type-page","status-publish","hentry"],"yoast_head":"<!-- This site is optimized with the Yoast SEO plugin v27.3 - https:\/\/yoast.com\/product\/yoast-seo-wordpress\/ -->\n<title>Cardiologie - Center M\u00e9dical Araucaria<\/title>\n<meta name=\"description\" content=\"Cardiologie is een medisch specialiteit dat zich bezighoudt met pathologie\u00ebn van het hart en andere elementen van de bloedsomloop.\" \/>\n<meta name=\"robots\" content=\"index, follow, max-snippet:-1, max-image-preview:large, max-video-preview:-1\" \/>\n<link rel=\"canonical\" href=\"https:\/\/centre-medical-araucaria.be\/nl\/cardiologie\/\" \/>\n<meta property=\"og:locale\" content=\"nl_NL\" \/>\n<meta property=\"og:type\" content=\"article\" \/>\n<meta property=\"og:title\" content=\"Cardiologie - Center M\u00e9dical Araucaria\" \/>\n<meta property=\"og:description\" content=\"Cardiologie is een medisch specialiteit dat zich bezighoudt met pathologie\u00ebn van het hart en andere elementen van de bloedsomloop.\" \/>\n<meta property=\"og:url\" content=\"https:\/\/centre-medical-araucaria.be\/nl\/cardiologie\/\" \/>\n<meta property=\"og:site_name\" content=\"Center M\u00e9dical Araucaria\" \/>\n<meta property=\"article:modified_time\" content=\"2025-03-12T14:47:12+00:00\" \/>\n<meta name=\"twitter:card\" content=\"summary_large_image\" \/>\n<meta name=\"twitter:label1\" content=\"Geschatte leestijd\" \/>\n\t<meta name=\"twitter:data1\" content=\"4 minuten\" \/>\n<script type=\"application\/ld+json\" class=\"yoast-schema-graph\">{\"@context\":\"https:\\\/\\\/schema.org\",\"@graph\":[{\"@type\":\"WebPage\",\"@id\":\"https:\\\/\\\/centre-medical-araucaria.be\\\/nl\\\/cardiologie\\\/\",\"url\":\"https:\\\/\\\/centre-medical-araucaria.be\\\/nl\\\/cardiologie\\\/\",\"name\":\"Cardiologie - Center M\u00e9dical Araucaria\",\"isPartOf\":{\"@id\":\"https:\\\/\\\/centre-medical-araucaria.be\\\/nl\\\/#website\"},\"datePublished\":\"2022-02-18T15:35:16+00:00\",\"dateModified\":\"2025-03-12T14:47:12+00:00\",\"description\":\"Cardiologie is een medisch specialiteit dat zich bezighoudt met pathologie\u00ebn van het hart en andere elementen van de bloedsomloop.\",\"breadcrumb\":{\"@id\":\"https:\\\/\\\/centre-medical-araucaria.be\\\/nl\\\/cardiologie\\\/#breadcrumb\"},\"inLanguage\":\"nl-NL\",\"potentialAction\":[{\"@type\":\"ReadAction\",\"target\":[\"https:\\\/\\\/centre-medical-araucaria.be\\\/nl\\\/cardiologie\\\/\"]}]},{\"@type\":\"BreadcrumbList\",\"@id\":\"https:\\\/\\\/centre-medical-araucaria.be\\\/nl\\\/cardiologie\\\/#breadcrumb\",\"itemListElement\":[{\"@type\":\"ListItem\",\"position\":1,\"name\":\"Accueil\",\"item\":\"https:\\\/\\\/centre-medical-araucaria.be\\\/nl\\\/\"},{\"@type\":\"ListItem\",\"position\":2,\"name\":\"Cardiologie\"}]},{\"@type\":\"WebSite\",\"@id\":\"https:\\\/\\\/centre-medical-araucaria.be\\\/nl\\\/#website\",\"url\":\"https:\\\/\\\/centre-medical-araucaria.be\\\/nl\\\/\",\"name\":\"Center M\u00e9dical Araucaria\",\"description\":\"Le Centre M\u00e9dical Araucaria est une clinique m\u00e9dicale situ\u00e9e \u00e0 Laeken qui r\u00e9unit diff\u00e9rentes sp\u00e9cialit\u00e9s..\",\"publisher\":{\"@id\":\"https:\\\/\\\/centre-medical-araucaria.be\\\/nl\\\/#organization\"},\"potentialAction\":[{\"@type\":\"SearchAction\",\"target\":{\"@type\":\"EntryPoint\",\"urlTemplate\":\"https:\\\/\\\/centre-medical-araucaria.be\\\/nl\\\/?s={search_term_string}\"},\"query-input\":{\"@type\":\"PropertyValueSpecification\",\"valueRequired\":true,\"valueName\":\"search_term_string\"}}],\"inLanguage\":\"nl-NL\"},{\"@type\":\"Organization\",\"@id\":\"https:\\\/\\\/centre-medical-araucaria.be\\\/nl\\\/#organization\",\"name\":\"Centre m\u00e9dical Araucaria\",\"url\":\"https:\\\/\\\/centre-medical-araucaria.be\\\/nl\\\/\",\"logo\":{\"@type\":\"ImageObject\",\"inLanguage\":\"nl-NL\",\"@id\":\"https:\\\/\\\/centre-medical-araucaria.be\\\/nl\\\/#\\\/schema\\\/logo\\\/image\\\/\",\"url\":\"https:\\\/\\\/centre-medical-araucaria.be\\\/wp-content\\\/uploads\\\/2022\\\/02\\\/Centre_Medical_Araucaria_LOGO-web-1.png\",\"contentUrl\":\"https:\\\/\\\/centre-medical-araucaria.be\\\/wp-content\\\/uploads\\\/2022\\\/02\\\/Centre_Medical_Araucaria_LOGO-web-1.png\",\"width\":594,\"height\":200,\"caption\":\"Centre m\u00e9dical Araucaria\"},\"image\":{\"@id\":\"https:\\\/\\\/centre-medical-araucaria.be\\\/nl\\\/#\\\/schema\\\/logo\\\/image\\\/\"}}]}<\/script>\n<!-- \/ Yoast SEO plugin. -->","yoast_head_json":{"title":"Cardiologie - Center M\u00e9dical Araucaria","description":"Cardiologie is een medisch specialiteit dat zich bezighoudt met pathologie\u00ebn van het hart en andere elementen van de bloedsomloop.","robots":{"index":"index","follow":"follow","max-snippet":"max-snippet:-1","max-image-preview":"max-image-preview:large","max-video-preview":"max-video-preview:-1"},"canonical":"https:\/\/centre-medical-araucaria.be\/nl\/cardiologie\/","og_locale":"nl_NL","og_type":"article","og_title":"Cardiologie - Center M\u00e9dical Araucaria","og_description":"Cardiologie is een medisch specialiteit dat zich bezighoudt met pathologie\u00ebn van het hart en andere elementen van de bloedsomloop.","og_url":"https:\/\/centre-medical-araucaria.be\/nl\/cardiologie\/","og_site_name":"Center M\u00e9dical Araucaria","article_modified_time":"2025-03-12T14:47:12+00:00","twitter_card":"summary_large_image","twitter_misc":{"Geschatte leestijd":"4 minuten"},"schema":{"@context":"https:\/\/schema.org","@graph":[{"@type":"WebPage","@id":"https:\/\/centre-medical-araucaria.be\/nl\/cardiologie\/","url":"https:\/\/centre-medical-araucaria.be\/nl\/cardiologie\/","name":"Cardiologie - Center M\u00e9dical Araucaria","isPartOf":{"@id":"https:\/\/centre-medical-araucaria.be\/nl\/#website"},"datePublished":"2022-02-18T15:35:16+00:00","dateModified":"2025-03-12T14:47:12+00:00","description":"Cardiologie is een medisch specialiteit dat zich bezighoudt met pathologie\u00ebn van het hart en andere elementen van de bloedsomloop.","breadcrumb":{"@id":"https:\/\/centre-medical-araucaria.be\/nl\/cardiologie\/#breadcrumb"},"inLanguage":"nl-NL","potentialAction":[{"@type":"ReadAction","target":["https:\/\/centre-medical-araucaria.be\/nl\/cardiologie\/"]}]},{"@type":"BreadcrumbList","@id":"https:\/\/centre-medical-araucaria.be\/nl\/cardiologie\/#breadcrumb","itemListElement":[{"@type":"ListItem","position":1,"name":"Accueil","item":"https:\/\/centre-medical-araucaria.be\/nl\/"},{"@type":"ListItem","position":2,"name":"Cardiologie"}]},{"@type":"WebSite","@id":"https:\/\/centre-medical-araucaria.be\/nl\/#website","url":"https:\/\/centre-medical-araucaria.be\/nl\/","name":"Center M\u00e9dical Araucaria","description":"Le Centre M\u00e9dical Araucaria est une clinique m\u00e9dicale situ\u00e9e \u00e0 Laeken qui r\u00e9unit diff\u00e9rentes sp\u00e9cialit\u00e9s..","publisher":{"@id":"https:\/\/centre-medical-araucaria.be\/nl\/#organization"},"potentialAction":[{"@type":"SearchAction","target":{"@type":"EntryPoint","urlTemplate":"https:\/\/centre-medical-araucaria.be\/nl\/?s={search_term_string}"},"query-input":{"@type":"PropertyValueSpecification","valueRequired":true,"valueName":"search_term_string"}}],"inLanguage":"nl-NL"},{"@type":"Organization","@id":"https:\/\/centre-medical-araucaria.be\/nl\/#organization","name":"Centre m\u00e9dical Araucaria","url":"https:\/\/centre-medical-araucaria.be\/nl\/","logo":{"@type":"ImageObject","inLanguage":"nl-NL","@id":"https:\/\/centre-medical-araucaria.be\/nl\/#\/schema\/logo\/image\/","url":"https:\/\/centre-medical-araucaria.be\/wp-content\/uploads\/2022\/02\/Centre_Medical_Araucaria_LOGO-web-1.png","contentUrl":"https:\/\/centre-medical-araucaria.be\/wp-content\/uploads\/2022\/02\/Centre_Medical_Araucaria_LOGO-web-1.png","width":594,"height":200,"caption":"Centre m\u00e9dical Araucaria"},"image":{"@id":"https:\/\/centre-medical-araucaria.be\/nl\/#\/schema\/logo\/image\/"}}]}},"_links":{"self":[{"href":"https:\/\/centre-medical-araucaria.be\/nl\/wp-json\/wp\/v2\/pages\/4336","targetHints":{"allow":["GET"]}}],"collection":[{"href":"https:\/\/centre-medical-araucaria.be\/nl\/wp-json\/wp\/v2\/pages"}],"about":[{"href":"https:\/\/centre-medical-araucaria.be\/nl\/wp-json\/wp\/v2\/types\/page"}],"author":[{"embeddable":true,"href":"https:\/\/centre-medical-araucaria.be\/nl\/wp-json\/wp\/v2\/users\/1"}],"replies":[{"embeddable":true,"href":"https:\/\/centre-medical-araucaria.be\/nl\/wp-json\/wp\/v2\/comments?post=4336"}],"version-history":[{"count":28,"href":"https:\/\/centre-medical-araucaria.be\/nl\/wp-json\/wp\/v2\/pages\/4336\/revisions"}],"predecessor-version":[{"id":6546,"href":"https:\/\/centre-medical-araucaria.be\/nl\/wp-json\/wp\/v2\/pages\/4336\/revisions\/6546"}],"wp:attachment":[{"href":"https:\/\/centre-medical-araucaria.be\/nl\/wp-json\/wp\/v2\/media?parent=4336"}],"curies":[{"name":"wp","href":"https:\/\/api.w.org\/{rel}","templated":true}]}}