{"id":4316,"date":"2022-02-18T17:16:13","date_gmt":"2022-02-18T16:16:13","guid":{"rendered":"https:\/pier-luigi-cianci\/"},"modified":"2022-06-21T10:56:04","modified_gmt":"2022-06-21T08:56:04","slug":"pier-luigi-cianci","status":"publish","type":"page","link":"https:\/\/centre-medical-araucaria.be\/nl\/het-team\/pier-luigi-cianci\/","title":{"rendered":"Pier Luigi Cianci"},"content":{"rendered":"<div class=\"wpb-content-wrapper\"><p>[vc_row][vc_column][vc_row_inner content_placement=&#8221;middle&#8221;][vc_column_inner width=&#8221;1\/2&#8243;][vc_single_image image=&#8221;3078&#8243; img_size=&#8221;large&#8221; alignment=&#8221;center&#8221; style=&#8221;vc_box_circle_2&#8243; onclick=&#8221;custom_link&#8221; img_link_target=&#8221;_blank&#8221; css=&#8221;.vc_custom_1646053096584{border-top-width: 50px !important;border-right-width: 50px !important;border-bottom-width: 50px !important;border-left-width: 50px !important;}&#8221; link=&#8221;https:%2F%2Fprogenda.be%2Fcalendars%2Fcianci-pier-luigi-osteopathe-bruxelles|&#8221;][\/vc_column_inner][vc_column_inner width=&#8221;1\/2&#8243;][vc_column_text]<\/p>\n<p style=\"text-align: center;\">Osteopaat<\/p>\n<p>[\/vc_column_text][vc_column_text]<\/p>\n<h1 class=\"page-title on-shop\" style=\"text-align: center;\">Pier Luigi<br \/>\nCianci<\/h1>\n<p>[\/vc_column_text][vc_column_text el_class=&#8221;reservez-button-cont&#8221;]<a class=\"reservez-button\" href=\"https:\/\/progenda.be\/calendars\/cianci-pier-luigi-osteopathe-bruxelles\" target=\"_blank\" rel=\"noopener\">Een afspraak maken<\/a>[\/vc_column_text][\/vc_column_inner][\/vc_row_inner][vc_separator][vc_column_text]Na 6 jaar gestudeerd te hebben aan de ULB, ontving Pier-Luigi Cianci zijn titel van Universitair Osteopaat DO. Hier maakt hij deel uit van het multidisciplinaire team van het Araucaria Medisch Centrum.<br \/>\nDankzij een nauwgezette aanpak zijn deze osteopathiesessies toegespitst op de verschillende neuromusculoskeletale klachten van de pati\u00ebnt (al dan niet axiaal op lumbaal, cervicaal of thoracaal niveau, of zelfs perifeer bij klachten van het appendiculair skelet). Pier-Luigi Cianci is gespecialiseerd in de zorg voor volwassenen, jongeren en sporters van alle niveaus. Hij voerde zijn eindstudiewerk uit op het gebied van het beheer en de biomechanica van het sacro-iliacale gewricht en lage rugpijn. [\/vc_column_text][\/vc_column][\/vc_row]<\/p>\n<\/div>","protected":false},"excerpt":{"rendered":"<p>[vc_row][vc_column][vc_row_inner content_placement=&#8221;middle&#8221;][vc_column_inner width=&#8221;1\/2&#8243;][vc_single_image image=&#8221;3078&#8243; img_size=&#8221;large&#8221; alignment=&#8221;center&#8221; style=&#8221;vc_box_circle_2&#8243; onclick=&#8221;custom_link&#8221; img_link_target=&#8221;_blank&#8221; css=&#8221;.vc_custom_1646053096584{border-top-width: 50px !important;border-right-width: 50px !important;border-bottom-width: 50px !important;border-left-width: 50px !important;}&#8221; link=&#8221;https:%2F%2Fprogenda.be%2Fcalendars%2Fcianci-pier-luigi-osteopathe-bruxelles|&#8221;][\/vc_column_inner][vc_column_inner width=&#8221;1\/2&#8243;][vc_column_text] Osteopaat [\/vc_column_text][vc_column_text] Pier Luigi Cianci [\/vc_column_text][vc_column_text el_class=&#8221;reservez-button-cont&#8221;]Een afspraak maken[\/vc_column_text][\/vc_column_inner][\/vc_row_inner][vc_separator][vc_column_text]Na 6 jaar gestudeerd te hebben aan de ULB, ontving Pier-Luigi Cianci zijn titel van Universitair Osteopaat DO. Hier maakt hij deel uit van het multidisciplinaire team [&hellip;]<\/p>\n","protected":false},"author":1,"featured_media":0,"parent":4528,"menu_order":0,"comment_status":"closed","ping_status":"closed","template":"page-boxed.php","meta":{"footnotes":""},"class_list":["post-4316","page","type-page","status-publish","hentry"],"yoast_head":"<!-- This site is optimized with the Yoast SEO plugin v27.3 - https:\/\/yoast.com\/product\/yoast-seo-wordpress\/ -->\n<title>Pier Luigi Cianci - Center M\u00e9dical Araucaria<\/title>\n<meta name=\"robots\" content=\"index, follow, max-snippet:-1, max-image-preview:large, max-video-preview:-1\" \/>\n<link rel=\"canonical\" href=\"https:\/\/centre-medical-araucaria.be\/nl\/het-team\/pier-luigi-cianci\/\" \/>\n<meta property=\"og:locale\" content=\"nl_NL\" \/>\n<meta property=\"og:type\" content=\"article\" \/>\n<meta property=\"og:title\" content=\"Pier Luigi Cianci - Center M\u00e9dical Araucaria\" \/>\n<meta property=\"og:description\" content=\"[vc_row][vc_column][vc_row_inner content_placement=&#8221;middle&#8221;][vc_column_inner width=&#8221;1\/2&#8243;][vc_single_image image=&#8221;3078&#8243; img_size=&#8221;large&#8221; alignment=&#8221;center&#8221; style=&#8221;vc_box_circle_2&#8243; onclick=&#8221;custom_link&#8221; img_link_target=&#8221;_blank&#8221; css=&#8221;.vc_custom_1646053096584{border-top-width: 50px !important;border-right-width: 50px !important;border-bottom-width: 50px !important;border-left-width: 50px !important;}&#8221; link=&#8221;https:%2F%2Fprogenda.be%2Fcalendars%2Fcianci-pier-luigi-osteopathe-bruxelles|&#8221;][\/vc_column_inner][vc_column_inner width=&#8221;1\/2&#8243;][vc_column_text] Osteopaat [\/vc_column_text][vc_column_text] Pier Luigi Cianci [\/vc_column_text][vc_column_text el_class=&#8221;reservez-button-cont&#8221;]Een afspraak maken[\/vc_column_text][\/vc_column_inner][\/vc_row_inner][vc_separator][vc_column_text]Na 6 jaar gestudeerd te hebben aan de ULB, ontving Pier-Luigi Cianci zijn titel van Universitair Osteopaat DO. Hier maakt hij deel uit van het multidisciplinaire team [&hellip;]\" \/>\n<meta property=\"og:url\" content=\"https:\/\/centre-medical-araucaria.be\/nl\/het-team\/pier-luigi-cianci\/\" \/>\n<meta property=\"og:site_name\" content=\"Center M\u00e9dical Araucaria\" \/>\n<meta property=\"article:modified_time\" content=\"2022-06-21T08:56:04+00:00\" \/>\n<meta name=\"twitter:card\" content=\"summary_large_image\" \/>\n<meta name=\"twitter:label1\" content=\"Geschatte leestijd\" \/>\n\t<meta name=\"twitter:data1\" content=\"1 minuut\" \/>\n<script type=\"application\/ld+json\" class=\"yoast-schema-graph\">{\"@context\":\"https:\\\/\\\/schema.org\",\"@graph\":[{\"@type\":\"WebPage\",\"@id\":\"https:\\\/\\\/centre-medical-araucaria.be\\\/nl\\\/het-team\\\/pier-luigi-cianci\\\/\",\"url\":\"https:\\\/\\\/centre-medical-araucaria.be\\\/nl\\\/het-team\\\/pier-luigi-cianci\\\/\",\"name\":\"Pier Luigi Cianci - Center M\u00e9dical Araucaria\",\"isPartOf\":{\"@id\":\"https:\\\/\\\/centre-medical-araucaria.be\\\/nl\\\/#website\"},\"datePublished\":\"2022-02-18T16:16:13+00:00\",\"dateModified\":\"2022-06-21T08:56:04+00:00\",\"breadcrumb\":{\"@id\":\"https:\\\/\\\/centre-medical-araucaria.be\\\/nl\\\/het-team\\\/pier-luigi-cianci\\\/#breadcrumb\"},\"inLanguage\":\"nl-NL\",\"potentialAction\":[{\"@type\":\"ReadAction\",\"target\":[\"https:\\\/\\\/centre-medical-araucaria.be\\\/nl\\\/het-team\\\/pier-luigi-cianci\\\/\"]}]},{\"@type\":\"BreadcrumbList\",\"@id\":\"https:\\\/\\\/centre-medical-araucaria.be\\\/nl\\\/het-team\\\/pier-luigi-cianci\\\/#breadcrumb\",\"itemListElement\":[{\"@type\":\"ListItem\",\"position\":1,\"name\":\"Accueil\",\"item\":\"https:\\\/\\\/centre-medical-araucaria.be\\\/nl\\\/\"},{\"@type\":\"ListItem\",\"position\":2,\"name\":\"het team\",\"item\":\"https:\\\/\\\/centre-medical-araucaria.be\\\/nl\\\/het-team\\\/\"},{\"@type\":\"ListItem\",\"position\":3,\"name\":\"Pier Luigi Cianci\"}]},{\"@type\":\"WebSite\",\"@id\":\"https:\\\/\\\/centre-medical-araucaria.be\\\/nl\\\/#website\",\"url\":\"https:\\\/\\\/centre-medical-araucaria.be\\\/nl\\\/\",\"name\":\"Center M\u00e9dical Araucaria\",\"description\":\"Le Centre M\u00e9dical Araucaria est une clinique m\u00e9dicale situ\u00e9e \u00e0 Laeken qui r\u00e9unit diff\u00e9rentes sp\u00e9cialit\u00e9s..\",\"publisher\":{\"@id\":\"https:\\\/\\\/centre-medical-araucaria.be\\\/nl\\\/#organization\"},\"potentialAction\":[{\"@type\":\"SearchAction\",\"target\":{\"@type\":\"EntryPoint\",\"urlTemplate\":\"https:\\\/\\\/centre-medical-araucaria.be\\\/nl\\\/?s={search_term_string}\"},\"query-input\":{\"@type\":\"PropertyValueSpecification\",\"valueRequired\":true,\"valueName\":\"search_term_string\"}}],\"inLanguage\":\"nl-NL\"},{\"@type\":\"Organization\",\"@id\":\"https:\\\/\\\/centre-medical-araucaria.be\\\/nl\\\/#organization\",\"name\":\"Centre m\u00e9dical Araucaria\",\"url\":\"https:\\\/\\\/centre-medical-araucaria.be\\\/nl\\\/\",\"logo\":{\"@type\":\"ImageObject\",\"inLanguage\":\"nl-NL\",\"@id\":\"https:\\\/\\\/centre-medical-araucaria.be\\\/nl\\\/#\\\/schema\\\/logo\\\/image\\\/\",\"url\":\"https:\\\/\\\/centre-medical-araucaria.be\\\/wp-content\\\/uploads\\\/2022\\\/02\\\/Centre_Medical_Araucaria_LOGO-web-1.png\",\"contentUrl\":\"https:\\\/\\\/centre-medical-araucaria.be\\\/wp-content\\\/uploads\\\/2022\\\/02\\\/Centre_Medical_Araucaria_LOGO-web-1.png\",\"width\":594,\"height\":200,\"caption\":\"Centre m\u00e9dical Araucaria\"},\"image\":{\"@id\":\"https:\\\/\\\/centre-medical-araucaria.be\\\/nl\\\/#\\\/schema\\\/logo\\\/image\\\/\"}}]}<\/script>\n<!-- \/ Yoast SEO plugin. -->","yoast_head_json":{"title":"Pier Luigi Cianci - Center M\u00e9dical Araucaria","robots":{"index":"index","follow":"follow","max-snippet":"max-snippet:-1","max-image-preview":"max-image-preview:large","max-video-preview":"max-video-preview:-1"},"canonical":"https:\/\/centre-medical-araucaria.be\/nl\/het-team\/pier-luigi-cianci\/","og_locale":"nl_NL","og_type":"article","og_title":"Pier Luigi Cianci - Center M\u00e9dical Araucaria","og_description":"[vc_row][vc_column][vc_row_inner content_placement=&#8221;middle&#8221;][vc_column_inner width=&#8221;1\/2&#8243;][vc_single_image image=&#8221;3078&#8243; img_size=&#8221;large&#8221; alignment=&#8221;center&#8221; style=&#8221;vc_box_circle_2&#8243; onclick=&#8221;custom_link&#8221; img_link_target=&#8221;_blank&#8221; css=&#8221;.vc_custom_1646053096584{border-top-width: 50px !important;border-right-width: 50px !important;border-bottom-width: 50px !important;border-left-width: 50px !important;}&#8221; link=&#8221;https:%2F%2Fprogenda.be%2Fcalendars%2Fcianci-pier-luigi-osteopathe-bruxelles|&#8221;][\/vc_column_inner][vc_column_inner width=&#8221;1\/2&#8243;][vc_column_text] Osteopaat [\/vc_column_text][vc_column_text] Pier Luigi Cianci [\/vc_column_text][vc_column_text el_class=&#8221;reservez-button-cont&#8221;]Een afspraak maken[\/vc_column_text][\/vc_column_inner][\/vc_row_inner][vc_separator][vc_column_text]Na 6 jaar gestudeerd te hebben aan de ULB, ontving Pier-Luigi Cianci zijn titel van Universitair Osteopaat DO. Hier maakt hij deel uit van het multidisciplinaire team [&hellip;]","og_url":"https:\/\/centre-medical-araucaria.be\/nl\/het-team\/pier-luigi-cianci\/","og_site_name":"Center M\u00e9dical Araucaria","article_modified_time":"2022-06-21T08:56:04+00:00","twitter_card":"summary_large_image","twitter_misc":{"Geschatte leestijd":"1 minuut"},"schema":{"@context":"https:\/\/schema.org","@graph":[{"@type":"WebPage","@id":"https:\/\/centre-medical-araucaria.be\/nl\/het-team\/pier-luigi-cianci\/","url":"https:\/\/centre-medical-araucaria.be\/nl\/het-team\/pier-luigi-cianci\/","name":"Pier Luigi Cianci - Center M\u00e9dical Araucaria","isPartOf":{"@id":"https:\/\/centre-medical-araucaria.be\/nl\/#website"},"datePublished":"2022-02-18T16:16:13+00:00","dateModified":"2022-06-21T08:56:04+00:00","breadcrumb":{"@id":"https:\/\/centre-medical-araucaria.be\/nl\/het-team\/pier-luigi-cianci\/#breadcrumb"},"inLanguage":"nl-NL","potentialAction":[{"@type":"ReadAction","target":["https:\/\/centre-medical-araucaria.be\/nl\/het-team\/pier-luigi-cianci\/"]}]},{"@type":"BreadcrumbList","@id":"https:\/\/centre-medical-araucaria.be\/nl\/het-team\/pier-luigi-cianci\/#breadcrumb","itemListElement":[{"@type":"ListItem","position":1,"name":"Accueil","item":"https:\/\/centre-medical-araucaria.be\/nl\/"},{"@type":"ListItem","position":2,"name":"het team","item":"https:\/\/centre-medical-araucaria.be\/nl\/het-team\/"},{"@type":"ListItem","position":3,"name":"Pier Luigi Cianci"}]},{"@type":"WebSite","@id":"https:\/\/centre-medical-araucaria.be\/nl\/#website","url":"https:\/\/centre-medical-araucaria.be\/nl\/","name":"Center M\u00e9dical Araucaria","description":"Le Centre M\u00e9dical Araucaria est une clinique m\u00e9dicale situ\u00e9e \u00e0 Laeken qui r\u00e9unit diff\u00e9rentes sp\u00e9cialit\u00e9s..","publisher":{"@id":"https:\/\/centre-medical-araucaria.be\/nl\/#organization"},"potentialAction":[{"@type":"SearchAction","target":{"@type":"EntryPoint","urlTemplate":"https:\/\/centre-medical-araucaria.be\/nl\/?s={search_term_string}"},"query-input":{"@type":"PropertyValueSpecification","valueRequired":true,"valueName":"search_term_string"}}],"inLanguage":"nl-NL"},{"@type":"Organization","@id":"https:\/\/centre-medical-araucaria.be\/nl\/#organization","name":"Centre m\u00e9dical Araucaria","url":"https:\/\/centre-medical-araucaria.be\/nl\/","logo":{"@type":"ImageObject","inLanguage":"nl-NL","@id":"https:\/\/centre-medical-araucaria.be\/nl\/#\/schema\/logo\/image\/","url":"https:\/\/centre-medical-araucaria.be\/wp-content\/uploads\/2022\/02\/Centre_Medical_Araucaria_LOGO-web-1.png","contentUrl":"https:\/\/centre-medical-araucaria.be\/wp-content\/uploads\/2022\/02\/Centre_Medical_Araucaria_LOGO-web-1.png","width":594,"height":200,"caption":"Centre m\u00e9dical Araucaria"},"image":{"@id":"https:\/\/centre-medical-araucaria.be\/nl\/#\/schema\/logo\/image\/"}}]}},"_links":{"self":[{"href":"https:\/\/centre-medical-araucaria.be\/nl\/wp-json\/wp\/v2\/pages\/4316","targetHints":{"allow":["GET"]}}],"collection":[{"href":"https:\/\/centre-medical-araucaria.be\/nl\/wp-json\/wp\/v2\/pages"}],"about":[{"href":"https:\/\/centre-medical-araucaria.be\/nl\/wp-json\/wp\/v2\/types\/page"}],"author":[{"embeddable":true,"href":"https:\/\/centre-medical-araucaria.be\/nl\/wp-json\/wp\/v2\/users\/1"}],"replies":[{"embeddable":true,"href":"https:\/\/centre-medical-araucaria.be\/nl\/wp-json\/wp\/v2\/comments?post=4316"}],"version-history":[{"count":3,"href":"https:\/\/centre-medical-araucaria.be\/nl\/wp-json\/wp\/v2\/pages\/4316\/revisions"}],"predecessor-version":[{"id":4322,"href":"https:\/\/centre-medical-araucaria.be\/nl\/wp-json\/wp\/v2\/pages\/4316\/revisions\/4322"}],"up":[{"embeddable":true,"href":"https:\/\/centre-medical-araucaria.be\/nl\/wp-json\/wp\/v2\/pages\/4528"}],"wp:attachment":[{"href":"https:\/\/centre-medical-araucaria.be\/nl\/wp-json\/wp\/v2\/media?parent=4316"}],"curies":[{"name":"wp","href":"https:\/\/api.w.org\/{rel}","templated":true}]}}