{"id":7394,"date":"2022-02-18T16:35:16","date_gmt":"2022-02-18T15:35:16","guid":{"rendered":"https:\/\/centre-medical-araucaria.be\/cardiology\/"},"modified":"2026-05-05T14:28:26","modified_gmt":"2026-05-05T12:28:26","slug":"cardiology","status":"publish","type":"page","link":"https:\/\/centre-medical-araucaria.be\/en\/cardiology\/","title":{"rendered":"Cardiology"},"content":{"rendered":"<div class=\"wpb-content-wrapper\"><p>[vc_row full_width=&#8221;stretch_row&#8221; css_animation=&#8221;fadeIn&#8221; css=&#8221;.vc_custom_1646069681015{margin-bottom: 75px !important;background-image: url(https:\/\/centre-medical-araucaria.be\/wp-content\/uploads\/2022\/02\/cardiologie-.jpg?id=3041) !important;background-position: center !important;background-repeat: no-repeat !important;background-size: cover !important;}&#8221;][vc_column][vc_column_text css=&#8221;.vc_custom_1645782386363{padding-top: 100px !important;padding-bottom: 100px !important;}&#8221;]<\/p>\n<h1 style=\"text-align: center;\"><span style=\"font-size: 150%; color: #b3dbc3;\">Cardiology<\/span><\/h1>\n<p>[\/vc_column_text][\/vc_column][\/vc_row][vc_row content_placement=&#8221;middle&#8221;][vc_column width=&#8221;1\/2&#8243;][vc_single_image image=&#8221;6340&#8243; img_size=&#8221;250&#215;250&#8243; alignment=&#8221;center&#8221; style=&#8221;vc_box_circle_2&#8243; onclick=&#8221;custom_link&#8221; css=&#8221;.vc_custom_1736246654890{border-top-width: 50px !important;border-right-width: 50px !important;border-bottom-width: 50px !important;border-left-width: 50px !important;}&#8221; link=&#8221;https:\/en\/the-team\/dr-ahmad-awada\/&#8221;][vc_column_text css=&#8221;&#8221;]<\/p>\n<h2 style=\"text-align: center;\">Dr. Sophie Samyn<\/h2>\n<p>[\/vc_column_text][vc_column_text el_class=&#8221;reservez-button-cont&#8221;]<\/p>\n<p style=\"text-align: center;\"><a href=\"https:\/en\/the-team\/dr-sophie-samyn\/\" rel=\"noopener\">Profile<\/a><\/p>\n<p>[\/vc_column_text][vc_column_text el_class=&#8221;reservez-button-cont&#8221;]<a class=\"reservez-button\" href=\"https:\/\/www.doctoranytime.be\/d\/cardiologue\/sophie-samyn-2\" target=\"_blank\" rel=\"noopener\">Make an appointment<\/a>[\/vc_column_text][\/vc_column][vc_column width=&#8221;1\/2&#8243;][vc_single_image image=&#8221;4036&#8243; img_size=&#8221;250&#215;250&#8243; alignment=&#8221;center&#8221; style=&#8221;vc_box_circle_2&#8243; onclick=&#8221;custom_link&#8221; css=&#8221;.vc_custom_1659701938697{border-top-width: 50px !important;border-right-width: 50px !important;border-bottom-width: 50px !important;border-left-width: 50px !important;}&#8221; link=&#8221;https:\/en\/the-team\/dr-ahmad-awada\/&#8221;][vc_column_text css=&#8221;&#8221;]<\/p>\n<h2 style=\"text-align: center;\">Dr. Ahmad Awada<\/h2>\n<p>[\/vc_column_text][vc_column_text el_class=&#8221;reservez-button-cont&#8221;]<\/p>\n<p style=\"text-align: center;\"><a href=\"https:\/en\/the-team\/dr-ahmad-awada\/\" rel=\"noopener\">Profile<\/a><\/p>\n<p>[\/vc_column_text][vc_column_text css=&#8221;&#8221; el_class=&#8221;reservez-button-cont&#8221;]<a class=\"reservez-button\" href=\"https:\/\/www.doctoranytime.be\/d\/cardiologue\/awada-ahmad\" target=\"_blank\" rel=\"noopener\">Make an appointment<\/a>[\/vc_column_text][\/vc_column][\/vc_row][vc_row content_placement=&#8221;middle&#8221;][vc_column width=&#8221;1\/2&#8243;][vc_single_image image=&#8221;7363&#8243; img_size=&#8221;250&#215;250&#8243; alignment=&#8221;center&#8221; style=&#8221;vc_box_circle_2&#8243; onclick=&#8221;custom_link&#8221; css=&#8221;.vc_custom_1777980261292{border-top-width: 50px !important;border-right-width: 50px !important;border-bottom-width: 50px !important;border-left-width: 50px !important;}&#8221; link=&#8221;https:\/en\/the-team\/brahim-berdaoui\/&#8221;][vc_column_text css=&#8221;&#8221;]<\/p>\n<h2 style=\"text-align: center;\">Dr. Brahim Berdaoui<\/h2>\n<p>[\/vc_column_text][vc_column_text css=&#8221;&#8221; el_class=&#8221;reservez-button-cont&#8221;]<\/p>\n<p style=\"text-align: center;\"><a href=\"https:\/en\/the-team\/brahim-berdaoui\/\" rel=\"noopener\">Profile<\/a><\/p>\n<p>[\/vc_column_text][vc_column_text css=&#8221;&#8221; el_class=&#8221;reservez-button-cont&#8221;]<a class=\"reservez-button\" href=\"https:\/\/www.doctoranytime.be\/d\/cardiologue\/brahim-berdaoui\" target=\"_blank\" rel=\"noopener\">Make an appointment<\/a>[\/vc_column_text][\/vc_column][vc_column width=&#8221;1\/2&#8243;][vc_single_image image=&#8221;7081&#8243; img_size=&#8221;250&#215;250&#8243; alignment=&#8221;center&#8221; style=&#8221;vc_box_circle_2&#8243; onclick=&#8221;custom_link&#8221; css=&#8221;.vc_custom_1777980144945{border-top-width: 50px !important;border-right-width: 50px !important;border-bottom-width: 50px !important;border-left-width: 50px !important;}&#8221; link=&#8221;https:\/equipe\/dr-louis-chebli\/&#8221;][vc_column_text css=&#8221;&#8221;]<\/p>\n<h2 style=\"text-align: center;\">Dr. Louis Chebli<\/h2>\n<p>[\/vc_column_text][vc_column_text css=&#8221;&#8221; el_class=&#8221;reservez-button-cont&#8221;]<\/p>\n<p style=\"text-align: center;\"><a href=\"https:\/equipe\/dr-louis-chebli\/\" rel=\"noopener\">Profile<\/a><\/p>\n<p>[\/vc_column_text][vc_column_text css=&#8221;&#8221; el_class=&#8221;reservez-button-cont&#8221;]<a class=\"reservez-button\" href=\"https:\/\/www.doctoranytime.be\/d\/chirurgien-vasculaire\/louis-chebli\" target=\"_blank\" rel=\"noopener\">Make an appointment<\/a>[\/vc_column_text][\/vc_column][\/vc_row][vc_row css=&#8221;.vc_custom_1659701906813{margin-top: 50px !important;}&#8221;][vc_column width=&#8221;1\/6&#8243;][\/vc_column][vc_column width=&#8221;2\/3&#8243;][vc_column_text]<\/p>\n<h3>Principle of Cardiology<\/h3>\n<p>Cardiology is a medical specialty that deals with pathologies of the heart and other elements of the circulatory system.<br \/>\nThus, it diagnoses and treats:<\/p>\n<p>Congenital heart defects,<br \/>\nheart failure,<br \/>\ncoronary artery disease,<br \/>\nheart failure,<br \/>\nvalvular heart disease,<br \/>\nand finally, electrophysiology.<br \/>\nFurthermore, even though the cardiovascular system is inherently linked to blood, cardiology does not deal with hematology and its pathologies.<\/p>\n<p>It should be noted that cardiovascular pathologies are today the main cause of death in Belgium, as in most Western countries.<\/p>\n<h3>Pathologies<\/h3>\n<p>Here is a non-exhaustive list of conditions treated by cardiology.<\/p>\n<p><strong>Cardiac emergencies<\/strong><br \/>\nThe following are considered cardiac emergencies:<\/p>\n<p>Myocardial infarction (destruction of part of the heart muscle, the myocardium),<br \/>\na hypertensive crisis (a sudden rise in blood pressure),<br \/>\nor an aneurysm (a lateral bulge formed by dilation of the wall of an artery or the heart)<\/p>\n<p><strong>Heart failure<\/strong><br \/>\nis the inability of the heart to pump enough blood to meet the body&#8217;s needs. Thus, it is a serious pathology which results, among other things, in disproportionate fatigue and constant shortness of breath.<\/p>\n<p><strong>Congenital malformations<\/strong><br \/>\nHeart defects alter the normal flow of blood to the lungs and the rest of the body. These are often malformations of the pulmonary artery and the pulmonary valve, resulting in abnormal blood circulation between the right ventricle and the lungs.<\/p>\n<p>Thus, there are different types of congenital heart pathologies such as tetralogy of Fallot, pulmonary stenosis, pulmonary atresia, or transposition of the great vessels.<\/p>\n<p><strong>Rhythm and conduction disorders<\/strong><br \/>\nThis is a pathology linked to abnormal variation in the rhythm of the heartbeats, which disrupts its function. These disorders can be of varying severity.<\/p>\n<p><strong>Valve pathologies<\/strong><br \/>\nHeart valve pathologies refer to a dysfunction of the heart valves, which disrupts intracardiac blood flow and can result in a short, weak heart murmur on a daily basis.<\/p>\n<p><strong>Cardiomyopathies<\/strong><br \/>\nCardiomyopathies (or myocardiopathies) correspond to a group of diseases that affect the myocardium, in other words the heart muscle that allows the heart to perform its pumping function. Thus, by altering the muscle tone of the heart, cardiomyopathies prevent the heart from functioning normally, and therefore from circulating blood throughout the body.<\/p>\n<p><strong>Atherosclerosis<\/strong><br \/>\nAtherosclerosis is a disease of the blood vessels in which the diameter decreases due to the accumulation of lipids in the walls.<\/p>\n<p><strong>High blood pressure<\/strong><br \/>\nThis condition accelerates heart fatigue by increasing the workload of the heart muscle, which, as it enlarges, becomes less efficient. This disease is one of the first risk factors for cardiovascular disease and stroke.<\/p>\n<p><strong>Coronary artery disease<\/strong><br \/>\nCoronary artery disease is a condition that affects the arteries that supply blood to the heart. It is often associated with atherosclerosis, a buildup of plaques inside the walls of the arteries. Thus, this accumulation gradually narrows the interior of the arteries and slows the flow of blood.<\/p>\n<p><strong>Peripheral vascular disease<\/strong><br \/>\nPeripheral vascular disease is characterized by a decrease in blood flow to the arteries of the trunk, arms, and legs.<\/p>\n<p><strong>Cerebrovascular disease<\/strong><br \/>\nFinally, in collaboration with neurology, cardiology treats cerebrovascular diseases.[\/vc_column_text][vc_column_text css=&#8221;&#8221;]<a href=\"https:\/\/centre-medical-araucaria.be\/en\/\">Find all our medical specialties here.<\/a>[\/vc_column_text][\/vc_column][vc_column width=&#8221;1\/6&#8243;][\/vc_column][\/vc_row][vc_row full_width=&#8221;stretch_row_content_no_spaces&#8221; css=&#8221;.vc_custom_1645782957724{margin-bottom: -50px !important;}&#8221;][vc_column][vc_gmaps link=&#8221;#E-8_JTNDaWZyYW1lJTIwc3JjJTNEJTIyaHR0cHMlM0ElMkYlMkZ3d3cuZ29vZ2xlLmNvbSUyRm1hcHMlMkZlbWJlZCUzRnBiJTNEJTIxMW0xOCUyMTFtMTIlMjExbTMlMjExZDI1MTYuNDg4ODc2OTM0ODQ3NyUyMTJkNC4zNjEyNzExMTU2MzMxNzclMjEzZDUwLjg5NjE2OTY3OTUzOTM4JTIxMm0zJTIxMWYwJTIxMmYwJTIxM2YwJTIxM20yJTIxMWkxMDI0JTIxMmk3NjglMjE0ZjEzLjElMjEzbTMlMjExbTIlMjExczB4NDdjM2MyNTY1YmMxN2NiYiUyNTNBMHgyNGQwYjQwNjc0ODk4MmQlMjEyc0F2LiUyNTIwZGUlMjUyMGwlMjdBcmF1Y2FyaWElMjUyMDc5JTI1MkMlMjUyMDEwMjAlMjUyMEJydXhlbGxlcyUyNTJDJTI1MjBCZWxnaXVtJTIxNWUwJTIxM20yJTIxMXNlbiUyMTJzbWElMjE0djE2NDUxNzgxMzIzNDYlMjE1bTIlMjExc2VuJTIxMnNtYSUyMiUyMHdpZHRoJTNEJTIyNjAwJTIyJTIwaGVpZ2h0JTNEJTIyNDUwJTIyJTIwc3R5bGUlM0QlMjJib3JkZXIlM0EwJTNCJTIyJTIwYWxsb3dmdWxsc2NyZWVuJTNEJTIyJTIyJTIwbG9hZGluZyUzRCUyMmxhenklMjIlM0UlM0MlMkZpZnJhbWUlM0U=&#8221;][\/vc_column][\/vc_row]<\/p>\n<\/div>","protected":false},"excerpt":{"rendered":"<p>[vc_row full_width=&#8221;stretch_row&#8221; css_animation=&#8221;fadeIn&#8221; css=&#8221;.vc_custom_1646069681015{margin-bottom: 75px !important;background-image: url(https:\/\/centre-medical-araucaria.be\/wp-content\/uploads\/2022\/02\/cardiologie-.jpg?id=3041) !important;background-position: center !important;background-repeat: no-repeat !important;background-size: cover !important;}&#8221;][vc_column][vc_column_text css=&#8221;.vc_custom_1645782386363{padding-top: 100px !important;padding-bottom: 100px !important;}&#8221;] Cardiology [\/vc_column_text][\/vc_column][\/vc_row][vc_row content_placement=&#8221;middle&#8221;][vc_column width=&#8221;1\/2&#8243;][vc_single_image image=&#8221;6340&#8243; img_size=&#8221;250&#215;250&#8243; alignment=&#8221;center&#8221; style=&#8221;vc_box_circle_2&#8243; onclick=&#8221;custom_link&#8221; css=&#8221;.vc_custom_1736246654890{border-top-width: 50px !important;border-right-width: 50px !important;border-bottom-width: 50px !important;border-left-width: 50px !important;}&#8221; link=&#8221;https:\/en\/the-team\/dr-ahmad-awada\/&#8221;][vc_column_text css=&#8221;&#8221;] Dr. Sophie Samyn [\/vc_column_text][vc_column_text el_class=&#8221;reservez-button-cont&#8221;] Profile [\/vc_column_text][vc_column_text el_class=&#8221;reservez-button-cont&#8221;]Make an appointment[\/vc_column_text][\/vc_column][vc_column width=&#8221;1\/2&#8243;][vc_single_image image=&#8221;4036&#8243; img_size=&#8221;250&#215;250&#8243; alignment=&#8221;center&#8221; style=&#8221;vc_box_circle_2&#8243; onclick=&#8221;custom_link&#8221; [&hellip;]<\/p>\n","protected":false},"author":1,"featured_media":0,"parent":0,"menu_order":0,"comment_status":"closed","ping_status":"closed","template":"","meta":{"footnotes":""},"class_list":["post-7394","page","type-page","status-publish","hentry"],"yoast_head":"<!-- This site is optimized with the Yoast SEO plugin v27.5 - https:\/\/yoast.com\/product\/yoast-seo-wordpress\/ -->\n<title>Cardiology - Center M\u00e9dical Araucaria<\/title>\n<meta name=\"description\" content=\"Cardiology is a medical specialty that deals with pathologies of the heart and other elements of the circulatory system.\" \/>\n<meta name=\"robots\" content=\"index, follow, max-snippet:-1, max-image-preview:large, max-video-preview:-1\" \/>\n<link rel=\"canonical\" href=\"https:\/\/centre-medical-araucaria.be\/en\/cardiology\/\" \/>\n<meta property=\"og:locale\" content=\"en_US\" \/>\n<meta property=\"og:type\" content=\"article\" \/>\n<meta property=\"og:title\" content=\"Cardiology - Center M\u00e9dical Araucaria\" \/>\n<meta property=\"og:description\" content=\"Cardiology is a medical specialty that deals with pathologies of the heart and other elements of the circulatory system.\" \/>\n<meta property=\"og:url\" content=\"https:\/\/centre-medical-araucaria.be\/en\/cardiology\/\" \/>\n<meta property=\"og:site_name\" content=\"Center M\u00e9dical Araucaria\" \/>\n<meta property=\"article:modified_time\" content=\"2026-05-05T12:28:26+00:00\" \/>\n<meta name=\"twitter:card\" content=\"summary_large_image\" \/>\n<meta name=\"twitter:label1\" content=\"Est. reading time\" \/>\n\t<meta name=\"twitter:data1\" content=\"5 minutes\" \/>\n<script type=\"application\/ld+json\" class=\"yoast-schema-graph\">{\"@context\":\"https:\\\/\\\/schema.org\",\"@graph\":[{\"@type\":\"WebPage\",\"@id\":\"https:\\\/\\\/centre-medical-araucaria.be\\\/en\\\/cardiology\\\/\",\"url\":\"https:\\\/\\\/centre-medical-araucaria.be\\\/en\\\/cardiology\\\/\",\"name\":\"Cardiology - Center M\u00e9dical Araucaria\",\"isPartOf\":{\"@id\":\"https:\\\/\\\/centre-medical-araucaria.be\\\/en\\\/#website\"},\"datePublished\":\"2022-02-18T15:35:16+00:00\",\"dateModified\":\"2026-05-05T12:28:26+00:00\",\"description\":\"Cardiology is a medical specialty that deals with pathologies of the heart and other elements of the circulatory system.\",\"breadcrumb\":{\"@id\":\"https:\\\/\\\/centre-medical-araucaria.be\\\/en\\\/cardiology\\\/#breadcrumb\"},\"inLanguage\":\"en-US\",\"potentialAction\":[{\"@type\":\"ReadAction\",\"target\":[\"https:\\\/\\\/centre-medical-araucaria.be\\\/en\\\/cardiology\\\/\"]}]},{\"@type\":\"BreadcrumbList\",\"@id\":\"https:\\\/\\\/centre-medical-araucaria.be\\\/en\\\/cardiology\\\/#breadcrumb\",\"itemListElement\":[{\"@type\":\"ListItem\",\"position\":1,\"name\":\"Accueil\",\"item\":\"https:\\\/\\\/centre-medical-araucaria.be\\\/en\\\/\"},{\"@type\":\"ListItem\",\"position\":2,\"name\":\"Cardiology\"}]},{\"@type\":\"WebSite\",\"@id\":\"https:\\\/\\\/centre-medical-araucaria.be\\\/en\\\/#website\",\"url\":\"https:\\\/\\\/centre-medical-araucaria.be\\\/en\\\/\",\"name\":\"Center M\u00e9dical Araucaria\",\"description\":\"Le Centre M\u00e9dical Araucaria est une clinique m\u00e9dicale situ\u00e9e \u00e0 Laeken qui r\u00e9unit diff\u00e9rentes sp\u00e9cialit\u00e9s..\",\"publisher\":{\"@id\":\"https:\\\/\\\/centre-medical-araucaria.be\\\/en\\\/#organization\"},\"potentialAction\":[{\"@type\":\"SearchAction\",\"target\":{\"@type\":\"EntryPoint\",\"urlTemplate\":\"https:\\\/\\\/centre-medical-araucaria.be\\\/en\\\/?s={search_term_string}\"},\"query-input\":{\"@type\":\"PropertyValueSpecification\",\"valueRequired\":true,\"valueName\":\"search_term_string\"}}],\"inLanguage\":\"en-US\"},{\"@type\":\"Organization\",\"@id\":\"https:\\\/\\\/centre-medical-araucaria.be\\\/en\\\/#organization\",\"name\":\"Centre m\u00e9dical Araucaria\",\"url\":\"https:\\\/\\\/centre-medical-araucaria.be\\\/en\\\/\",\"logo\":{\"@type\":\"ImageObject\",\"inLanguage\":\"en-US\",\"@id\":\"https:\\\/\\\/centre-medical-araucaria.be\\\/en\\\/#\\\/schema\\\/logo\\\/image\\\/\",\"url\":\"https:\\\/\\\/centre-medical-araucaria.be\\\/wp-content\\\/uploads\\\/2022\\\/02\\\/Centre_Medical_Araucaria_LOGO-web-1.png\",\"contentUrl\":\"https:\\\/\\\/centre-medical-araucaria.be\\\/wp-content\\\/uploads\\\/2022\\\/02\\\/Centre_Medical_Araucaria_LOGO-web-1.png\",\"width\":594,\"height\":200,\"caption\":\"Centre m\u00e9dical Araucaria\"},\"image\":{\"@id\":\"https:\\\/\\\/centre-medical-araucaria.be\\\/en\\\/#\\\/schema\\\/logo\\\/image\\\/\"}}]}<\/script>\n<!-- \/ Yoast SEO plugin. -->","yoast_head_json":{"title":"Cardiology - Center M\u00e9dical Araucaria","description":"Cardiology is a medical specialty that deals with pathologies of the heart and other elements of the circulatory system.","robots":{"index":"index","follow":"follow","max-snippet":"max-snippet:-1","max-image-preview":"max-image-preview:large","max-video-preview":"max-video-preview:-1"},"canonical":"https:\/\/centre-medical-araucaria.be\/en\/cardiology\/","og_locale":"en_US","og_type":"article","og_title":"Cardiology - Center M\u00e9dical Araucaria","og_description":"Cardiology is a medical specialty that deals with pathologies of the heart and other elements of the circulatory system.","og_url":"https:\/\/centre-medical-araucaria.be\/en\/cardiology\/","og_site_name":"Center M\u00e9dical Araucaria","article_modified_time":"2026-05-05T12:28:26+00:00","twitter_card":"summary_large_image","twitter_misc":{"Est. reading time":"5 minutes"},"schema":{"@context":"https:\/\/schema.org","@graph":[{"@type":"WebPage","@id":"https:\/\/centre-medical-araucaria.be\/en\/cardiology\/","url":"https:\/\/centre-medical-araucaria.be\/en\/cardiology\/","name":"Cardiology - Center M\u00e9dical Araucaria","isPartOf":{"@id":"https:\/\/centre-medical-araucaria.be\/en\/#website"},"datePublished":"2022-02-18T15:35:16+00:00","dateModified":"2026-05-05T12:28:26+00:00","description":"Cardiology is a medical specialty that deals with pathologies of the heart and other elements of the circulatory system.","breadcrumb":{"@id":"https:\/\/centre-medical-araucaria.be\/en\/cardiology\/#breadcrumb"},"inLanguage":"en-US","potentialAction":[{"@type":"ReadAction","target":["https:\/\/centre-medical-araucaria.be\/en\/cardiology\/"]}]},{"@type":"BreadcrumbList","@id":"https:\/\/centre-medical-araucaria.be\/en\/cardiology\/#breadcrumb","itemListElement":[{"@type":"ListItem","position":1,"name":"Accueil","item":"https:\/\/centre-medical-araucaria.be\/en\/"},{"@type":"ListItem","position":2,"name":"Cardiology"}]},{"@type":"WebSite","@id":"https:\/\/centre-medical-araucaria.be\/en\/#website","url":"https:\/\/centre-medical-araucaria.be\/en\/","name":"Center M\u00e9dical Araucaria","description":"Le Centre M\u00e9dical Araucaria est une clinique m\u00e9dicale situ\u00e9e \u00e0 Laeken qui r\u00e9unit diff\u00e9rentes sp\u00e9cialit\u00e9s..","publisher":{"@id":"https:\/\/centre-medical-araucaria.be\/en\/#organization"},"potentialAction":[{"@type":"SearchAction","target":{"@type":"EntryPoint","urlTemplate":"https:\/\/centre-medical-araucaria.be\/en\/?s={search_term_string}"},"query-input":{"@type":"PropertyValueSpecification","valueRequired":true,"valueName":"search_term_string"}}],"inLanguage":"en-US"},{"@type":"Organization","@id":"https:\/\/centre-medical-araucaria.be\/en\/#organization","name":"Centre m\u00e9dical Araucaria","url":"https:\/\/centre-medical-araucaria.be\/en\/","logo":{"@type":"ImageObject","inLanguage":"en-US","@id":"https:\/\/centre-medical-araucaria.be\/en\/#\/schema\/logo\/image\/","url":"https:\/\/centre-medical-araucaria.be\/wp-content\/uploads\/2022\/02\/Centre_Medical_Araucaria_LOGO-web-1.png","contentUrl":"https:\/\/centre-medical-araucaria.be\/wp-content\/uploads\/2022\/02\/Centre_Medical_Araucaria_LOGO-web-1.png","width":594,"height":200,"caption":"Centre m\u00e9dical Araucaria"},"image":{"@id":"https:\/\/centre-medical-araucaria.be\/en\/#\/schema\/logo\/image\/"}}]}},"_links":{"self":[{"href":"https:\/\/centre-medical-araucaria.be\/en\/wp-json\/wp\/v2\/pages\/7394","targetHints":{"allow":["GET"]}}],"collection":[{"href":"https:\/\/centre-medical-araucaria.be\/en\/wp-json\/wp\/v2\/pages"}],"about":[{"href":"https:\/\/centre-medical-araucaria.be\/en\/wp-json\/wp\/v2\/types\/page"}],"author":[{"embeddable":true,"href":"https:\/\/centre-medical-araucaria.be\/en\/wp-json\/wp\/v2\/users\/1"}],"replies":[{"embeddable":true,"href":"https:\/\/centre-medical-araucaria.be\/en\/wp-json\/wp\/v2\/comments?post=7394"}],"version-history":[{"count":8,"href":"https:\/\/centre-medical-araucaria.be\/en\/wp-json\/wp\/v2\/pages\/7394\/revisions"}],"predecessor-version":[{"id":7403,"href":"https:\/\/centre-medical-araucaria.be\/en\/wp-json\/wp\/v2\/pages\/7394\/revisions\/7403"}],"wp:attachment":[{"href":"https:\/\/centre-medical-araucaria.be\/en\/wp-json\/wp\/v2\/media?parent=7394"}],"curies":[{"name":"wp","href":"https:\/\/api.w.org\/{rel}","templated":true}]}}