{"id":7087,"date":"2026-03-10T16:29:22","date_gmt":"2026-03-10T15:29:22","guid":{"rendered":"https:\/\/centre-medical-araucaria.be\/the-team\/dr-louis-chebli\/"},"modified":"2026-03-10T16:33:41","modified_gmt":"2026-03-10T15:33:41","slug":"dr-louis-chebli","status":"publish","type":"page","link":"https:\/\/centre-medical-araucaria.be\/en\/the-team\/dr-louis-chebli\/","title":{"rendered":"Dr. Louis Chebli"},"content":{"rendered":"<div class=\"wpb-content-wrapper\"><p>[vc_row][vc_column][vc_row_inner content_placement=&#8221;middle&#8221;][vc_column_inner width=&#8221;1\/2&#8243;][vc_single_image image=&#8221;7081&#8243; img_size=&#8221;large&#8221; alignment=&#8221;center&#8221; style=&#8221;vc_box_circle_2&#8243; onclick=&#8221;custom_link&#8221; img_link_target=&#8221;_blank&#8221; css=&#8221;.vc_custom_1773156192892{border-top-width: 50px !important;border-right-width: 50px !important;border-bottom-width: 50px !important;border-left-width: 50px !important;}&#8221; link=&#8221;https:\/\/www.doctoranytime.be\/d\/chirurgien-vasculaire\/louis-chebli&#8221;][\/vc_column_inner][vc_column_inner width=&#8221;1\/2&#8243;][vc_column_text css=&#8221;&#8221;]<\/p>\n<p style=\"text-align: center;\">Vascular and thoracic surgeon<\/p>\n<p>[\/vc_column_text][vc_column_text css=&#8221;&#8221;]<\/p>\n<h1 class=\"page-title on-shop\" style=\"text-align: center;\">Dr. Louis Chebli<\/h1>\n<p>[\/vc_column_text][vc_column_text css=&#8221;&#8221; el_class=&#8221;reservez-button-cont&#8221;]<a class=\"reservez-button\" href=\"https:\/\/www.doctoranytime.be\/d\/chirurgien-vasculaire\/louis-chebli\" target=\"_blank\" rel=\"noopener\">Make an appointment<\/a>[\/vc_column_text][\/vc_column_inner][\/vc_row_inner][vc_separator][vc_row_inner css=&#8221;.vc_custom_1443414812412{margin-top: 45px !important;margin-bottom: 25px !important;}&#8221;][vc_column_inner][vc_column_text css=&#8221;&#8221;]<strong>Professional Profile:<\/strong><br \/>\n<strong>Specialties:<\/strong> He treats pathologies related to blood vessels (vascular surgery) and the rib cage.<br \/>\n<strong>Languages \u200b\u200bspoken:<\/strong> He consults in French, English, and Arabic.<br \/>\n<strong>Research:<\/strong> He contributes to scientific research, particularly on the use of extracorporeal membrane oxygenation (ECMO).[\/vc_column_text][\/vc_column_inner][\/vc_row_inner][\/vc_column][\/vc_row]<\/p>\n<\/div>","protected":false},"excerpt":{"rendered":"<p>[vc_row][vc_column][vc_row_inner content_placement=&#8221;middle&#8221;][vc_column_inner width=&#8221;1\/2&#8243;][vc_single_image image=&#8221;7081&#8243; img_size=&#8221;large&#8221; alignment=&#8221;center&#8221; style=&#8221;vc_box_circle_2&#8243; onclick=&#8221;custom_link&#8221; img_link_target=&#8221;_blank&#8221; css=&#8221;.vc_custom_1773156192892{border-top-width: 50px !important;border-right-width: 50px !important;border-bottom-width: 50px !important;border-left-width: 50px !important;}&#8221; link=&#8221;https:\/\/www.doctoranytime.be\/d\/chirurgien-vasculaire\/louis-chebli&#8221;][\/vc_column_inner][vc_column_inner width=&#8221;1\/2&#8243;][vc_column_text css=&#8221;&#8221;] Vascular and thoracic surgeon [\/vc_column_text][vc_column_text css=&#8221;&#8221;] Dr. Louis Chebli [\/vc_column_text][vc_column_text css=&#8221;&#8221; el_class=&#8221;reservez-button-cont&#8221;]Make an appointment[\/vc_column_text][\/vc_column_inner][\/vc_row_inner][vc_separator][vc_row_inner css=&#8221;.vc_custom_1443414812412{margin-top: 45px !important;margin-bottom: 25px !important;}&#8221;][vc_column_inner][vc_column_text css=&#8221;&#8221;]Professional Profile: Specialties: He treats pathologies related to blood vessels (vascular surgery) and the rib [&hellip;]<\/p>\n","protected":false},"author":2,"featured_media":0,"parent":4530,"menu_order":0,"comment_status":"closed","ping_status":"closed","template":"page-boxed.php","meta":{"footnotes":""},"class_list":["post-7087","page","type-page","status-publish","hentry"],"yoast_head":"<!-- This site is optimized with the Yoast SEO plugin v27.3 - https:\/\/yoast.com\/product\/yoast-seo-wordpress\/ -->\n<title>Dr. Louis Chebli : Vascular and thoracic surgeon - Center M\u00e9dical Araucaria<\/title>\n<meta name=\"description\" content=\"Dr. Louis Chebli is a surgeon specializing in cardiovascular and thoracic surgery.\" \/>\n<meta name=\"robots\" content=\"index, follow, max-snippet:-1, max-image-preview:large, max-video-preview:-1\" \/>\n<link rel=\"canonical\" href=\"https:\/\/centre-medical-araucaria.be\/en\/the-team\/dr-louis-chebli\/\" \/>\n<meta property=\"og:locale\" content=\"en_US\" \/>\n<meta property=\"og:type\" content=\"article\" \/>\n<meta property=\"og:title\" content=\"Dr. Louis Chebli : Vascular and thoracic surgeon - Center M\u00e9dical Araucaria\" \/>\n<meta property=\"og:description\" content=\"Dr. Louis Chebli is a surgeon specializing in cardiovascular and thoracic surgery.\" \/>\n<meta property=\"og:url\" content=\"https:\/\/centre-medical-araucaria.be\/en\/the-team\/dr-louis-chebli\/\" \/>\n<meta property=\"og:site_name\" content=\"Center M\u00e9dical Araucaria\" \/>\n<meta property=\"article:modified_time\" content=\"2026-03-10T15:33:41+00:00\" \/>\n<meta name=\"twitter:card\" content=\"summary_large_image\" \/>\n<meta name=\"twitter:label1\" content=\"Est. reading time\" \/>\n\t<meta name=\"twitter:data1\" content=\"1 minute\" \/>\n<script type=\"application\/ld+json\" class=\"yoast-schema-graph\">{\"@context\":\"https:\\\/\\\/schema.org\",\"@graph\":[{\"@type\":\"WebPage\",\"@id\":\"https:\\\/\\\/centre-medical-araucaria.be\\\/en\\\/the-team\\\/dr-louis-chebli\\\/\",\"url\":\"https:\\\/\\\/centre-medical-araucaria.be\\\/en\\\/the-team\\\/dr-louis-chebli\\\/\",\"name\":\"Dr. Louis Chebli : Vascular and thoracic surgeon - Center M\u00e9dical Araucaria\",\"isPartOf\":{\"@id\":\"https:\\\/\\\/centre-medical-araucaria.be\\\/en\\\/#website\"},\"datePublished\":\"2026-03-10T15:29:22+00:00\",\"dateModified\":\"2026-03-10T15:33:41+00:00\",\"description\":\"Dr. Louis Chebli is a surgeon specializing in cardiovascular and thoracic surgery.\",\"breadcrumb\":{\"@id\":\"https:\\\/\\\/centre-medical-araucaria.be\\\/en\\\/the-team\\\/dr-louis-chebli\\\/#breadcrumb\"},\"inLanguage\":\"en-US\",\"potentialAction\":[{\"@type\":\"ReadAction\",\"target\":[\"https:\\\/\\\/centre-medical-araucaria.be\\\/en\\\/the-team\\\/dr-louis-chebli\\\/\"]}]},{\"@type\":\"BreadcrumbList\",\"@id\":\"https:\\\/\\\/centre-medical-araucaria.be\\\/en\\\/the-team\\\/dr-louis-chebli\\\/#breadcrumb\",\"itemListElement\":[{\"@type\":\"ListItem\",\"position\":1,\"name\":\"Accueil\",\"item\":\"https:\\\/\\\/centre-medical-araucaria.be\\\/en\\\/\"},{\"@type\":\"ListItem\",\"position\":2,\"name\":\"the team\",\"item\":\"https:\\\/\\\/centre-medical-araucaria.be\\\/en\\\/the-team\\\/\"},{\"@type\":\"ListItem\",\"position\":3,\"name\":\"Dr. Louis Chebli\"}]},{\"@type\":\"WebSite\",\"@id\":\"https:\\\/\\\/centre-medical-araucaria.be\\\/en\\\/#website\",\"url\":\"https:\\\/\\\/centre-medical-araucaria.be\\\/en\\\/\",\"name\":\"Center M\u00e9dical Araucaria\",\"description\":\"Le Centre M\u00e9dical Araucaria est une clinique m\u00e9dicale situ\u00e9e \u00e0 Laeken qui r\u00e9unit diff\u00e9rentes sp\u00e9cialit\u00e9s..\",\"publisher\":{\"@id\":\"https:\\\/\\\/centre-medical-araucaria.be\\\/en\\\/#organization\"},\"potentialAction\":[{\"@type\":\"SearchAction\",\"target\":{\"@type\":\"EntryPoint\",\"urlTemplate\":\"https:\\\/\\\/centre-medical-araucaria.be\\\/en\\\/?s={search_term_string}\"},\"query-input\":{\"@type\":\"PropertyValueSpecification\",\"valueRequired\":true,\"valueName\":\"search_term_string\"}}],\"inLanguage\":\"en-US\"},{\"@type\":\"Organization\",\"@id\":\"https:\\\/\\\/centre-medical-araucaria.be\\\/en\\\/#organization\",\"name\":\"Centre m\u00e9dical Araucaria\",\"url\":\"https:\\\/\\\/centre-medical-araucaria.be\\\/en\\\/\",\"logo\":{\"@type\":\"ImageObject\",\"inLanguage\":\"en-US\",\"@id\":\"https:\\\/\\\/centre-medical-araucaria.be\\\/en\\\/#\\\/schema\\\/logo\\\/image\\\/\",\"url\":\"https:\\\/\\\/centre-medical-araucaria.be\\\/wp-content\\\/uploads\\\/2022\\\/02\\\/Centre_Medical_Araucaria_LOGO-web-1.png\",\"contentUrl\":\"https:\\\/\\\/centre-medical-araucaria.be\\\/wp-content\\\/uploads\\\/2022\\\/02\\\/Centre_Medical_Araucaria_LOGO-web-1.png\",\"width\":594,\"height\":200,\"caption\":\"Centre m\u00e9dical Araucaria\"},\"image\":{\"@id\":\"https:\\\/\\\/centre-medical-araucaria.be\\\/en\\\/#\\\/schema\\\/logo\\\/image\\\/\"}}]}<\/script>\n<!-- \/ Yoast SEO plugin. -->","yoast_head_json":{"title":"Dr. Louis Chebli : Vascular and thoracic surgeon - Center M\u00e9dical Araucaria","description":"Dr. Louis Chebli is a surgeon specializing in cardiovascular and thoracic surgery.","robots":{"index":"index","follow":"follow","max-snippet":"max-snippet:-1","max-image-preview":"max-image-preview:large","max-video-preview":"max-video-preview:-1"},"canonical":"https:\/\/centre-medical-araucaria.be\/en\/the-team\/dr-louis-chebli\/","og_locale":"en_US","og_type":"article","og_title":"Dr. Louis Chebli : Vascular and thoracic surgeon - Center M\u00e9dical Araucaria","og_description":"Dr. Louis Chebli is a surgeon specializing in cardiovascular and thoracic surgery.","og_url":"https:\/\/centre-medical-araucaria.be\/en\/the-team\/dr-louis-chebli\/","og_site_name":"Center M\u00e9dical Araucaria","article_modified_time":"2026-03-10T15:33:41+00:00","twitter_card":"summary_large_image","twitter_misc":{"Est. reading time":"1 minute"},"schema":{"@context":"https:\/\/schema.org","@graph":[{"@type":"WebPage","@id":"https:\/\/centre-medical-araucaria.be\/en\/the-team\/dr-louis-chebli\/","url":"https:\/\/centre-medical-araucaria.be\/en\/the-team\/dr-louis-chebli\/","name":"Dr. Louis Chebli : Vascular and thoracic surgeon - Center M\u00e9dical Araucaria","isPartOf":{"@id":"https:\/\/centre-medical-araucaria.be\/en\/#website"},"datePublished":"2026-03-10T15:29:22+00:00","dateModified":"2026-03-10T15:33:41+00:00","description":"Dr. Louis Chebli is a surgeon specializing in cardiovascular and thoracic surgery.","breadcrumb":{"@id":"https:\/\/centre-medical-araucaria.be\/en\/the-team\/dr-louis-chebli\/#breadcrumb"},"inLanguage":"en-US","potentialAction":[{"@type":"ReadAction","target":["https:\/\/centre-medical-araucaria.be\/en\/the-team\/dr-louis-chebli\/"]}]},{"@type":"BreadcrumbList","@id":"https:\/\/centre-medical-araucaria.be\/en\/the-team\/dr-louis-chebli\/#breadcrumb","itemListElement":[{"@type":"ListItem","position":1,"name":"Accueil","item":"https:\/\/centre-medical-araucaria.be\/en\/"},{"@type":"ListItem","position":2,"name":"the team","item":"https:\/\/centre-medical-araucaria.be\/en\/the-team\/"},{"@type":"ListItem","position":3,"name":"Dr. Louis Chebli"}]},{"@type":"WebSite","@id":"https:\/\/centre-medical-araucaria.be\/en\/#website","url":"https:\/\/centre-medical-araucaria.be\/en\/","name":"Center M\u00e9dical Araucaria","description":"Le Centre M\u00e9dical Araucaria est une clinique m\u00e9dicale situ\u00e9e \u00e0 Laeken qui r\u00e9unit diff\u00e9rentes sp\u00e9cialit\u00e9s..","publisher":{"@id":"https:\/\/centre-medical-araucaria.be\/en\/#organization"},"potentialAction":[{"@type":"SearchAction","target":{"@type":"EntryPoint","urlTemplate":"https:\/\/centre-medical-araucaria.be\/en\/?s={search_term_string}"},"query-input":{"@type":"PropertyValueSpecification","valueRequired":true,"valueName":"search_term_string"}}],"inLanguage":"en-US"},{"@type":"Organization","@id":"https:\/\/centre-medical-araucaria.be\/en\/#organization","name":"Centre m\u00e9dical Araucaria","url":"https:\/\/centre-medical-araucaria.be\/en\/","logo":{"@type":"ImageObject","inLanguage":"en-US","@id":"https:\/\/centre-medical-araucaria.be\/en\/#\/schema\/logo\/image\/","url":"https:\/\/centre-medical-araucaria.be\/wp-content\/uploads\/2022\/02\/Centre_Medical_Araucaria_LOGO-web-1.png","contentUrl":"https:\/\/centre-medical-araucaria.be\/wp-content\/uploads\/2022\/02\/Centre_Medical_Araucaria_LOGO-web-1.png","width":594,"height":200,"caption":"Centre m\u00e9dical Araucaria"},"image":{"@id":"https:\/\/centre-medical-araucaria.be\/en\/#\/schema\/logo\/image\/"}}]}},"_links":{"self":[{"href":"https:\/\/centre-medical-araucaria.be\/en\/wp-json\/wp\/v2\/pages\/7087","targetHints":{"allow":["GET"]}}],"collection":[{"href":"https:\/\/centre-medical-araucaria.be\/en\/wp-json\/wp\/v2\/pages"}],"about":[{"href":"https:\/\/centre-medical-araucaria.be\/en\/wp-json\/wp\/v2\/types\/page"}],"author":[{"embeddable":true,"href":"https:\/\/centre-medical-araucaria.be\/en\/wp-json\/wp\/v2\/users\/2"}],"replies":[{"embeddable":true,"href":"https:\/\/centre-medical-araucaria.be\/en\/wp-json\/wp\/v2\/comments?post=7087"}],"version-history":[{"count":6,"href":"https:\/\/centre-medical-araucaria.be\/en\/wp-json\/wp\/v2\/pages\/7087\/revisions"}],"predecessor-version":[{"id":7095,"href":"https:\/\/centre-medical-araucaria.be\/en\/wp-json\/wp\/v2\/pages\/7087\/revisions\/7095"}],"up":[{"embeddable":true,"href":"https:\/\/centre-medical-araucaria.be\/en\/wp-json\/wp\/v2\/pages\/4530"}],"wp:attachment":[{"href":"https:\/\/centre-medical-araucaria.be\/en\/wp-json\/wp\/v2\/media?parent=7087"}],"curies":[{"name":"wp","href":"https:\/\/api.w.org\/{rel}","templated":true}]}}