{"id":6857,"date":"2025-10-21T21:19:50","date_gmt":"2025-10-21T19:19:50","guid":{"rendered":"https:\/\/centre-medical-araucaria.be\/the-team\/sevil-ahmed\/"},"modified":"2025-11-24T17:21:53","modified_gmt":"2025-11-24T16:21:53","slug":"sevil-ahmed","status":"publish","type":"page","link":"https:\/\/centre-medical-araucaria.be\/en\/the-team\/sevil-ahmed\/","title":{"rendered":"Sevil Ahmed"},"content":{"rendered":"<div class=\"wpb-content-wrapper\"><p>[vc_row][vc_column][vc_row_inner content_placement=&#8221;middle&#8221;][vc_column_inner width=&#8221;1\/2&#8243;][vc_single_image image=&#8221;6740&#8243; img_size=&#8221;large&#8221; alignment=&#8221;center&#8221; style=&#8221;vc_box_circle_2&#8243; onclick=&#8221;custom_link&#8221; img_link_target=&#8221;_blank&#8221; css=&#8221;.vc_custom_1760981648070{border-top-width: 50px !important;border-right-width: 50px !important;border-bottom-width: 50px !important;border-left-width: 50px !important;}&#8221; link=&#8221;https:\/\/progenda.be\/calendars\/docteur-dentiste-bruxelles-9a85494d-6771-4208-9bdb-31bc12521ab4&#8243;][\/vc_column_inner][vc_column_inner width=&#8221;1\/2&#8243;][vc_column_text css=&#8221;&#8221;]<\/p>\n<p style=\"text-align: center;\">Psychologist<\/p>\n<p>[\/vc_column_text][vc_column_text css=&#8221;&#8221;]<\/p>\n<h1 class=\"page-title on-shop\" style=\"text-align: center;\">Sevil<br \/>\nAhmed<\/h1>\n<p>[\/vc_column_text][vc_column_text css=&#8221;&#8221; el_class=&#8221;reservez-button-cont&#8221;]<a class=\"reservez-button\" href=\"https:\/\/progenda.be\/calendars\/ahmed-sevil-psychologue-laeken\" target=\"_blank\" rel=\"noopener\">Make an appointment on Progenda<\/a>[\/vc_column_text][\/vc_column_inner][\/vc_row_inner][vc_separator][vc_row_inner content_placement=&#8221;middle&#8221;][vc_column_inner][vc_column_text css=&#8221;&#8221;]<\/p>\n<h3>Psychologist for children, adolescents, and parents<\/h3>\n<h4>As an adolescent:<\/h4>\n<p>Are you going through a difficult period at school or at home?<br \/>\nAre your difficulties not limited to learning, but you don&#8217;t know how to express them?<br \/>\nDo you feel lonely, sad, or anxious about going to school or seeing people?<br \/>\nIs school or parental pressure weighing you down?<br \/>\nAre you facing a situation of harassment or other situations you would like to discuss?<\/p>\n<h4>As a parent:<\/h4>\n<p>Are you encountering difficulties in your parental role?<br \/>\nDo you sometimes feel overwhelmed, stressed, or suffocated by the demands of daily life?<br \/>\nAre you accompanied by fatigue, guilt, or the feeling of not being &#8220;up to the task&#8221;?<br \/>\nDo you feel like you are losing yourself in your role as a parent?<br \/>\nDo you observe difficulties in your child and don&#8217;t know how to help them? Or any other question that concerns you in your life as a parent. <\/p>\n<p>As a clinical psychologist, I offer you a space for listening, understanding, and benevolent and respectful accompaniment.<br \/>\nMy goal is to help everyone, at their own pace, to strengthen their personal resources and find lasting balance, in a confidential and respectful setting.[\/vc_column_text][\/vc_column_inner][\/vc_row_inner][\/vc_column][\/vc_row]<\/p>\n<\/div>","protected":false},"excerpt":{"rendered":"<p>[vc_row][vc_column][vc_row_inner content_placement=&#8221;middle&#8221;][vc_column_inner width=&#8221;1\/2&#8243;][vc_single_image image=&#8221;6740&#8243; img_size=&#8221;large&#8221; alignment=&#8221;center&#8221; style=&#8221;vc_box_circle_2&#8243; onclick=&#8221;custom_link&#8221; img_link_target=&#8221;_blank&#8221; css=&#8221;.vc_custom_1760981648070{border-top-width: 50px !important;border-right-width: 50px !important;border-bottom-width: 50px !important;border-left-width: 50px !important;}&#8221; link=&#8221;https:\/\/progenda.be\/calendars\/docteur-dentiste-bruxelles-9a85494d-6771-4208-9bdb-31bc12521ab4&#8243;][\/vc_column_inner][vc_column_inner width=&#8221;1\/2&#8243;][vc_column_text css=&#8221;&#8221;] Psychologist [\/vc_column_text][vc_column_text css=&#8221;&#8221;] Sevil Ahmed [\/vc_column_text][vc_column_text css=&#8221;&#8221; el_class=&#8221;reservez-button-cont&#8221;]Make an appointment on Progenda[\/vc_column_text][\/vc_column_inner][\/vc_row_inner][vc_separator][vc_row_inner content_placement=&#8221;middle&#8221;][vc_column_inner][vc_column_text css=&#8221;&#8221;] Psychologist for children, adolescents, and parents As an adolescent: Are you going through a difficult period at school or at [&hellip;]<\/p>\n","protected":false},"author":1,"featured_media":0,"parent":4530,"menu_order":0,"comment_status":"closed","ping_status":"closed","template":"page-boxed.php","meta":{"footnotes":""},"class_list":["post-6857","page","type-page","status-publish","hentry"],"yoast_head":"<!-- This site is optimized with the Yoast SEO plugin v27.3 - https:\/\/yoast.com\/product\/yoast-seo-wordpress\/ -->\n<title>Sevil Ahmed - Center M\u00e9dical Araucaria<\/title>\n<meta name=\"robots\" content=\"index, follow, max-snippet:-1, max-image-preview:large, max-video-preview:-1\" \/>\n<link rel=\"canonical\" href=\"https:\/\/centre-medical-araucaria.be\/en\/the-team\/sevil-ahmed\/\" \/>\n<meta property=\"og:locale\" content=\"en_US\" \/>\n<meta property=\"og:type\" content=\"article\" \/>\n<meta property=\"og:title\" content=\"Sevil Ahmed - Center M\u00e9dical Araucaria\" \/>\n<meta property=\"og:description\" content=\"[vc_row][vc_column][vc_row_inner content_placement=&#8221;middle&#8221;][vc_column_inner width=&#8221;1\/2&#8243;][vc_single_image image=&#8221;6740&#8243; img_size=&#8221;large&#8221; alignment=&#8221;center&#8221; style=&#8221;vc_box_circle_2&#8243; onclick=&#8221;custom_link&#8221; img_link_target=&#8221;_blank&#8221; css=&#8221;.vc_custom_1760981648070{border-top-width: 50px !important;border-right-width: 50px !important;border-bottom-width: 50px !important;border-left-width: 50px !important;}&#8221; link=&#8221;https:\/\/progenda.be\/calendars\/docteur-dentiste-bruxelles-9a85494d-6771-4208-9bdb-31bc12521ab4&#8243;][\/vc_column_inner][vc_column_inner width=&#8221;1\/2&#8243;][vc_column_text css=&#8221;&#8221;] Psychologist [\/vc_column_text][vc_column_text css=&#8221;&#8221;] Sevil Ahmed [\/vc_column_text][vc_column_text css=&#8221;&#8221; el_class=&#8221;reservez-button-cont&#8221;]Make an appointment on Progenda[\/vc_column_text][\/vc_column_inner][\/vc_row_inner][vc_separator][vc_row_inner content_placement=&#8221;middle&#8221;][vc_column_inner][vc_column_text css=&#8221;&#8221;] Psychologist for children, adolescents, and parents As an adolescent: Are you going through a difficult period at school or at [&hellip;]\" \/>\n<meta property=\"og:url\" content=\"https:\/\/centre-medical-araucaria.be\/en\/the-team\/sevil-ahmed\/\" \/>\n<meta property=\"og:site_name\" content=\"Center M\u00e9dical Araucaria\" \/>\n<meta property=\"article:modified_time\" content=\"2025-11-24T16:21:53+00:00\" \/>\n<meta name=\"twitter:card\" content=\"summary_large_image\" \/>\n<meta name=\"twitter:label1\" content=\"Est. reading time\" \/>\n\t<meta name=\"twitter:data1\" content=\"2 minutes\" \/>\n<script type=\"application\/ld+json\" class=\"yoast-schema-graph\">{\"@context\":\"https:\\\/\\\/schema.org\",\"@graph\":[{\"@type\":\"WebPage\",\"@id\":\"https:\\\/\\\/centre-medical-araucaria.be\\\/en\\\/the-team\\\/sevil-ahmed\\\/\",\"url\":\"https:\\\/\\\/centre-medical-araucaria.be\\\/en\\\/the-team\\\/sevil-ahmed\\\/\",\"name\":\"Sevil Ahmed - Center M\u00e9dical Araucaria\",\"isPartOf\":{\"@id\":\"https:\\\/\\\/centre-medical-araucaria.be\\\/en\\\/#website\"},\"datePublished\":\"2025-10-21T19:19:50+00:00\",\"dateModified\":\"2025-11-24T16:21:53+00:00\",\"breadcrumb\":{\"@id\":\"https:\\\/\\\/centre-medical-araucaria.be\\\/en\\\/the-team\\\/sevil-ahmed\\\/#breadcrumb\"},\"inLanguage\":\"en-US\",\"potentialAction\":[{\"@type\":\"ReadAction\",\"target\":[\"https:\\\/\\\/centre-medical-araucaria.be\\\/en\\\/the-team\\\/sevil-ahmed\\\/\"]}]},{\"@type\":\"BreadcrumbList\",\"@id\":\"https:\\\/\\\/centre-medical-araucaria.be\\\/en\\\/the-team\\\/sevil-ahmed\\\/#breadcrumb\",\"itemListElement\":[{\"@type\":\"ListItem\",\"position\":1,\"name\":\"Accueil\",\"item\":\"https:\\\/\\\/centre-medical-araucaria.be\\\/en\\\/\"},{\"@type\":\"ListItem\",\"position\":2,\"name\":\"the team\",\"item\":\"https:\\\/\\\/centre-medical-araucaria.be\\\/en\\\/the-team\\\/\"},{\"@type\":\"ListItem\",\"position\":3,\"name\":\"Sevil Ahmed\"}]},{\"@type\":\"WebSite\",\"@id\":\"https:\\\/\\\/centre-medical-araucaria.be\\\/en\\\/#website\",\"url\":\"https:\\\/\\\/centre-medical-araucaria.be\\\/en\\\/\",\"name\":\"Center M\u00e9dical Araucaria\",\"description\":\"Le Centre M\u00e9dical Araucaria est une clinique m\u00e9dicale situ\u00e9e \u00e0 Laeken qui r\u00e9unit diff\u00e9rentes sp\u00e9cialit\u00e9s..\",\"publisher\":{\"@id\":\"https:\\\/\\\/centre-medical-araucaria.be\\\/en\\\/#organization\"},\"potentialAction\":[{\"@type\":\"SearchAction\",\"target\":{\"@type\":\"EntryPoint\",\"urlTemplate\":\"https:\\\/\\\/centre-medical-araucaria.be\\\/en\\\/?s={search_term_string}\"},\"query-input\":{\"@type\":\"PropertyValueSpecification\",\"valueRequired\":true,\"valueName\":\"search_term_string\"}}],\"inLanguage\":\"en-US\"},{\"@type\":\"Organization\",\"@id\":\"https:\\\/\\\/centre-medical-araucaria.be\\\/en\\\/#organization\",\"name\":\"Centre m\u00e9dical Araucaria\",\"url\":\"https:\\\/\\\/centre-medical-araucaria.be\\\/en\\\/\",\"logo\":{\"@type\":\"ImageObject\",\"inLanguage\":\"en-US\",\"@id\":\"https:\\\/\\\/centre-medical-araucaria.be\\\/en\\\/#\\\/schema\\\/logo\\\/image\\\/\",\"url\":\"https:\\\/\\\/centre-medical-araucaria.be\\\/wp-content\\\/uploads\\\/2022\\\/02\\\/Centre_Medical_Araucaria_LOGO-web-1.png\",\"contentUrl\":\"https:\\\/\\\/centre-medical-araucaria.be\\\/wp-content\\\/uploads\\\/2022\\\/02\\\/Centre_Medical_Araucaria_LOGO-web-1.png\",\"width\":594,\"height\":200,\"caption\":\"Centre m\u00e9dical Araucaria\"},\"image\":{\"@id\":\"https:\\\/\\\/centre-medical-araucaria.be\\\/en\\\/#\\\/schema\\\/logo\\\/image\\\/\"}}]}<\/script>\n<!-- \/ Yoast SEO plugin. -->","yoast_head_json":{"title":"Sevil Ahmed - Center M\u00e9dical Araucaria","robots":{"index":"index","follow":"follow","max-snippet":"max-snippet:-1","max-image-preview":"max-image-preview:large","max-video-preview":"max-video-preview:-1"},"canonical":"https:\/\/centre-medical-araucaria.be\/en\/the-team\/sevil-ahmed\/","og_locale":"en_US","og_type":"article","og_title":"Sevil Ahmed - Center M\u00e9dical Araucaria","og_description":"[vc_row][vc_column][vc_row_inner content_placement=&#8221;middle&#8221;][vc_column_inner width=&#8221;1\/2&#8243;][vc_single_image image=&#8221;6740&#8243; img_size=&#8221;large&#8221; alignment=&#8221;center&#8221; style=&#8221;vc_box_circle_2&#8243; onclick=&#8221;custom_link&#8221; img_link_target=&#8221;_blank&#8221; css=&#8221;.vc_custom_1760981648070{border-top-width: 50px !important;border-right-width: 50px !important;border-bottom-width: 50px !important;border-left-width: 50px !important;}&#8221; link=&#8221;https:\/\/progenda.be\/calendars\/docteur-dentiste-bruxelles-9a85494d-6771-4208-9bdb-31bc12521ab4&#8243;][\/vc_column_inner][vc_column_inner width=&#8221;1\/2&#8243;][vc_column_text css=&#8221;&#8221;] Psychologist [\/vc_column_text][vc_column_text css=&#8221;&#8221;] Sevil Ahmed [\/vc_column_text][vc_column_text css=&#8221;&#8221; el_class=&#8221;reservez-button-cont&#8221;]Make an appointment on Progenda[\/vc_column_text][\/vc_column_inner][\/vc_row_inner][vc_separator][vc_row_inner content_placement=&#8221;middle&#8221;][vc_column_inner][vc_column_text css=&#8221;&#8221;] Psychologist for children, adolescents, and parents As an adolescent: Are you going through a difficult period at school or at [&hellip;]","og_url":"https:\/\/centre-medical-araucaria.be\/en\/the-team\/sevil-ahmed\/","og_site_name":"Center M\u00e9dical Araucaria","article_modified_time":"2025-11-24T16:21:53+00:00","twitter_card":"summary_large_image","twitter_misc":{"Est. reading time":"2 minutes"},"schema":{"@context":"https:\/\/schema.org","@graph":[{"@type":"WebPage","@id":"https:\/\/centre-medical-araucaria.be\/en\/the-team\/sevil-ahmed\/","url":"https:\/\/centre-medical-araucaria.be\/en\/the-team\/sevil-ahmed\/","name":"Sevil Ahmed - Center M\u00e9dical Araucaria","isPartOf":{"@id":"https:\/\/centre-medical-araucaria.be\/en\/#website"},"datePublished":"2025-10-21T19:19:50+00:00","dateModified":"2025-11-24T16:21:53+00:00","breadcrumb":{"@id":"https:\/\/centre-medical-araucaria.be\/en\/the-team\/sevil-ahmed\/#breadcrumb"},"inLanguage":"en-US","potentialAction":[{"@type":"ReadAction","target":["https:\/\/centre-medical-araucaria.be\/en\/the-team\/sevil-ahmed\/"]}]},{"@type":"BreadcrumbList","@id":"https:\/\/centre-medical-araucaria.be\/en\/the-team\/sevil-ahmed\/#breadcrumb","itemListElement":[{"@type":"ListItem","position":1,"name":"Accueil","item":"https:\/\/centre-medical-araucaria.be\/en\/"},{"@type":"ListItem","position":2,"name":"the team","item":"https:\/\/centre-medical-araucaria.be\/en\/the-team\/"},{"@type":"ListItem","position":3,"name":"Sevil Ahmed"}]},{"@type":"WebSite","@id":"https:\/\/centre-medical-araucaria.be\/en\/#website","url":"https:\/\/centre-medical-araucaria.be\/en\/","name":"Center M\u00e9dical Araucaria","description":"Le Centre M\u00e9dical Araucaria est une clinique m\u00e9dicale situ\u00e9e \u00e0 Laeken qui r\u00e9unit diff\u00e9rentes sp\u00e9cialit\u00e9s..","publisher":{"@id":"https:\/\/centre-medical-araucaria.be\/en\/#organization"},"potentialAction":[{"@type":"SearchAction","target":{"@type":"EntryPoint","urlTemplate":"https:\/\/centre-medical-araucaria.be\/en\/?s={search_term_string}"},"query-input":{"@type":"PropertyValueSpecification","valueRequired":true,"valueName":"search_term_string"}}],"inLanguage":"en-US"},{"@type":"Organization","@id":"https:\/\/centre-medical-araucaria.be\/en\/#organization","name":"Centre m\u00e9dical Araucaria","url":"https:\/\/centre-medical-araucaria.be\/en\/","logo":{"@type":"ImageObject","inLanguage":"en-US","@id":"https:\/\/centre-medical-araucaria.be\/en\/#\/schema\/logo\/image\/","url":"https:\/\/centre-medical-araucaria.be\/wp-content\/uploads\/2022\/02\/Centre_Medical_Araucaria_LOGO-web-1.png","contentUrl":"https:\/\/centre-medical-araucaria.be\/wp-content\/uploads\/2022\/02\/Centre_Medical_Araucaria_LOGO-web-1.png","width":594,"height":200,"caption":"Centre m\u00e9dical Araucaria"},"image":{"@id":"https:\/\/centre-medical-araucaria.be\/en\/#\/schema\/logo\/image\/"}}]}},"_links":{"self":[{"href":"https:\/\/centre-medical-araucaria.be\/en\/wp-json\/wp\/v2\/pages\/6857","targetHints":{"allow":["GET"]}}],"collection":[{"href":"https:\/\/centre-medical-araucaria.be\/en\/wp-json\/wp\/v2\/pages"}],"about":[{"href":"https:\/\/centre-medical-araucaria.be\/en\/wp-json\/wp\/v2\/types\/page"}],"author":[{"embeddable":true,"href":"https:\/\/centre-medical-araucaria.be\/en\/wp-json\/wp\/v2\/users\/1"}],"replies":[{"embeddable":true,"href":"https:\/\/centre-medical-araucaria.be\/en\/wp-json\/wp\/v2\/comments?post=6857"}],"version-history":[{"count":5,"href":"https:\/\/centre-medical-araucaria.be\/en\/wp-json\/wp\/v2\/pages\/6857\/revisions"}],"predecessor-version":[{"id":6863,"href":"https:\/\/centre-medical-araucaria.be\/en\/wp-json\/wp\/v2\/pages\/6857\/revisions\/6863"}],"up":[{"embeddable":true,"href":"https:\/\/centre-medical-araucaria.be\/en\/wp-json\/wp\/v2\/pages\/4530"}],"wp:attachment":[{"href":"https:\/\/centre-medical-araucaria.be\/en\/wp-json\/wp\/v2\/media?parent=6857"}],"curies":[{"name":"wp","href":"https:\/\/api.w.org\/{rel}","templated":true}]}}