{"id":4511,"date":"2022-02-20T13:46:08","date_gmt":"2022-02-20T12:46:08","guid":{"rendered":"https:\/radio-and-panoramic-imaging\/"},"modified":"2022-07-04T13:51:52","modified_gmt":"2022-07-04T11:51:52","slug":"radio-and-panoramic-imaging","status":"publish","type":"page","link":"https:\/\/centre-medical-araucaria.be\/en\/radio-and-panoramic-imaging\/","title":{"rendered":"Radio and Panoramic Imaging"},"content":{"rendered":"<div class=\"wpb-content-wrapper\"><p>[vc_row full_width=&#8221;stretch_row&#8221; css_animation=&#8221;fadeIn&#8221; css=&#8221;.vc_custom_1646069465544{margin-bottom: 25px !important;background-image: url(https:\/\/centre-medical-araucaria.be\/wp-content\/uploads\/2022\/02\/imagerie-radio-et-panoramique.jpg?id=3246) !important;background-position: center !important;background-repeat: no-repeat !important;background-size: cover !important;}&#8221;][vc_column][vc_column_text css=&#8221;.vc_custom_1646067594821{padding-top: 100px !important;padding-bottom: 100px !important;}&#8221;]<\/p>\n<h1 style=\"text-align: center;\"><span style=\"font-size: 150%; color: #15354d;\">Radio and Panoramic Imaging<\/span><\/h1>\n<p>[\/vc_column_text][\/vc_column][\/vc_row][vc_row css=&#8221;.vc_custom_1646067563329{margin-bottom: 50px !important;}&#8221;][vc_column width=&#8221;1\/6&#8243;][\/vc_column][vc_column width=&#8221;2\/3&#8243;][vc_column_text]Panning is a common practice in dentistry. Despite this, and like any radiological examination, it often raises many questions. Why and when to do a dental x-ray? Is there a risk associated with the examination and what precautions should be taken? This article will enlighten you on the matter.<\/p>\n<p><strong>Why do a dental panoramic?<\/strong><\/p>\n<p>X-rays are an essential complement to dentistry. It allows to highlight the lesions of the teeth and the adjacent tissues which cannot be detected during a clinical examination, in particular the beginnings of caries, cysts, tumors and abscesses.<\/p>\n<p>It also makes it possible to know the exact location of the teeth and their development, but also to assess bone loss and the condition of the gums. This information is essential both to establish or confirm a diagnosis and to plan the most accurate treatment.<br \/>\n[\/vc_column_text][\/vc_column][vc_column width=&#8221;1\/6&#8243;][\/vc_column][\/vc_row][vc_row full_width=&#8221;stretch_row_content_no_spaces&#8221; css=&#8221;.vc_custom_1645782957724{margin-bottom: -50px !important;}&#8221;][vc_column][vc_gmaps link=&#8221;#E-8_JTNDaWZyYW1lJTIwc3JjJTNEJTIyaHR0cHMlM0ElMkYlMkZ3d3cuZ29vZ2xlLmNvbSUyRm1hcHMlMkZlbWJlZCUzRnBiJTNEJTIxMW0xOCUyMTFtMTIlMjExbTMlMjExZDI1MTYuNDg4ODc2OTM0ODQ3NyUyMTJkNC4zNjEyNzExMTU2MzMxNzclMjEzZDUwLjg5NjE2OTY3OTUzOTM4JTIxMm0zJTIxMWYwJTIxMmYwJTIxM2YwJTIxM20yJTIxMWkxMDI0JTIxMmk3NjglMjE0ZjEzLjElMjEzbTMlMjExbTIlMjExczB4NDdjM2MyNTY1YmMxN2NiYiUyNTNBMHgyNGQwYjQwNjc0ODk4MmQlMjEyc0F2LiUyNTIwZGUlMjUyMGwlMjdBcmF1Y2FyaWElMjUyMDc5JTI1MkMlMjUyMDEwMjAlMjUyMEJydXhlbGxlcyUyNTJDJTI1MjBCZWxnaXVtJTIxNWUwJTIxM20yJTIxMXNlbiUyMTJzbWElMjE0djE2NDUxNzgxMzIzNDYlMjE1bTIlMjExc2VuJTIxMnNtYSUyMiUyMHdpZHRoJTNEJTIyNjAwJTIyJTIwaGVpZ2h0JTNEJTIyNDUwJTIyJTIwc3R5bGUlM0QlMjJib3JkZXIlM0EwJTNCJTIyJTIwYWxsb3dmdWxsc2NyZWVuJTNEJTIyJTIyJTIwbG9hZGluZyUzRCUyMmxhenklMjIlM0UlM0MlMkZpZnJhbWUlM0U=&#8221;][\/vc_column][\/vc_row]<\/p>\n<\/div>","protected":false},"excerpt":{"rendered":"<p>[vc_row full_width=&#8221;stretch_row&#8221; css_animation=&#8221;fadeIn&#8221; css=&#8221;.vc_custom_1646069465544{margin-bottom: 25px !important;background-image: url(https:\/\/centre-medical-araucaria.be\/wp-content\/uploads\/2022\/02\/imagerie-radio-et-panoramique.jpg?id=3246) !important;background-position: center !important;background-repeat: no-repeat !important;background-size: cover !important;}&#8221;][vc_column][vc_column_text css=&#8221;.vc_custom_1646067594821{padding-top: 100px !important;padding-bottom: 100px !important;}&#8221;] Radio and Panoramic Imaging [\/vc_column_text][\/vc_column][\/vc_row][vc_row css=&#8221;.vc_custom_1646067563329{margin-bottom: 50px !important;}&#8221;][vc_column width=&#8221;1\/6&#8243;][\/vc_column][vc_column width=&#8221;2\/3&#8243;][vc_column_text]Panning is a common practice in dentistry. Despite this, and like any radiological examination, it often raises many questions. Why and when to do a dental x-ray? [&hellip;]<\/p>\n","protected":false},"author":1,"featured_media":0,"parent":0,"menu_order":0,"comment_status":"closed","ping_status":"closed","template":"","meta":{"footnotes":""},"class_list":["post-4511","page","type-page","status-publish","hentry"],"yoast_head":"<!-- This site is optimized with the Yoast SEO plugin v27.3 - https:\/\/yoast.com\/product\/yoast-seo-wordpress\/ -->\n<title>Radio and Panoramic Imaging - Center M\u00e9dical Araucaria<\/title>\n<meta name=\"robots\" content=\"index, follow, max-snippet:-1, max-image-preview:large, max-video-preview:-1\" \/>\n<link rel=\"canonical\" href=\"https:\/\/centre-medical-araucaria.be\/en\/radio-and-panoramic-imaging\/\" \/>\n<meta property=\"og:locale\" content=\"en_US\" \/>\n<meta property=\"og:type\" content=\"article\" \/>\n<meta property=\"og:title\" content=\"Radio and Panoramic Imaging - Center M\u00e9dical Araucaria\" \/>\n<meta property=\"og:description\" content=\"[vc_row full_width=&#8221;stretch_row&#8221; css_animation=&#8221;fadeIn&#8221; css=&#8221;.vc_custom_1646069465544{margin-bottom: 25px !important;background-image: url(https:\/\/centre-medical-araucaria.be\/wp-content\/uploads\/2022\/02\/imagerie-radio-et-panoramique.jpg?id=3246) !important;background-position: center !important;background-repeat: no-repeat !important;background-size: cover !important;}&#8221;][vc_column][vc_column_text css=&#8221;.vc_custom_1646067594821{padding-top: 100px !important;padding-bottom: 100px !important;}&#8221;] Radio and Panoramic Imaging [\/vc_column_text][\/vc_column][\/vc_row][vc_row css=&#8221;.vc_custom_1646067563329{margin-bottom: 50px !important;}&#8221;][vc_column width=&#8221;1\/6&#8243;][\/vc_column][vc_column width=&#8221;2\/3&#8243;][vc_column_text]Panning is a common practice in dentistry. Despite this, and like any radiological examination, it often raises many questions. Why and when to do a dental x-ray? [&hellip;]\" \/>\n<meta property=\"og:url\" content=\"https:\/\/centre-medical-araucaria.be\/en\/radio-and-panoramic-imaging\/\" \/>\n<meta property=\"og:site_name\" content=\"Center M\u00e9dical Araucaria\" \/>\n<meta property=\"article:modified_time\" content=\"2022-07-04T11:51:52+00:00\" \/>\n<meta name=\"twitter:card\" content=\"summary_large_image\" \/>\n<meta name=\"twitter:label1\" content=\"Est. reading time\" \/>\n\t<meta name=\"twitter:data1\" content=\"2 minutes\" \/>\n<script type=\"application\/ld+json\" class=\"yoast-schema-graph\">{\"@context\":\"https:\\\/\\\/schema.org\",\"@graph\":[{\"@type\":\"WebPage\",\"@id\":\"https:\\\/\\\/centre-medical-araucaria.be\\\/en\\\/radio-and-panoramic-imaging\\\/\",\"url\":\"https:\\\/\\\/centre-medical-araucaria.be\\\/en\\\/radio-and-panoramic-imaging\\\/\",\"name\":\"Radio and Panoramic Imaging - Center M\u00e9dical Araucaria\",\"isPartOf\":{\"@id\":\"https:\\\/\\\/centre-medical-araucaria.be\\\/en\\\/#website\"},\"datePublished\":\"2022-02-20T12:46:08+00:00\",\"dateModified\":\"2022-07-04T11:51:52+00:00\",\"breadcrumb\":{\"@id\":\"https:\\\/\\\/centre-medical-araucaria.be\\\/en\\\/radio-and-panoramic-imaging\\\/#breadcrumb\"},\"inLanguage\":\"en-US\",\"potentialAction\":[{\"@type\":\"ReadAction\",\"target\":[\"https:\\\/\\\/centre-medical-araucaria.be\\\/en\\\/radio-and-panoramic-imaging\\\/\"]}]},{\"@type\":\"BreadcrumbList\",\"@id\":\"https:\\\/\\\/centre-medical-araucaria.be\\\/en\\\/radio-and-panoramic-imaging\\\/#breadcrumb\",\"itemListElement\":[{\"@type\":\"ListItem\",\"position\":1,\"name\":\"Accueil\",\"item\":\"https:\\\/\\\/centre-medical-araucaria.be\\\/en\\\/\"},{\"@type\":\"ListItem\",\"position\":2,\"name\":\"Radio and Panoramic Imaging\"}]},{\"@type\":\"WebSite\",\"@id\":\"https:\\\/\\\/centre-medical-araucaria.be\\\/en\\\/#website\",\"url\":\"https:\\\/\\\/centre-medical-araucaria.be\\\/en\\\/\",\"name\":\"Center M\u00e9dical Araucaria\",\"description\":\"Le Centre M\u00e9dical Araucaria est une clinique m\u00e9dicale situ\u00e9e \u00e0 Laeken qui r\u00e9unit diff\u00e9rentes sp\u00e9cialit\u00e9s..\",\"publisher\":{\"@id\":\"https:\\\/\\\/centre-medical-araucaria.be\\\/en\\\/#organization\"},\"potentialAction\":[{\"@type\":\"SearchAction\",\"target\":{\"@type\":\"EntryPoint\",\"urlTemplate\":\"https:\\\/\\\/centre-medical-araucaria.be\\\/en\\\/?s={search_term_string}\"},\"query-input\":{\"@type\":\"PropertyValueSpecification\",\"valueRequired\":true,\"valueName\":\"search_term_string\"}}],\"inLanguage\":\"en-US\"},{\"@type\":\"Organization\",\"@id\":\"https:\\\/\\\/centre-medical-araucaria.be\\\/en\\\/#organization\",\"name\":\"Centre m\u00e9dical Araucaria\",\"url\":\"https:\\\/\\\/centre-medical-araucaria.be\\\/en\\\/\",\"logo\":{\"@type\":\"ImageObject\",\"inLanguage\":\"en-US\",\"@id\":\"https:\\\/\\\/centre-medical-araucaria.be\\\/en\\\/#\\\/schema\\\/logo\\\/image\\\/\",\"url\":\"https:\\\/\\\/centre-medical-araucaria.be\\\/wp-content\\\/uploads\\\/2022\\\/02\\\/Centre_Medical_Araucaria_LOGO-web-1.png\",\"contentUrl\":\"https:\\\/\\\/centre-medical-araucaria.be\\\/wp-content\\\/uploads\\\/2022\\\/02\\\/Centre_Medical_Araucaria_LOGO-web-1.png\",\"width\":594,\"height\":200,\"caption\":\"Centre m\u00e9dical Araucaria\"},\"image\":{\"@id\":\"https:\\\/\\\/centre-medical-araucaria.be\\\/en\\\/#\\\/schema\\\/logo\\\/image\\\/\"}}]}<\/script>\n<!-- \/ Yoast SEO plugin. -->","yoast_head_json":{"title":"Radio and Panoramic Imaging - Center M\u00e9dical Araucaria","robots":{"index":"index","follow":"follow","max-snippet":"max-snippet:-1","max-image-preview":"max-image-preview:large","max-video-preview":"max-video-preview:-1"},"canonical":"https:\/\/centre-medical-araucaria.be\/en\/radio-and-panoramic-imaging\/","og_locale":"en_US","og_type":"article","og_title":"Radio and Panoramic Imaging - Center M\u00e9dical Araucaria","og_description":"[vc_row full_width=&#8221;stretch_row&#8221; css_animation=&#8221;fadeIn&#8221; css=&#8221;.vc_custom_1646069465544{margin-bottom: 25px !important;background-image: url(https:\/\/centre-medical-araucaria.be\/wp-content\/uploads\/2022\/02\/imagerie-radio-et-panoramique.jpg?id=3246) !important;background-position: center !important;background-repeat: no-repeat !important;background-size: cover !important;}&#8221;][vc_column][vc_column_text css=&#8221;.vc_custom_1646067594821{padding-top: 100px !important;padding-bottom: 100px !important;}&#8221;] Radio and Panoramic Imaging [\/vc_column_text][\/vc_column][\/vc_row][vc_row css=&#8221;.vc_custom_1646067563329{margin-bottom: 50px !important;}&#8221;][vc_column width=&#8221;1\/6&#8243;][\/vc_column][vc_column width=&#8221;2\/3&#8243;][vc_column_text]Panning is a common practice in dentistry. Despite this, and like any radiological examination, it often raises many questions. Why and when to do a dental x-ray? [&hellip;]","og_url":"https:\/\/centre-medical-araucaria.be\/en\/radio-and-panoramic-imaging\/","og_site_name":"Center M\u00e9dical Araucaria","article_modified_time":"2022-07-04T11:51:52+00:00","twitter_card":"summary_large_image","twitter_misc":{"Est. reading time":"2 minutes"},"schema":{"@context":"https:\/\/schema.org","@graph":[{"@type":"WebPage","@id":"https:\/\/centre-medical-araucaria.be\/en\/radio-and-panoramic-imaging\/","url":"https:\/\/centre-medical-araucaria.be\/en\/radio-and-panoramic-imaging\/","name":"Radio and Panoramic Imaging - Center M\u00e9dical Araucaria","isPartOf":{"@id":"https:\/\/centre-medical-araucaria.be\/en\/#website"},"datePublished":"2022-02-20T12:46:08+00:00","dateModified":"2022-07-04T11:51:52+00:00","breadcrumb":{"@id":"https:\/\/centre-medical-araucaria.be\/en\/radio-and-panoramic-imaging\/#breadcrumb"},"inLanguage":"en-US","potentialAction":[{"@type":"ReadAction","target":["https:\/\/centre-medical-araucaria.be\/en\/radio-and-panoramic-imaging\/"]}]},{"@type":"BreadcrumbList","@id":"https:\/\/centre-medical-araucaria.be\/en\/radio-and-panoramic-imaging\/#breadcrumb","itemListElement":[{"@type":"ListItem","position":1,"name":"Accueil","item":"https:\/\/centre-medical-araucaria.be\/en\/"},{"@type":"ListItem","position":2,"name":"Radio and Panoramic Imaging"}]},{"@type":"WebSite","@id":"https:\/\/centre-medical-araucaria.be\/en\/#website","url":"https:\/\/centre-medical-araucaria.be\/en\/","name":"Center M\u00e9dical Araucaria","description":"Le Centre M\u00e9dical Araucaria est une clinique m\u00e9dicale situ\u00e9e \u00e0 Laeken qui r\u00e9unit diff\u00e9rentes sp\u00e9cialit\u00e9s..","publisher":{"@id":"https:\/\/centre-medical-araucaria.be\/en\/#organization"},"potentialAction":[{"@type":"SearchAction","target":{"@type":"EntryPoint","urlTemplate":"https:\/\/centre-medical-araucaria.be\/en\/?s={search_term_string}"},"query-input":{"@type":"PropertyValueSpecification","valueRequired":true,"valueName":"search_term_string"}}],"inLanguage":"en-US"},{"@type":"Organization","@id":"https:\/\/centre-medical-araucaria.be\/en\/#organization","name":"Centre m\u00e9dical Araucaria","url":"https:\/\/centre-medical-araucaria.be\/en\/","logo":{"@type":"ImageObject","inLanguage":"en-US","@id":"https:\/\/centre-medical-araucaria.be\/en\/#\/schema\/logo\/image\/","url":"https:\/\/centre-medical-araucaria.be\/wp-content\/uploads\/2022\/02\/Centre_Medical_Araucaria_LOGO-web-1.png","contentUrl":"https:\/\/centre-medical-araucaria.be\/wp-content\/uploads\/2022\/02\/Centre_Medical_Araucaria_LOGO-web-1.png","width":594,"height":200,"caption":"Centre m\u00e9dical Araucaria"},"image":{"@id":"https:\/\/centre-medical-araucaria.be\/en\/#\/schema\/logo\/image\/"}}]}},"_links":{"self":[{"href":"https:\/\/centre-medical-araucaria.be\/en\/wp-json\/wp\/v2\/pages\/4511","targetHints":{"allow":["GET"]}}],"collection":[{"href":"https:\/\/centre-medical-araucaria.be\/en\/wp-json\/wp\/v2\/pages"}],"about":[{"href":"https:\/\/centre-medical-araucaria.be\/en\/wp-json\/wp\/v2\/types\/page"}],"author":[{"embeddable":true,"href":"https:\/\/centre-medical-araucaria.be\/en\/wp-json\/wp\/v2\/users\/1"}],"replies":[{"embeddable":true,"href":"https:\/\/centre-medical-araucaria.be\/en\/wp-json\/wp\/v2\/comments?post=4511"}],"version-history":[{"count":3,"href":"https:\/\/centre-medical-araucaria.be\/en\/wp-json\/wp\/v2\/pages\/4511\/revisions"}],"predecessor-version":[{"id":4515,"href":"https:\/\/centre-medical-araucaria.be\/en\/wp-json\/wp\/v2\/pages\/4511\/revisions\/4515"}],"wp:attachment":[{"href":"https:\/\/centre-medical-araucaria.be\/en\/wp-json\/wp\/v2\/media?parent=4511"}],"curies":[{"name":"wp","href":"https:\/\/api.w.org\/{rel}","templated":true}]}}