{"id":4472,"date":"2022-02-19T22:22:42","date_gmt":"2022-02-19T21:22:42","guid":{"rendered":"https:\/teeth-whitening\/"},"modified":"2022-07-05T02:41:24","modified_gmt":"2022-07-05T00:41:24","slug":"teeth-whitening","status":"publish","type":"page","link":"https:\/\/centre-medical-araucaria.be\/en\/teeth-whitening\/","title":{"rendered":"Teeth whitening"},"content":{"rendered":"<div class=\"wpb-content-wrapper\"><p>[vc_row full_width=&#8221;stretch_row&#8221; css_animation=&#8221;fadeIn&#8221; css=&#8221;.vc_custom_1646069356086{margin-bottom: 75px !important;background-image: url(https:\/\/centre-medical-araucaria.be\/wp-content\/uploads\/2022\/02\/blanchiment-dentaire.jpg?id=3176) !important;background-position: center !important;background-repeat: no-repeat !important;background-size: cover !important;}&#8221;][vc_column][vc_column_text css=&#8221;.vc_custom_1646069334909{padding-top: 100px !important;padding-bottom: 100px !important;}&#8221;]<\/p>\n<h1 style=\"text-align: center;\"><span style=\"font-size: 150%; color: #15354d;\">Teeth whitening<\/span><\/h1>\n<p>[\/vc_column_text][\/vc_column][\/vc_row][vc_row css=&#8221;.vc_custom_1646069374070{margin-bottom: 50px !important;}&#8221;][vc_column width=&#8221;1\/6&#8243;][\/vc_column][vc_column width=&#8221;2\/3&#8243;][vc_column_text]When our smile complicates us to the point of hiding, of avoiding being in relation to others, this can then have a strong impact on our well-being and therefore our health. Teeth whitening is a simple technique that lightens teeth through the application of a gel based on hydrogen peroxide, more commonly known as hydrogen peroxide (or carbamide peroxide, which breaks down into hydrogen peroxide). hydrogen). In order to keep the gel on the tooth for several hours at a time, it is applied using what is called a removable &#8220;tray&#8221; to be placed on the teeth.[\/vc_column_text][\/vc_column][vc_column width=&#8221;1\/6&#8243;][\/vc_column][\/vc_row][vc_row full_width=&#8221;stretch_row_content_no_spaces&#8221; css=&#8221;.vc_custom_1645782957724{margin-bottom: -50px !important;}&#8221;][vc_column][vc_gmaps link=&#8221;#E-8_JTNDaWZyYW1lJTIwc3JjJTNEJTIyaHR0cHMlM0ElMkYlMkZ3d3cuZ29vZ2xlLmNvbSUyRm1hcHMlMkZlbWJlZCUzRnBiJTNEJTIxMW0xOCUyMTFtMTIlMjExbTMlMjExZDI1MTYuNDg4ODc2OTM0ODQ3NyUyMTJkNC4zNjEyNzExMTU2MzMxNzclMjEzZDUwLjg5NjE2OTY3OTUzOTM4JTIxMm0zJTIxMWYwJTIxMmYwJTIxM2YwJTIxM20yJTIxMWkxMDI0JTIxMmk3NjglMjE0ZjEzLjElMjEzbTMlMjExbTIlMjExczB4NDdjM2MyNTY1YmMxN2NiYiUyNTNBMHgyNGQwYjQwNjc0ODk4MmQlMjEyc0F2LiUyNTIwZGUlMjUyMGwlMjdBcmF1Y2FyaWElMjUyMDc5JTI1MkMlMjUyMDEwMjAlMjUyMEJydXhlbGxlcyUyNTJDJTI1MjBCZWxnaXVtJTIxNWUwJTIxM20yJTIxMXNlbiUyMTJzbWElMjE0djE2NDUxNzgxMzIzNDYlMjE1bTIlMjExc2VuJTIxMnNtYSUyMiUyMHdpZHRoJTNEJTIyNjAwJTIyJTIwaGVpZ2h0JTNEJTIyNDUwJTIyJTIwc3R5bGUlM0QlMjJib3JkZXIlM0EwJTNCJTIyJTIwYWxsb3dmdWxsc2NyZWVuJTNEJTIyJTIyJTIwbG9hZGluZyUzRCUyMmxhenklMjIlM0UlM0MlMkZpZnJhbWUlM0U=&#8221;][\/vc_column][\/vc_row]<\/p>\n<\/div>","protected":false},"excerpt":{"rendered":"<p>[vc_row full_width=&#8221;stretch_row&#8221; css_animation=&#8221;fadeIn&#8221; css=&#8221;.vc_custom_1646069356086{margin-bottom: 75px !important;background-image: url(https:\/\/centre-medical-araucaria.be\/wp-content\/uploads\/2022\/02\/blanchiment-dentaire.jpg?id=3176) !important;background-position: center !important;background-repeat: no-repeat !important;background-size: cover !important;}&#8221;][vc_column][vc_column_text css=&#8221;.vc_custom_1646069334909{padding-top: 100px !important;padding-bottom: 100px !important;}&#8221;] Teeth whitening [\/vc_column_text][\/vc_column][\/vc_row][vc_row css=&#8221;.vc_custom_1646069374070{margin-bottom: 50px !important;}&#8221;][vc_column width=&#8221;1\/6&#8243;][\/vc_column][vc_column width=&#8221;2\/3&#8243;][vc_column_text]When our smile complicates us to the point of hiding, of avoiding being in relation to others, this can then have a strong impact on our well-being and therefore [&hellip;]<\/p>\n","protected":false},"author":1,"featured_media":0,"parent":0,"menu_order":0,"comment_status":"closed","ping_status":"closed","template":"","meta":{"footnotes":""},"class_list":["post-4472","page","type-page","status-publish","hentry"],"yoast_head":"<!-- This site is optimized with the Yoast SEO plugin v27.3 - https:\/\/yoast.com\/product\/yoast-seo-wordpress\/ -->\n<title>Teeth whitening - Center M\u00e9dical Araucaria<\/title>\n<meta name=\"robots\" content=\"index, follow, max-snippet:-1, max-image-preview:large, max-video-preview:-1\" \/>\n<link rel=\"canonical\" href=\"https:\/\/centre-medical-araucaria.be\/en\/teeth-whitening\/\" \/>\n<meta property=\"og:locale\" content=\"en_US\" \/>\n<meta property=\"og:type\" content=\"article\" \/>\n<meta property=\"og:title\" content=\"Teeth whitening - Center M\u00e9dical Araucaria\" \/>\n<meta property=\"og:description\" content=\"[vc_row full_width=&#8221;stretch_row&#8221; css_animation=&#8221;fadeIn&#8221; css=&#8221;.vc_custom_1646069356086{margin-bottom: 75px !important;background-image: url(https:\/\/centre-medical-araucaria.be\/wp-content\/uploads\/2022\/02\/blanchiment-dentaire.jpg?id=3176) !important;background-position: center !important;background-repeat: no-repeat !important;background-size: cover !important;}&#8221;][vc_column][vc_column_text css=&#8221;.vc_custom_1646069334909{padding-top: 100px !important;padding-bottom: 100px !important;}&#8221;] Teeth whitening [\/vc_column_text][\/vc_column][\/vc_row][vc_row css=&#8221;.vc_custom_1646069374070{margin-bottom: 50px !important;}&#8221;][vc_column width=&#8221;1\/6&#8243;][\/vc_column][vc_column width=&#8221;2\/3&#8243;][vc_column_text]When our smile complicates us to the point of hiding, of avoiding being in relation to others, this can then have a strong impact on our well-being and therefore [&hellip;]\" \/>\n<meta property=\"og:url\" content=\"https:\/\/centre-medical-araucaria.be\/en\/teeth-whitening\/\" \/>\n<meta property=\"og:site_name\" content=\"Center M\u00e9dical Araucaria\" \/>\n<meta property=\"article:modified_time\" content=\"2022-07-05T00:41:24+00:00\" \/>\n<meta name=\"twitter:card\" content=\"summary_large_image\" \/>\n<meta name=\"twitter:label1\" content=\"Est. reading time\" \/>\n\t<meta name=\"twitter:data1\" content=\"1 minute\" \/>\n<script type=\"application\/ld+json\" class=\"yoast-schema-graph\">{\"@context\":\"https:\\\/\\\/schema.org\",\"@graph\":[{\"@type\":\"WebPage\",\"@id\":\"https:\\\/\\\/centre-medical-araucaria.be\\\/en\\\/teeth-whitening\\\/\",\"url\":\"https:\\\/\\\/centre-medical-araucaria.be\\\/en\\\/teeth-whitening\\\/\",\"name\":\"Teeth whitening - Center M\u00e9dical Araucaria\",\"isPartOf\":{\"@id\":\"https:\\\/\\\/centre-medical-araucaria.be\\\/en\\\/#website\"},\"datePublished\":\"2022-02-19T21:22:42+00:00\",\"dateModified\":\"2022-07-05T00:41:24+00:00\",\"breadcrumb\":{\"@id\":\"https:\\\/\\\/centre-medical-araucaria.be\\\/en\\\/teeth-whitening\\\/#breadcrumb\"},\"inLanguage\":\"en-US\",\"potentialAction\":[{\"@type\":\"ReadAction\",\"target\":[\"https:\\\/\\\/centre-medical-araucaria.be\\\/en\\\/teeth-whitening\\\/\"]}]},{\"@type\":\"BreadcrumbList\",\"@id\":\"https:\\\/\\\/centre-medical-araucaria.be\\\/en\\\/teeth-whitening\\\/#breadcrumb\",\"itemListElement\":[{\"@type\":\"ListItem\",\"position\":1,\"name\":\"Accueil\",\"item\":\"https:\\\/\\\/centre-medical-araucaria.be\\\/en\\\/\"},{\"@type\":\"ListItem\",\"position\":2,\"name\":\"Teeth whitening\"}]},{\"@type\":\"WebSite\",\"@id\":\"https:\\\/\\\/centre-medical-araucaria.be\\\/en\\\/#website\",\"url\":\"https:\\\/\\\/centre-medical-araucaria.be\\\/en\\\/\",\"name\":\"Center M\u00e9dical Araucaria\",\"description\":\"Le Centre M\u00e9dical Araucaria est une clinique m\u00e9dicale situ\u00e9e \u00e0 Laeken qui r\u00e9unit diff\u00e9rentes sp\u00e9cialit\u00e9s..\",\"publisher\":{\"@id\":\"https:\\\/\\\/centre-medical-araucaria.be\\\/en\\\/#organization\"},\"potentialAction\":[{\"@type\":\"SearchAction\",\"target\":{\"@type\":\"EntryPoint\",\"urlTemplate\":\"https:\\\/\\\/centre-medical-araucaria.be\\\/en\\\/?s={search_term_string}\"},\"query-input\":{\"@type\":\"PropertyValueSpecification\",\"valueRequired\":true,\"valueName\":\"search_term_string\"}}],\"inLanguage\":\"en-US\"},{\"@type\":\"Organization\",\"@id\":\"https:\\\/\\\/centre-medical-araucaria.be\\\/en\\\/#organization\",\"name\":\"Centre m\u00e9dical Araucaria\",\"url\":\"https:\\\/\\\/centre-medical-araucaria.be\\\/en\\\/\",\"logo\":{\"@type\":\"ImageObject\",\"inLanguage\":\"en-US\",\"@id\":\"https:\\\/\\\/centre-medical-araucaria.be\\\/en\\\/#\\\/schema\\\/logo\\\/image\\\/\",\"url\":\"https:\\\/\\\/centre-medical-araucaria.be\\\/wp-content\\\/uploads\\\/2022\\\/02\\\/Centre_Medical_Araucaria_LOGO-web-1.png\",\"contentUrl\":\"https:\\\/\\\/centre-medical-araucaria.be\\\/wp-content\\\/uploads\\\/2022\\\/02\\\/Centre_Medical_Araucaria_LOGO-web-1.png\",\"width\":594,\"height\":200,\"caption\":\"Centre m\u00e9dical Araucaria\"},\"image\":{\"@id\":\"https:\\\/\\\/centre-medical-araucaria.be\\\/en\\\/#\\\/schema\\\/logo\\\/image\\\/\"}}]}<\/script>\n<!-- \/ Yoast SEO plugin. -->","yoast_head_json":{"title":"Teeth whitening - Center M\u00e9dical Araucaria","robots":{"index":"index","follow":"follow","max-snippet":"max-snippet:-1","max-image-preview":"max-image-preview:large","max-video-preview":"max-video-preview:-1"},"canonical":"https:\/\/centre-medical-araucaria.be\/en\/teeth-whitening\/","og_locale":"en_US","og_type":"article","og_title":"Teeth whitening - Center M\u00e9dical Araucaria","og_description":"[vc_row full_width=&#8221;stretch_row&#8221; css_animation=&#8221;fadeIn&#8221; css=&#8221;.vc_custom_1646069356086{margin-bottom: 75px !important;background-image: url(https:\/\/centre-medical-araucaria.be\/wp-content\/uploads\/2022\/02\/blanchiment-dentaire.jpg?id=3176) !important;background-position: center !important;background-repeat: no-repeat !important;background-size: cover !important;}&#8221;][vc_column][vc_column_text css=&#8221;.vc_custom_1646069334909{padding-top: 100px !important;padding-bottom: 100px !important;}&#8221;] Teeth whitening [\/vc_column_text][\/vc_column][\/vc_row][vc_row css=&#8221;.vc_custom_1646069374070{margin-bottom: 50px !important;}&#8221;][vc_column width=&#8221;1\/6&#8243;][\/vc_column][vc_column width=&#8221;2\/3&#8243;][vc_column_text]When our smile complicates us to the point of hiding, of avoiding being in relation to others, this can then have a strong impact on our well-being and therefore [&hellip;]","og_url":"https:\/\/centre-medical-araucaria.be\/en\/teeth-whitening\/","og_site_name":"Center M\u00e9dical Araucaria","article_modified_time":"2022-07-05T00:41:24+00:00","twitter_card":"summary_large_image","twitter_misc":{"Est. reading time":"1 minute"},"schema":{"@context":"https:\/\/schema.org","@graph":[{"@type":"WebPage","@id":"https:\/\/centre-medical-araucaria.be\/en\/teeth-whitening\/","url":"https:\/\/centre-medical-araucaria.be\/en\/teeth-whitening\/","name":"Teeth whitening - Center M\u00e9dical Araucaria","isPartOf":{"@id":"https:\/\/centre-medical-araucaria.be\/en\/#website"},"datePublished":"2022-02-19T21:22:42+00:00","dateModified":"2022-07-05T00:41:24+00:00","breadcrumb":{"@id":"https:\/\/centre-medical-araucaria.be\/en\/teeth-whitening\/#breadcrumb"},"inLanguage":"en-US","potentialAction":[{"@type":"ReadAction","target":["https:\/\/centre-medical-araucaria.be\/en\/teeth-whitening\/"]}]},{"@type":"BreadcrumbList","@id":"https:\/\/centre-medical-araucaria.be\/en\/teeth-whitening\/#breadcrumb","itemListElement":[{"@type":"ListItem","position":1,"name":"Accueil","item":"https:\/\/centre-medical-araucaria.be\/en\/"},{"@type":"ListItem","position":2,"name":"Teeth whitening"}]},{"@type":"WebSite","@id":"https:\/\/centre-medical-araucaria.be\/en\/#website","url":"https:\/\/centre-medical-araucaria.be\/en\/","name":"Center M\u00e9dical Araucaria","description":"Le Centre M\u00e9dical Araucaria est une clinique m\u00e9dicale situ\u00e9e \u00e0 Laeken qui r\u00e9unit diff\u00e9rentes sp\u00e9cialit\u00e9s..","publisher":{"@id":"https:\/\/centre-medical-araucaria.be\/en\/#organization"},"potentialAction":[{"@type":"SearchAction","target":{"@type":"EntryPoint","urlTemplate":"https:\/\/centre-medical-araucaria.be\/en\/?s={search_term_string}"},"query-input":{"@type":"PropertyValueSpecification","valueRequired":true,"valueName":"search_term_string"}}],"inLanguage":"en-US"},{"@type":"Organization","@id":"https:\/\/centre-medical-araucaria.be\/en\/#organization","name":"Centre m\u00e9dical Araucaria","url":"https:\/\/centre-medical-araucaria.be\/en\/","logo":{"@type":"ImageObject","inLanguage":"en-US","@id":"https:\/\/centre-medical-araucaria.be\/en\/#\/schema\/logo\/image\/","url":"https:\/\/centre-medical-araucaria.be\/wp-content\/uploads\/2022\/02\/Centre_Medical_Araucaria_LOGO-web-1.png","contentUrl":"https:\/\/centre-medical-araucaria.be\/wp-content\/uploads\/2022\/02\/Centre_Medical_Araucaria_LOGO-web-1.png","width":594,"height":200,"caption":"Centre m\u00e9dical Araucaria"},"image":{"@id":"https:\/\/centre-medical-araucaria.be\/en\/#\/schema\/logo\/image\/"}}]}},"_links":{"self":[{"href":"https:\/\/centre-medical-araucaria.be\/en\/wp-json\/wp\/v2\/pages\/4472","targetHints":{"allow":["GET"]}}],"collection":[{"href":"https:\/\/centre-medical-araucaria.be\/en\/wp-json\/wp\/v2\/pages"}],"about":[{"href":"https:\/\/centre-medical-araucaria.be\/en\/wp-json\/wp\/v2\/types\/page"}],"author":[{"embeddable":true,"href":"https:\/\/centre-medical-araucaria.be\/en\/wp-json\/wp\/v2\/users\/1"}],"replies":[{"embeddable":true,"href":"https:\/\/centre-medical-araucaria.be\/en\/wp-json\/wp\/v2\/comments?post=4472"}],"version-history":[{"count":3,"href":"https:\/\/centre-medical-araucaria.be\/en\/wp-json\/wp\/v2\/pages\/4472\/revisions"}],"predecessor-version":[{"id":4478,"href":"https:\/\/centre-medical-araucaria.be\/en\/wp-json\/wp\/v2\/pages\/4472\/revisions\/4478"}],"wp:attachment":[{"href":"https:\/\/centre-medical-araucaria.be\/en\/wp-json\/wp\/v2\/media?parent=4472"}],"curies":[{"name":"wp","href":"https:\/\/api.w.org\/{rel}","templated":true}]}}