{"id":4470,"date":"2022-02-19T22:09:44","date_gmt":"2022-02-19T21:09:44","guid":{"rendered":"https:\/orthodontics\/"},"modified":"2022-07-04T13:45:52","modified_gmt":"2022-07-04T11:45:52","slug":"orthodontics","status":"publish","type":"page","link":"https:\/\/centre-medical-araucaria.be\/en\/orthodontics\/","title":{"rendered":"Orthodontics"},"content":{"rendered":"<div class=\"wpb-content-wrapper\"><p>[vc_row full_width=&#8221;stretch_row&#8221; css_animation=&#8221;fadeIn&#8221; css=&#8221;.vc_custom_1646069446147{margin-bottom: 25px !important;background-image: url(https:\/\/centre-medical-araucaria.be\/wp-content\/uploads\/2022\/02\/endodotie.jpg?id=3168) !important;background-position: center !important;background-repeat: no-repeat !important;background-size: cover !important;}&#8221;][vc_column][vc_column_text css=&#8221;.vc_custom_1652275772230{padding-top: 100px !important;padding-bottom: 100px !important;}&#8221;]<\/p>\n<h1 style=\"text-align: center;\"><span style=\"font-size: 150%; color: #b3dbc3;\">Orthodontics<\/span><\/h1>\n<p>[\/vc_column_text][\/vc_column][\/vc_row][vc_row][vc_column][vc_separator][\/vc_column][\/vc_row][vc_row content_placement=&#8221;middle&#8221; css=&#8221;.vc_custom_1654255093947{margin-bottom: 50px !important;}&#8221;][vc_column width=&#8221;1\/6&#8243;][\/vc_column][vc_column width=&#8221;1\/3&#8243;][vc_single_image image=&#8221;3985&#8243; img_size=&#8221;large&#8221; alignment=&#8221;center&#8221; style=&#8221;vc_box_circle_2&#8243; onclick=&#8221;custom_link&#8221; img_link_target=&#8221;_blank&#8221; css=&#8221;.vc_custom_1654254756809{border-top-width: 50px !important;border-right-width: 50px !important;border-bottom-width: 50px !important;border-left-width: 50px !important;}&#8221; link=&#8221;https:%2F%2Fprogenda.be%2Fcalendars%2Fdocteur-dentiste-bruxelles|&#8221;][\/vc_column][vc_column width=&#8221;1\/3&#8243;][vc_column_text]<\/p>\n<h1 class=\"page-title on-shop\" style=\"text-align: center;\">Ahmad<br \/>\nKchaou<\/h1>\n<p>[\/vc_column_text][vc_column_text el_class=&#8221;reservez-button-cont&#8221;]<a class=\"reservez-button\" href=\"https:\/\/progenda.be\/calendars\/docteur-dentiste-bruxelles\" target=\"_blank\" rel=\"noopener\">Make an appointment<\/a>[\/vc_column_text][\/vc_column][vc_column width=&#8221;1\/6&#8243;][\/vc_column][\/vc_row][vc_row css=&#8221;.vc_custom_1646067421858{margin-bottom: 50px !important;}&#8221;][vc_column width=&#8221;1\/6&#8243;][\/vc_column][vc_column width=&#8221;2\/3&#8243;][vc_separator][vc_column_text]Orthodontist in Brussels, Dr KCHAOU Ahmed is also a qualified specialist in facial orthopedics.<\/p>\n<p>He is certified as a qualified specialist in orthodontics and maxillofacial orthopedics.<\/p>\n<p>Member of the Francophone Union of Orthodontists of Belgium (UFOB)<\/p>\n<p>Continuing education in orthodontics at national and international level.<\/p>\n<p>Treatment For adults, adolescents and children. Transparent aligners (invisalign, orthoclear)<\/p>\n<p>Braces with wafer: transparent and metallic<\/p>\n<p>In children: orthopedic and interceptive treatments[\/vc_column_text][vc_separator][\/vc_column][vc_column width=&#8221;1\/6&#8243;][\/vc_column][\/vc_row][vc_row css=&#8221;.vc_custom_1646067421858{margin-bottom: 50px !important;}&#8221;][vc_column width=&#8221;1\/6&#8243;][\/vc_column][vc_column width=&#8221;2\/3&#8243;][vc_column_text]Orthodontics is a dental specialty dedicated to the correction of bad postures of the jaws (dentofacial orthopedics, or DFO) and teeth (orthodontics) in order to optimize the postural balance between the bony structures (phases of physiological rest of the muscles ), occlusion (reflex dental meshing), as well as the development of the bony bases for functional and aesthetic purposes.[\/vc_column_text][\/vc_column][vc_column width=&#8221;1\/6&#8243;][\/vc_column][\/vc_row][vc_row full_width=&#8221;stretch_row_content_no_spaces&#8221; css=&#8221;.vc_custom_1645782957724{margin-bottom: -50px !important;}&#8221;][vc_column][vc_gmaps link=&#8221;#E-8_JTNDaWZyYW1lJTIwc3JjJTNEJTIyaHR0cHMlM0ElMkYlMkZ3d3cuZ29vZ2xlLmNvbSUyRm1hcHMlMkZlbWJlZCUzRnBiJTNEJTIxMW0xOCUyMTFtMTIlMjExbTMlMjExZDI1MTYuNDg4ODc2OTM0ODQ3NyUyMTJkNC4zNjEyNzExMTU2MzMxNzclMjEzZDUwLjg5NjE2OTY3OTUzOTM4JTIxMm0zJTIxMWYwJTIxMmYwJTIxM2YwJTIxM20yJTIxMWkxMDI0JTIxMmk3NjglMjE0ZjEzLjElMjEzbTMlMjExbTIlMjExczB4NDdjM2MyNTY1YmMxN2NiYiUyNTNBMHgyNGQwYjQwNjc0ODk4MmQlMjEyc0F2LiUyNTIwZGUlMjUyMGwlMjdBcmF1Y2FyaWElMjUyMDc5JTI1MkMlMjUyMDEwMjAlMjUyMEJydXhlbGxlcyUyNTJDJTI1MjBCZWxnaXVtJTIxNWUwJTIxM20yJTIxMXNlbiUyMTJzbWElMjE0djE2NDUxNzgxMzIzNDYlMjE1bTIlMjExc2VuJTIxMnNtYSUyMiUyMHdpZHRoJTNEJTIyNjAwJTIyJTIwaGVpZ2h0JTNEJTIyNDUwJTIyJTIwc3R5bGUlM0QlMjJib3JkZXIlM0EwJTNCJTIyJTIwYWxsb3dmdWxsc2NyZWVuJTNEJTIyJTIyJTIwbG9hZGluZyUzRCUyMmxhenklMjIlM0UlM0MlMkZpZnJhbWUlM0U=&#8221;][\/vc_column][\/vc_row]<\/p>\n<\/div>","protected":false},"excerpt":{"rendered":"<p>[vc_row full_width=&#8221;stretch_row&#8221; css_animation=&#8221;fadeIn&#8221; css=&#8221;.vc_custom_1646069446147{margin-bottom: 25px !important;background-image: url(https:\/\/centre-medical-araucaria.be\/wp-content\/uploads\/2022\/02\/endodotie.jpg?id=3168) !important;background-position: center !important;background-repeat: no-repeat !important;background-size: cover !important;}&#8221;][vc_column][vc_column_text css=&#8221;.vc_custom_1652275772230{padding-top: 100px !important;padding-bottom: 100px !important;}&#8221;] Orthodontics [\/vc_column_text][\/vc_column][\/vc_row][vc_row][vc_column][vc_separator][\/vc_column][\/vc_row][vc_row content_placement=&#8221;middle&#8221; css=&#8221;.vc_custom_1654255093947{margin-bottom: 50px !important;}&#8221;][vc_column width=&#8221;1\/6&#8243;][\/vc_column][vc_column width=&#8221;1\/3&#8243;][vc_single_image image=&#8221;3985&#8243; img_size=&#8221;large&#8221; alignment=&#8221;center&#8221; style=&#8221;vc_box_circle_2&#8243; onclick=&#8221;custom_link&#8221; img_link_target=&#8221;_blank&#8221; css=&#8221;.vc_custom_1654254756809{border-top-width: 50px !important;border-right-width: 50px !important;border-bottom-width: 50px !important;border-left-width: 50px !important;}&#8221; link=&#8221;https:%2F%2Fprogenda.be%2Fcalendars%2Fdocteur-dentiste-bruxelles|&#8221;][\/vc_column][vc_column width=&#8221;1\/3&#8243;][vc_column_text] Ahmad Kchaou [\/vc_column_text][vc_column_text el_class=&#8221;reservez-button-cont&#8221;]Make an appointment[\/vc_column_text][\/vc_column][vc_column width=&#8221;1\/6&#8243;][\/vc_column][\/vc_row][vc_row css=&#8221;.vc_custom_1646067421858{margin-bottom: 50px !important;}&#8221;][vc_column width=&#8221;1\/6&#8243;][\/vc_column][vc_column [&hellip;]<\/p>\n","protected":false},"author":1,"featured_media":0,"parent":0,"menu_order":0,"comment_status":"closed","ping_status":"closed","template":"","meta":{"footnotes":""},"class_list":["post-4470","page","type-page","status-publish","hentry"],"yoast_head":"<!-- This site is optimized with the Yoast SEO plugin v27.3 - https:\/\/yoast.com\/product\/yoast-seo-wordpress\/ -->\n<title>Orthodontics - Center M\u00e9dical Araucaria<\/title>\n<meta name=\"robots\" content=\"index, follow, max-snippet:-1, max-image-preview:large, max-video-preview:-1\" \/>\n<link rel=\"canonical\" href=\"https:\/\/centre-medical-araucaria.be\/en\/orthodontics\/\" \/>\n<meta property=\"og:locale\" content=\"en_US\" \/>\n<meta property=\"og:type\" content=\"article\" \/>\n<meta property=\"og:title\" content=\"Orthodontics - Center M\u00e9dical Araucaria\" \/>\n<meta property=\"og:description\" content=\"[vc_row full_width=&#8221;stretch_row&#8221; css_animation=&#8221;fadeIn&#8221; css=&#8221;.vc_custom_1646069446147{margin-bottom: 25px !important;background-image: url(https:\/\/centre-medical-araucaria.be\/wp-content\/uploads\/2022\/02\/endodotie.jpg?id=3168) !important;background-position: center !important;background-repeat: no-repeat !important;background-size: cover !important;}&#8221;][vc_column][vc_column_text css=&#8221;.vc_custom_1652275772230{padding-top: 100px !important;padding-bottom: 100px !important;}&#8221;] Orthodontics [\/vc_column_text][\/vc_column][\/vc_row][vc_row][vc_column][vc_separator][\/vc_column][\/vc_row][vc_row content_placement=&#8221;middle&#8221; css=&#8221;.vc_custom_1654255093947{margin-bottom: 50px !important;}&#8221;][vc_column width=&#8221;1\/6&#8243;][\/vc_column][vc_column width=&#8221;1\/3&#8243;][vc_single_image image=&#8221;3985&#8243; img_size=&#8221;large&#8221; alignment=&#8221;center&#8221; style=&#8221;vc_box_circle_2&#8243; onclick=&#8221;custom_link&#8221; img_link_target=&#8221;_blank&#8221; css=&#8221;.vc_custom_1654254756809{border-top-width: 50px !important;border-right-width: 50px !important;border-bottom-width: 50px !important;border-left-width: 50px !important;}&#8221; link=&#8221;https:%2F%2Fprogenda.be%2Fcalendars%2Fdocteur-dentiste-bruxelles|&#8221;][\/vc_column][vc_column width=&#8221;1\/3&#8243;][vc_column_text] Ahmad Kchaou [\/vc_column_text][vc_column_text el_class=&#8221;reservez-button-cont&#8221;]Make an appointment[\/vc_column_text][\/vc_column][vc_column width=&#8221;1\/6&#8243;][\/vc_column][\/vc_row][vc_row css=&#8221;.vc_custom_1646067421858{margin-bottom: 50px !important;}&#8221;][vc_column width=&#8221;1\/6&#8243;][\/vc_column][vc_column [&hellip;]\" \/>\n<meta property=\"og:url\" content=\"https:\/\/centre-medical-araucaria.be\/en\/orthodontics\/\" \/>\n<meta property=\"og:site_name\" content=\"Center M\u00e9dical Araucaria\" \/>\n<meta property=\"article:modified_time\" content=\"2022-07-04T11:45:52+00:00\" \/>\n<meta name=\"twitter:card\" content=\"summary_large_image\" \/>\n<meta name=\"twitter:label1\" content=\"Est. reading time\" \/>\n\t<meta name=\"twitter:data1\" content=\"2 minutes\" \/>\n<script type=\"application\/ld+json\" class=\"yoast-schema-graph\">{\"@context\":\"https:\\\/\\\/schema.org\",\"@graph\":[{\"@type\":\"WebPage\",\"@id\":\"https:\\\/\\\/centre-medical-araucaria.be\\\/en\\\/orthodontics\\\/\",\"url\":\"https:\\\/\\\/centre-medical-araucaria.be\\\/en\\\/orthodontics\\\/\",\"name\":\"Orthodontics - Center M\u00e9dical Araucaria\",\"isPartOf\":{\"@id\":\"https:\\\/\\\/centre-medical-araucaria.be\\\/en\\\/#website\"},\"datePublished\":\"2022-02-19T21:09:44+00:00\",\"dateModified\":\"2022-07-04T11:45:52+00:00\",\"breadcrumb\":{\"@id\":\"https:\\\/\\\/centre-medical-araucaria.be\\\/en\\\/orthodontics\\\/#breadcrumb\"},\"inLanguage\":\"en-US\",\"potentialAction\":[{\"@type\":\"ReadAction\",\"target\":[\"https:\\\/\\\/centre-medical-araucaria.be\\\/en\\\/orthodontics\\\/\"]}]},{\"@type\":\"BreadcrumbList\",\"@id\":\"https:\\\/\\\/centre-medical-araucaria.be\\\/en\\\/orthodontics\\\/#breadcrumb\",\"itemListElement\":[{\"@type\":\"ListItem\",\"position\":1,\"name\":\"Accueil\",\"item\":\"https:\\\/\\\/centre-medical-araucaria.be\\\/en\\\/\"},{\"@type\":\"ListItem\",\"position\":2,\"name\":\"Orthodontics\"}]},{\"@type\":\"WebSite\",\"@id\":\"https:\\\/\\\/centre-medical-araucaria.be\\\/en\\\/#website\",\"url\":\"https:\\\/\\\/centre-medical-araucaria.be\\\/en\\\/\",\"name\":\"Center M\u00e9dical Araucaria\",\"description\":\"Le Centre M\u00e9dical Araucaria est une clinique m\u00e9dicale situ\u00e9e \u00e0 Laeken qui r\u00e9unit diff\u00e9rentes sp\u00e9cialit\u00e9s..\",\"publisher\":{\"@id\":\"https:\\\/\\\/centre-medical-araucaria.be\\\/en\\\/#organization\"},\"potentialAction\":[{\"@type\":\"SearchAction\",\"target\":{\"@type\":\"EntryPoint\",\"urlTemplate\":\"https:\\\/\\\/centre-medical-araucaria.be\\\/en\\\/?s={search_term_string}\"},\"query-input\":{\"@type\":\"PropertyValueSpecification\",\"valueRequired\":true,\"valueName\":\"search_term_string\"}}],\"inLanguage\":\"en-US\"},{\"@type\":\"Organization\",\"@id\":\"https:\\\/\\\/centre-medical-araucaria.be\\\/en\\\/#organization\",\"name\":\"Centre m\u00e9dical Araucaria\",\"url\":\"https:\\\/\\\/centre-medical-araucaria.be\\\/en\\\/\",\"logo\":{\"@type\":\"ImageObject\",\"inLanguage\":\"en-US\",\"@id\":\"https:\\\/\\\/centre-medical-araucaria.be\\\/en\\\/#\\\/schema\\\/logo\\\/image\\\/\",\"url\":\"https:\\\/\\\/centre-medical-araucaria.be\\\/wp-content\\\/uploads\\\/2022\\\/02\\\/Centre_Medical_Araucaria_LOGO-web-1.png\",\"contentUrl\":\"https:\\\/\\\/centre-medical-araucaria.be\\\/wp-content\\\/uploads\\\/2022\\\/02\\\/Centre_Medical_Araucaria_LOGO-web-1.png\",\"width\":594,\"height\":200,\"caption\":\"Centre m\u00e9dical Araucaria\"},\"image\":{\"@id\":\"https:\\\/\\\/centre-medical-araucaria.be\\\/en\\\/#\\\/schema\\\/logo\\\/image\\\/\"}}]}<\/script>\n<!-- \/ Yoast SEO plugin. -->","yoast_head_json":{"title":"Orthodontics - Center M\u00e9dical Araucaria","robots":{"index":"index","follow":"follow","max-snippet":"max-snippet:-1","max-image-preview":"max-image-preview:large","max-video-preview":"max-video-preview:-1"},"canonical":"https:\/\/centre-medical-araucaria.be\/en\/orthodontics\/","og_locale":"en_US","og_type":"article","og_title":"Orthodontics - Center M\u00e9dical Araucaria","og_description":"[vc_row full_width=&#8221;stretch_row&#8221; css_animation=&#8221;fadeIn&#8221; css=&#8221;.vc_custom_1646069446147{margin-bottom: 25px !important;background-image: url(https:\/\/centre-medical-araucaria.be\/wp-content\/uploads\/2022\/02\/endodotie.jpg?id=3168) !important;background-position: center !important;background-repeat: no-repeat !important;background-size: cover !important;}&#8221;][vc_column][vc_column_text css=&#8221;.vc_custom_1652275772230{padding-top: 100px !important;padding-bottom: 100px !important;}&#8221;] Orthodontics [\/vc_column_text][\/vc_column][\/vc_row][vc_row][vc_column][vc_separator][\/vc_column][\/vc_row][vc_row content_placement=&#8221;middle&#8221; css=&#8221;.vc_custom_1654255093947{margin-bottom: 50px !important;}&#8221;][vc_column width=&#8221;1\/6&#8243;][\/vc_column][vc_column width=&#8221;1\/3&#8243;][vc_single_image image=&#8221;3985&#8243; img_size=&#8221;large&#8221; alignment=&#8221;center&#8221; style=&#8221;vc_box_circle_2&#8243; onclick=&#8221;custom_link&#8221; img_link_target=&#8221;_blank&#8221; css=&#8221;.vc_custom_1654254756809{border-top-width: 50px !important;border-right-width: 50px !important;border-bottom-width: 50px !important;border-left-width: 50px !important;}&#8221; link=&#8221;https:%2F%2Fprogenda.be%2Fcalendars%2Fdocteur-dentiste-bruxelles|&#8221;][\/vc_column][vc_column width=&#8221;1\/3&#8243;][vc_column_text] Ahmad Kchaou [\/vc_column_text][vc_column_text el_class=&#8221;reservez-button-cont&#8221;]Make an appointment[\/vc_column_text][\/vc_column][vc_column width=&#8221;1\/6&#8243;][\/vc_column][\/vc_row][vc_row css=&#8221;.vc_custom_1646067421858{margin-bottom: 50px !important;}&#8221;][vc_column width=&#8221;1\/6&#8243;][\/vc_column][vc_column [&hellip;]","og_url":"https:\/\/centre-medical-araucaria.be\/en\/orthodontics\/","og_site_name":"Center M\u00e9dical Araucaria","article_modified_time":"2022-07-04T11:45:52+00:00","twitter_card":"summary_large_image","twitter_misc":{"Est. reading time":"2 minutes"},"schema":{"@context":"https:\/\/schema.org","@graph":[{"@type":"WebPage","@id":"https:\/\/centre-medical-araucaria.be\/en\/orthodontics\/","url":"https:\/\/centre-medical-araucaria.be\/en\/orthodontics\/","name":"Orthodontics - Center M\u00e9dical Araucaria","isPartOf":{"@id":"https:\/\/centre-medical-araucaria.be\/en\/#website"},"datePublished":"2022-02-19T21:09:44+00:00","dateModified":"2022-07-04T11:45:52+00:00","breadcrumb":{"@id":"https:\/\/centre-medical-araucaria.be\/en\/orthodontics\/#breadcrumb"},"inLanguage":"en-US","potentialAction":[{"@type":"ReadAction","target":["https:\/\/centre-medical-araucaria.be\/en\/orthodontics\/"]}]},{"@type":"BreadcrumbList","@id":"https:\/\/centre-medical-araucaria.be\/en\/orthodontics\/#breadcrumb","itemListElement":[{"@type":"ListItem","position":1,"name":"Accueil","item":"https:\/\/centre-medical-araucaria.be\/en\/"},{"@type":"ListItem","position":2,"name":"Orthodontics"}]},{"@type":"WebSite","@id":"https:\/\/centre-medical-araucaria.be\/en\/#website","url":"https:\/\/centre-medical-araucaria.be\/en\/","name":"Center M\u00e9dical Araucaria","description":"Le Centre M\u00e9dical Araucaria est une clinique m\u00e9dicale situ\u00e9e \u00e0 Laeken qui r\u00e9unit diff\u00e9rentes sp\u00e9cialit\u00e9s..","publisher":{"@id":"https:\/\/centre-medical-araucaria.be\/en\/#organization"},"potentialAction":[{"@type":"SearchAction","target":{"@type":"EntryPoint","urlTemplate":"https:\/\/centre-medical-araucaria.be\/en\/?s={search_term_string}"},"query-input":{"@type":"PropertyValueSpecification","valueRequired":true,"valueName":"search_term_string"}}],"inLanguage":"en-US"},{"@type":"Organization","@id":"https:\/\/centre-medical-araucaria.be\/en\/#organization","name":"Centre m\u00e9dical Araucaria","url":"https:\/\/centre-medical-araucaria.be\/en\/","logo":{"@type":"ImageObject","inLanguage":"en-US","@id":"https:\/\/centre-medical-araucaria.be\/en\/#\/schema\/logo\/image\/","url":"https:\/\/centre-medical-araucaria.be\/wp-content\/uploads\/2022\/02\/Centre_Medical_Araucaria_LOGO-web-1.png","contentUrl":"https:\/\/centre-medical-araucaria.be\/wp-content\/uploads\/2022\/02\/Centre_Medical_Araucaria_LOGO-web-1.png","width":594,"height":200,"caption":"Centre m\u00e9dical Araucaria"},"image":{"@id":"https:\/\/centre-medical-araucaria.be\/en\/#\/schema\/logo\/image\/"}}]}},"_links":{"self":[{"href":"https:\/\/centre-medical-araucaria.be\/en\/wp-json\/wp\/v2\/pages\/4470","targetHints":{"allow":["GET"]}}],"collection":[{"href":"https:\/\/centre-medical-araucaria.be\/en\/wp-json\/wp\/v2\/pages"}],"about":[{"href":"https:\/\/centre-medical-araucaria.be\/en\/wp-json\/wp\/v2\/types\/page"}],"author":[{"embeddable":true,"href":"https:\/\/centre-medical-araucaria.be\/en\/wp-json\/wp\/v2\/users\/1"}],"replies":[{"embeddable":true,"href":"https:\/\/centre-medical-araucaria.be\/en\/wp-json\/wp\/v2\/comments?post=4470"}],"version-history":[{"count":3,"href":"https:\/\/centre-medical-araucaria.be\/en\/wp-json\/wp\/v2\/pages\/4470\/revisions"}],"predecessor-version":[{"id":4474,"href":"https:\/\/centre-medical-araucaria.be\/en\/wp-json\/wp\/v2\/pages\/4470\/revisions\/4474"}],"wp:attachment":[{"href":"https:\/\/centre-medical-araucaria.be\/en\/wp-json\/wp\/v2\/media?parent=4470"}],"curies":[{"name":"wp","href":"https:\/\/api.w.org\/{rel}","templated":true}]}}