{"id":4309,"date":"2022-02-18T17:16:13","date_gmt":"2022-02-18T16:16:13","guid":{"rendered":"https:\/pier-luigi-cianci\/"},"modified":"2022-06-21T10:52:27","modified_gmt":"2022-06-21T08:52:27","slug":"pier-luigi-cianci","status":"publish","type":"page","link":"https:\/\/centre-medical-araucaria.be\/en\/the-team\/pier-luigi-cianci\/","title":{"rendered":"Pier Luigi Cianci"},"content":{"rendered":"<div class=\"wpb-content-wrapper\"><p>[vc_row][vc_column][vc_row_inner content_placement=&#8221;middle&#8221;][vc_column_inner width=&#8221;1\/2&#8243;][vc_single_image image=&#8221;3078&#8243; img_size=&#8221;large&#8221; alignment=&#8221;center&#8221; style=&#8221;vc_box_circle_2&#8243; onclick=&#8221;custom_link&#8221; img_link_target=&#8221;_blank&#8221; css=&#8221;.vc_custom_1646053096584{border-top-width: 50px !important;border-right-width: 50px !important;border-bottom-width: 50px !important;border-left-width: 50px !important;}&#8221; link=&#8221;https:%2F%2Fprogenda.be%2Fcalendars%2Fcianci-pier-luigi-osteopathe-bruxelles|&#8221;][\/vc_column_inner][vc_column_inner width=&#8221;1\/2&#8243;][vc_column_text]<\/p>\n<p style=\"text-align: center;\">Osteopath<\/p>\n<p>[\/vc_column_text][vc_column_text]<\/p>\n<h1 class=\"page-title on-shop\" style=\"text-align: center;\">Pier Luigi<br \/>\nCianci<\/h1>\n<p>[\/vc_column_text][vc_column_text el_class=&#8221;reservez-button-cont&#8221;]<a class=\"reservez-button\" href=\"https:\/\/progenda.be\/calendars\/cianci-pier-luigi-osteopathe-bruxelles\" target=\"_blank\" rel=\"noopener\">Make an appointment<\/a>[\/vc_column_text][\/vc_column_inner][\/vc_row_inner][vc_separator][vc_column_text]Having studied for 6 years at the ULB, Pier-Luigi Cianci received his title of University Osteopath DO. Here he is among the multidisciplinary team of the Araucaria Medical Center.<br \/>\nThanks to a meticulous approach, these osteopathy sessions are focused on the various neuro-musculoskeletal complaints of the patient (whether axially at the lumbar, cervical or thoracic level, or even peripheral with complaints of the appendicular skeleton). Pier-Luigi Cianci specializes in the care of adults, adolescents and athletes of all levels. He carried out his end-of-study work on the management and biomechanics of the sacroiliac joint and low back pain. [\/vc_column_text][\/vc_column][\/vc_row]<\/p>\n<\/div>","protected":false},"excerpt":{"rendered":"<p>[vc_row][vc_column][vc_row_inner content_placement=&#8221;middle&#8221;][vc_column_inner width=&#8221;1\/2&#8243;][vc_single_image image=&#8221;3078&#8243; img_size=&#8221;large&#8221; alignment=&#8221;center&#8221; style=&#8221;vc_box_circle_2&#8243; onclick=&#8221;custom_link&#8221; img_link_target=&#8221;_blank&#8221; css=&#8221;.vc_custom_1646053096584{border-top-width: 50px !important;border-right-width: 50px !important;border-bottom-width: 50px !important;border-left-width: 50px !important;}&#8221; link=&#8221;https:%2F%2Fprogenda.be%2Fcalendars%2Fcianci-pier-luigi-osteopathe-bruxelles|&#8221;][\/vc_column_inner][vc_column_inner width=&#8221;1\/2&#8243;][vc_column_text] Osteopath [\/vc_column_text][vc_column_text] Pier Luigi Cianci [\/vc_column_text][vc_column_text el_class=&#8221;reservez-button-cont&#8221;]Make an appointment[\/vc_column_text][\/vc_column_inner][\/vc_row_inner][vc_separator][vc_column_text]Having studied for 6 years at the ULB, Pier-Luigi Cianci received his title of University Osteopath DO. Here he is among the multidisciplinary team of the Araucaria [&hellip;]<\/p>\n","protected":false},"author":1,"featured_media":0,"parent":4530,"menu_order":0,"comment_status":"closed","ping_status":"closed","template":"page-boxed.php","meta":{"footnotes":""},"class_list":["post-4309","page","type-page","status-publish","hentry"],"yoast_head":"<!-- This site is optimized with the Yoast SEO plugin v27.3 - https:\/\/yoast.com\/product\/yoast-seo-wordpress\/ -->\n<title>Pier Luigi Cianci - Center M\u00e9dical Araucaria<\/title>\n<meta name=\"robots\" content=\"index, follow, max-snippet:-1, max-image-preview:large, max-video-preview:-1\" \/>\n<link rel=\"canonical\" href=\"https:\/\/centre-medical-araucaria.be\/en\/the-team\/pier-luigi-cianci\/\" \/>\n<meta property=\"og:locale\" content=\"en_US\" \/>\n<meta property=\"og:type\" content=\"article\" \/>\n<meta property=\"og:title\" content=\"Pier Luigi Cianci - Center M\u00e9dical Araucaria\" \/>\n<meta property=\"og:description\" content=\"[vc_row][vc_column][vc_row_inner content_placement=&#8221;middle&#8221;][vc_column_inner width=&#8221;1\/2&#8243;][vc_single_image image=&#8221;3078&#8243; img_size=&#8221;large&#8221; alignment=&#8221;center&#8221; style=&#8221;vc_box_circle_2&#8243; onclick=&#8221;custom_link&#8221; img_link_target=&#8221;_blank&#8221; css=&#8221;.vc_custom_1646053096584{border-top-width: 50px !important;border-right-width: 50px !important;border-bottom-width: 50px !important;border-left-width: 50px !important;}&#8221; link=&#8221;https:%2F%2Fprogenda.be%2Fcalendars%2Fcianci-pier-luigi-osteopathe-bruxelles|&#8221;][\/vc_column_inner][vc_column_inner width=&#8221;1\/2&#8243;][vc_column_text] Osteopath [\/vc_column_text][vc_column_text] Pier Luigi Cianci [\/vc_column_text][vc_column_text el_class=&#8221;reservez-button-cont&#8221;]Make an appointment[\/vc_column_text][\/vc_column_inner][\/vc_row_inner][vc_separator][vc_column_text]Having studied for 6 years at the ULB, Pier-Luigi Cianci received his title of University Osteopath DO. Here he is among the multidisciplinary team of the Araucaria [&hellip;]\" \/>\n<meta property=\"og:url\" content=\"https:\/\/centre-medical-araucaria.be\/en\/the-team\/pier-luigi-cianci\/\" \/>\n<meta property=\"og:site_name\" content=\"Center M\u00e9dical Araucaria\" \/>\n<meta property=\"article:modified_time\" content=\"2022-06-21T08:52:27+00:00\" \/>\n<meta name=\"twitter:card\" content=\"summary_large_image\" \/>\n<meta name=\"twitter:label1\" content=\"Est. reading time\" \/>\n\t<meta name=\"twitter:data1\" content=\"1 minute\" \/>\n<script type=\"application\/ld+json\" class=\"yoast-schema-graph\">{\"@context\":\"https:\\\/\\\/schema.org\",\"@graph\":[{\"@type\":\"WebPage\",\"@id\":\"https:\\\/\\\/centre-medical-araucaria.be\\\/en\\\/the-team\\\/pier-luigi-cianci\\\/\",\"url\":\"https:\\\/\\\/centre-medical-araucaria.be\\\/en\\\/the-team\\\/pier-luigi-cianci\\\/\",\"name\":\"Pier Luigi Cianci - Center M\u00e9dical Araucaria\",\"isPartOf\":{\"@id\":\"https:\\\/\\\/centre-medical-araucaria.be\\\/en\\\/#website\"},\"datePublished\":\"2022-02-18T16:16:13+00:00\",\"dateModified\":\"2022-06-21T08:52:27+00:00\",\"breadcrumb\":{\"@id\":\"https:\\\/\\\/centre-medical-araucaria.be\\\/en\\\/the-team\\\/pier-luigi-cianci\\\/#breadcrumb\"},\"inLanguage\":\"en-US\",\"potentialAction\":[{\"@type\":\"ReadAction\",\"target\":[\"https:\\\/\\\/centre-medical-araucaria.be\\\/en\\\/the-team\\\/pier-luigi-cianci\\\/\"]}]},{\"@type\":\"BreadcrumbList\",\"@id\":\"https:\\\/\\\/centre-medical-araucaria.be\\\/en\\\/the-team\\\/pier-luigi-cianci\\\/#breadcrumb\",\"itemListElement\":[{\"@type\":\"ListItem\",\"position\":1,\"name\":\"Accueil\",\"item\":\"https:\\\/\\\/centre-medical-araucaria.be\\\/en\\\/\"},{\"@type\":\"ListItem\",\"position\":2,\"name\":\"the team\",\"item\":\"https:\\\/\\\/centre-medical-araucaria.be\\\/en\\\/the-team\\\/\"},{\"@type\":\"ListItem\",\"position\":3,\"name\":\"Pier Luigi Cianci\"}]},{\"@type\":\"WebSite\",\"@id\":\"https:\\\/\\\/centre-medical-araucaria.be\\\/en\\\/#website\",\"url\":\"https:\\\/\\\/centre-medical-araucaria.be\\\/en\\\/\",\"name\":\"Center M\u00e9dical Araucaria\",\"description\":\"Le Centre M\u00e9dical Araucaria est une clinique m\u00e9dicale situ\u00e9e \u00e0 Laeken qui r\u00e9unit diff\u00e9rentes sp\u00e9cialit\u00e9s..\",\"publisher\":{\"@id\":\"https:\\\/\\\/centre-medical-araucaria.be\\\/en\\\/#organization\"},\"potentialAction\":[{\"@type\":\"SearchAction\",\"target\":{\"@type\":\"EntryPoint\",\"urlTemplate\":\"https:\\\/\\\/centre-medical-araucaria.be\\\/en\\\/?s={search_term_string}\"},\"query-input\":{\"@type\":\"PropertyValueSpecification\",\"valueRequired\":true,\"valueName\":\"search_term_string\"}}],\"inLanguage\":\"en-US\"},{\"@type\":\"Organization\",\"@id\":\"https:\\\/\\\/centre-medical-araucaria.be\\\/en\\\/#organization\",\"name\":\"Centre m\u00e9dical Araucaria\",\"url\":\"https:\\\/\\\/centre-medical-araucaria.be\\\/en\\\/\",\"logo\":{\"@type\":\"ImageObject\",\"inLanguage\":\"en-US\",\"@id\":\"https:\\\/\\\/centre-medical-araucaria.be\\\/en\\\/#\\\/schema\\\/logo\\\/image\\\/\",\"url\":\"https:\\\/\\\/centre-medical-araucaria.be\\\/wp-content\\\/uploads\\\/2022\\\/02\\\/Centre_Medical_Araucaria_LOGO-web-1.png\",\"contentUrl\":\"https:\\\/\\\/centre-medical-araucaria.be\\\/wp-content\\\/uploads\\\/2022\\\/02\\\/Centre_Medical_Araucaria_LOGO-web-1.png\",\"width\":594,\"height\":200,\"caption\":\"Centre m\u00e9dical Araucaria\"},\"image\":{\"@id\":\"https:\\\/\\\/centre-medical-araucaria.be\\\/en\\\/#\\\/schema\\\/logo\\\/image\\\/\"}}]}<\/script>\n<!-- \/ Yoast SEO plugin. -->","yoast_head_json":{"title":"Pier Luigi Cianci - Center M\u00e9dical Araucaria","robots":{"index":"index","follow":"follow","max-snippet":"max-snippet:-1","max-image-preview":"max-image-preview:large","max-video-preview":"max-video-preview:-1"},"canonical":"https:\/\/centre-medical-araucaria.be\/en\/the-team\/pier-luigi-cianci\/","og_locale":"en_US","og_type":"article","og_title":"Pier Luigi Cianci - Center M\u00e9dical Araucaria","og_description":"[vc_row][vc_column][vc_row_inner content_placement=&#8221;middle&#8221;][vc_column_inner width=&#8221;1\/2&#8243;][vc_single_image image=&#8221;3078&#8243; img_size=&#8221;large&#8221; alignment=&#8221;center&#8221; style=&#8221;vc_box_circle_2&#8243; onclick=&#8221;custom_link&#8221; img_link_target=&#8221;_blank&#8221; css=&#8221;.vc_custom_1646053096584{border-top-width: 50px !important;border-right-width: 50px !important;border-bottom-width: 50px !important;border-left-width: 50px !important;}&#8221; link=&#8221;https:%2F%2Fprogenda.be%2Fcalendars%2Fcianci-pier-luigi-osteopathe-bruxelles|&#8221;][\/vc_column_inner][vc_column_inner width=&#8221;1\/2&#8243;][vc_column_text] Osteopath [\/vc_column_text][vc_column_text] Pier Luigi Cianci [\/vc_column_text][vc_column_text el_class=&#8221;reservez-button-cont&#8221;]Make an appointment[\/vc_column_text][\/vc_column_inner][\/vc_row_inner][vc_separator][vc_column_text]Having studied for 6 years at the ULB, Pier-Luigi Cianci received his title of University Osteopath DO. Here he is among the multidisciplinary team of the Araucaria [&hellip;]","og_url":"https:\/\/centre-medical-araucaria.be\/en\/the-team\/pier-luigi-cianci\/","og_site_name":"Center M\u00e9dical Araucaria","article_modified_time":"2022-06-21T08:52:27+00:00","twitter_card":"summary_large_image","twitter_misc":{"Est. reading time":"1 minute"},"schema":{"@context":"https:\/\/schema.org","@graph":[{"@type":"WebPage","@id":"https:\/\/centre-medical-araucaria.be\/en\/the-team\/pier-luigi-cianci\/","url":"https:\/\/centre-medical-araucaria.be\/en\/the-team\/pier-luigi-cianci\/","name":"Pier Luigi Cianci - Center M\u00e9dical Araucaria","isPartOf":{"@id":"https:\/\/centre-medical-araucaria.be\/en\/#website"},"datePublished":"2022-02-18T16:16:13+00:00","dateModified":"2022-06-21T08:52:27+00:00","breadcrumb":{"@id":"https:\/\/centre-medical-araucaria.be\/en\/the-team\/pier-luigi-cianci\/#breadcrumb"},"inLanguage":"en-US","potentialAction":[{"@type":"ReadAction","target":["https:\/\/centre-medical-araucaria.be\/en\/the-team\/pier-luigi-cianci\/"]}]},{"@type":"BreadcrumbList","@id":"https:\/\/centre-medical-araucaria.be\/en\/the-team\/pier-luigi-cianci\/#breadcrumb","itemListElement":[{"@type":"ListItem","position":1,"name":"Accueil","item":"https:\/\/centre-medical-araucaria.be\/en\/"},{"@type":"ListItem","position":2,"name":"the team","item":"https:\/\/centre-medical-araucaria.be\/en\/the-team\/"},{"@type":"ListItem","position":3,"name":"Pier Luigi Cianci"}]},{"@type":"WebSite","@id":"https:\/\/centre-medical-araucaria.be\/en\/#website","url":"https:\/\/centre-medical-araucaria.be\/en\/","name":"Center M\u00e9dical Araucaria","description":"Le Centre M\u00e9dical Araucaria est une clinique m\u00e9dicale situ\u00e9e \u00e0 Laeken qui r\u00e9unit diff\u00e9rentes sp\u00e9cialit\u00e9s..","publisher":{"@id":"https:\/\/centre-medical-araucaria.be\/en\/#organization"},"potentialAction":[{"@type":"SearchAction","target":{"@type":"EntryPoint","urlTemplate":"https:\/\/centre-medical-araucaria.be\/en\/?s={search_term_string}"},"query-input":{"@type":"PropertyValueSpecification","valueRequired":true,"valueName":"search_term_string"}}],"inLanguage":"en-US"},{"@type":"Organization","@id":"https:\/\/centre-medical-araucaria.be\/en\/#organization","name":"Centre m\u00e9dical Araucaria","url":"https:\/\/centre-medical-araucaria.be\/en\/","logo":{"@type":"ImageObject","inLanguage":"en-US","@id":"https:\/\/centre-medical-araucaria.be\/en\/#\/schema\/logo\/image\/","url":"https:\/\/centre-medical-araucaria.be\/wp-content\/uploads\/2022\/02\/Centre_Medical_Araucaria_LOGO-web-1.png","contentUrl":"https:\/\/centre-medical-araucaria.be\/wp-content\/uploads\/2022\/02\/Centre_Medical_Araucaria_LOGO-web-1.png","width":594,"height":200,"caption":"Centre m\u00e9dical Araucaria"},"image":{"@id":"https:\/\/centre-medical-araucaria.be\/en\/#\/schema\/logo\/image\/"}}]}},"_links":{"self":[{"href":"https:\/\/centre-medical-araucaria.be\/en\/wp-json\/wp\/v2\/pages\/4309","targetHints":{"allow":["GET"]}}],"collection":[{"href":"https:\/\/centre-medical-araucaria.be\/en\/wp-json\/wp\/v2\/pages"}],"about":[{"href":"https:\/\/centre-medical-araucaria.be\/en\/wp-json\/wp\/v2\/types\/page"}],"author":[{"embeddable":true,"href":"https:\/\/centre-medical-araucaria.be\/en\/wp-json\/wp\/v2\/users\/1"}],"replies":[{"embeddable":true,"href":"https:\/\/centre-medical-araucaria.be\/en\/wp-json\/wp\/v2\/comments?post=4309"}],"version-history":[{"count":3,"href":"https:\/\/centre-medical-araucaria.be\/en\/wp-json\/wp\/v2\/pages\/4309\/revisions"}],"predecessor-version":[{"id":4315,"href":"https:\/\/centre-medical-araucaria.be\/en\/wp-json\/wp\/v2\/pages\/4309\/revisions\/4315"}],"up":[{"embeddable":true,"href":"https:\/\/centre-medical-araucaria.be\/en\/wp-json\/wp\/v2\/pages\/4530"}],"wp:attachment":[{"href":"https:\/\/centre-medical-araucaria.be\/en\/wp-json\/wp\/v2\/media?parent=4309"}],"curies":[{"name":"wp","href":"https:\/\/api.w.org\/{rel}","templated":true}]}}